{"id":836,"date":"2025-05-16T13:21:58","date_gmt":"2025-05-16T13:21:58","guid":{"rendered":"https:\/\/3dcgistudio.com\/?page_id=836"},"modified":"2025-05-22T11:54:55","modified_gmt":"2025-05-22T11:54:55","slug":"faq-2","status":"publish","type":"page","link":"https:\/\/3dcgistudio.com\/es\/faq-2\/","title":{"rendered":"Nuestro proceso"},"content":{"rendered":"<div data-elementor-type=\"wp-page\" data-elementor-id=\"836\" class=\"elementor elementor-836\" data-elementor-post-type=\"page\">\n\t\t\t\t<div class=\"elementor-element elementor-element-7bb033 e-flex e-con-boxed e-con e-parent\" data-id=\"7bb033\" data-element_type=\"container\" data-e-type=\"container\" data-settings=\"{&quot;background_background&quot;:&quot;classic&quot;}\">\n\t\t\t\t\t<div class=\"e-con-inner\">\n\t\t<div class=\"elementor-element elementor-element-5340ca2f e-con-full e-flex e-con e-child\" data-id=\"5340ca2f\" data-element_type=\"container\" data-e-type=\"container\">\n\t\t\t\t<div class=\"elementor-element elementor-element-3f53d2d1 elementor-widget elementor-widget-heading\" data-id=\"3f53d2d1\" data-element_type=\"widget\" data-e-type=\"widget\" data-widget_type=\"heading.default\">\n\t\t\t\t<div class=\"elementor-widget-container\">\n\t\t\t\t\t<h1 class=\"elementor-heading-title elementor-size-default\">Nuestro proceso<\/h1>\t\t\t\t<\/div>\n\t\t\t\t<\/div>\n\t\t\t\t<\/div>\n\t\t\t\t\t<\/div>\n\t\t\t\t<\/div>\n\t\t<div class=\"elementor-element elementor-element-52d57c1a e-flex e-con-boxed e-con e-parent\" data-id=\"52d57c1a\" data-element_type=\"container\" data-e-type=\"container\" data-settings=\"{&quot;background_background&quot;:&quot;classic&quot;}\">\n\t\t\t\t\t<div class=\"e-con-inner\">\n\t\t\t\t<div class=\"elementor-element elementor-element-45c422a3 elementor-widget elementor-widget-heading\" data-id=\"45c422a3\" data-element_type=\"widget\" data-e-type=\"widget\" data-widget_type=\"heading.default\">\n\t\t\t\t<div class=\"elementor-widget-container\">\n\t\t\t\t\t<h6 class=\"elementor-heading-title elementor-size-default\">Nuestro proceso: c\u00f3mo hacemos realidad su visi\u00f3n<\/h6>\t\t\t\t<\/div>\n\t\t\t\t<\/div>\n\t\t\t\t<div class=\"elementor-element elementor-element-59ceaa11 elementor-widget elementor-widget-heading\" data-id=\"59ceaa11\" data-element_type=\"widget\" data-e-type=\"widget\" data-widget_type=\"heading.default\">\n\t\t\t\t<div class=\"elementor-widget-container\">\n\t\t\t\t\t<h3 class=\"elementor-heading-title elementor-size-default\">En 3D CGI Studio seguimos un proceso \u00e1gil y colaborativo para ofrecer animaciones y efectos visuales 3D asombrosos y de alta calidad. \n<br><br>\nDesde el concepto hasta el renderizado final, nos aseguramos de que cada detalle se ajuste a su visi\u00f3n y a los objetivos de su proyecto. \n<br><br>\nYa se trate del lanzamiento de un producto, la presentaci\u00f3n de un inmueble o la creaci\u00f3n de im\u00e1genes cinematogr\u00e1ficas, nuestro proceso est\u00e1 dise\u00f1ado para ser transparente, eficaz y creativo en cada paso del camino.<\/h3>\t\t\t\t<\/div>\n\t\t\t\t<\/div>\n\t\t<div class=\"elementor-element elementor-element-aa7b45e e-grid e-con-boxed e-con e-child\" data-id=\"aa7b45e\" data-element_type=\"container\" data-e-type=\"container\" data-settings=\"{&quot;background_background&quot;:&quot;classic&quot;}\">\n\t\t\t\t\t<div class=\"e-con-inner\">\n\t\t\t\t<div class=\"elementor-element elementor-element-d0d3809 elementor-widget elementor-widget-text-editor\" data-id=\"d0d3809\" data-element_type=\"widget\" data-e-type=\"widget\" data-widget_type=\"text-editor.default\">\n\t\t\t\t<div class=\"elementor-widget-container\">\n\t\t\t\t\t\t\t\t\t<h3>1. Descubrimiento e informaci\u00f3n<\/h3>\t\t\t\t\t\t\t\t<\/div>\n\t\t\t\t<\/div>\n\t\t\t\t<div class=\"elementor-element elementor-element-3fe1571 elementor-widget elementor-widget-text-editor\" data-id=\"3fe1571\" data-element_type=\"widget\" data-e-type=\"widget\" data-widget_type=\"text-editor.default\">\n\t\t\t\t<div class=\"elementor-widget-container\">\n\t\t\t\t\t\t\t\t\t<p>Comenzamos con una sesi\u00f3n de descubrimiento en colaboraci\u00f3n para ayudarnos a comprender su visi\u00f3n, su p\u00fablico objetivo y los objetivos del proyecto.<\/p><p>Ya se trate del lanzamiento de un nuevo producto, de la presentaci\u00f3n de una promoci\u00f3n inmobiliaria o de la visualizaci\u00f3n de un prototipo de autom\u00f3vil, definimos la direcci\u00f3n creativa, las entregas clave y los plazos para ajustarnos a sus necesidades desde el principio.<\/p>\t\t\t\t\t\t\t\t<\/div>\n\t\t\t\t<\/div>\n\t\t\t\t<div class=\"elementor-element elementor-element-263c982 elementor-widget elementor-widget-text-editor\" data-id=\"263c982\" data-element_type=\"widget\" data-e-type=\"widget\" data-widget_type=\"text-editor.default\">\n\t\t\t\t<div class=\"elementor-widget-container\">\n\t\t\t\t\t\t\t\t\t<h3>2. Colecci\u00f3n de referencia y planificaci\u00f3n conceptual<\/h3>\t\t\t\t\t\t\t\t<\/div>\n\t\t\t\t<\/div>\n\t\t\t\t<div class=\"elementor-element elementor-element-53c9041 elementor-widget elementor-widget-text-editor\" data-id=\"53c9041\" data-element_type=\"widget\" data-e-type=\"widget\" data-widget_type=\"text-editor.default\">\n\t\t\t\t<div class=\"elementor-widget-container\">\n\t\t\t\t\t\t\t\t\t<p>Una vez que la visi\u00f3n est\u00e1 clara, reunimos todos los activos necesarios, archivos CAD, bocetos, paneles de ideas, referencias de estilo y datos t\u00e9cnicos.<\/p><p>Esta fase nos permite planificar la narrativa visual, los \u00e1ngulos de c\u00e1mara y la composici\u00f3n de las escenas para garantizar la coherencia y el impacto en todo el proyecto.<\/p>\t\t\t\t\t\t\t\t<\/div>\n\t\t\t\t<\/div>\n\t\t\t\t<div class=\"elementor-element elementor-element-0c77eab elementor-widget elementor-widget-text-editor\" data-id=\"0c77eab\" data-element_type=\"widget\" data-e-type=\"widget\" data-widget_type=\"text-editor.default\">\n\t\t\t\t<div class=\"elementor-widget-container\">\n\t\t\t\t\t\t\t\t\t<h3>3. Modelado 3D<\/h3>\t\t\t\t\t\t\t\t<\/div>\n\t\t\t\t<\/div>\n\t\t\t\t<div class=\"elementor-element elementor-element-ae42bf9 elementor-widget elementor-widget-text-editor\" data-id=\"ae42bf9\" data-element_type=\"widget\" data-e-type=\"widget\" data-widget_type=\"text-editor.default\">\n\t\t\t\t<div class=\"elementor-widget-container\">\n\t\t\t\t\t\t\t\t\t<p>Nuestro equipo da vida a su concepto creando modelos 3D detallados desde cero o perfeccionando los activos existentes.<\/p><p>Desde los peque\u00f1os componentes de los productos hasta cada elemento, arquitectura y veh\u00edculo se modelan con precisi\u00f3n, exactitud y atenci\u00f3n a la escala y la forma.<\/p>\t\t\t\t\t\t\t\t<\/div>\n\t\t\t\t<\/div>\n\t\t\t\t<div class=\"elementor-element elementor-element-8cde7dd elementor-widget elementor-widget-text-editor\" data-id=\"8cde7dd\" data-element_type=\"widget\" data-e-type=\"widget\" data-widget_type=\"text-editor.default\">\n\t\t\t\t<div class=\"elementor-widget-container\">\n\t\t\t\t\t\t\t\t\t<h3>4. Desarrollo de la mirada<\/h3>\t\t\t\t\t\t\t\t<\/div>\n\t\t\t\t<\/div>\n\t\t\t\t<div class=\"elementor-element elementor-element-a5e6c83 elementor-widget elementor-widget-text-editor\" data-id=\"a5e6c83\" data-element_type=\"widget\" data-e-type=\"widget\" data-widget_type=\"text-editor.default\">\n\t\t\t\t<div class=\"elementor-widget-container\">\n\t\t\t\t\t\t\t\t\t<p>Aqu\u00ed es donde la escena empieza a tomar forma.<\/p><p>Aplicamos materiales realistas, definimos las configuraciones de iluminaci\u00f3n y construimos el entorno para dar a su proyecto un aspecto y un ambiente inconfundibles.<\/p><p>Los colores, las texturas y los reflejos se ajustan a la intenci\u00f3n de su marca o dise\u00f1o.<\/p>\t\t\t\t\t\t\t\t<\/div>\n\t\t\t\t<\/div>\n\t\t\t\t<div class=\"elementor-element elementor-element-b06f980 elementor-widget elementor-widget-text-editor\" data-id=\"b06f980\" data-element_type=\"widget\" data-e-type=\"widget\" data-widget_type=\"text-editor.default\">\n\t\t\t\t<div class=\"elementor-widget-container\">\n\t\t\t\t\t\t\t\t\t<h3>5. Renderizado y animaci\u00f3n<\/h3>\t\t\t\t\t\t\t\t<\/div>\n\t\t\t\t<\/div>\n\t\t\t\t<div class=\"elementor-element elementor-element-52781a9 elementor-widget elementor-widget-text-editor\" data-id=\"52781a9\" data-element_type=\"widget\" data-e-type=\"widget\" data-widget_type=\"text-editor.default\">\n\t\t\t\t<div class=\"elementor-widget-container\">\n\t\t\t\t\t\t\t\t\t<p>Renderizamos im\u00e1genes fijas o animaciones de alta resoluci\u00f3n utilizando la tecnolog\u00eda m\u00e1s avanzada, creando efectos visuales cinematogr\u00e1ficos, n\u00edtidos y emocionalmente atractivos.<\/p><p>Tanto si necesita im\u00e1genes de marketing est\u00e1ticas como recorridos animados o giros din\u00e1micos de productos, le garantizamos un resultado perfecto en cada fotograma.<\/p>\t\t\t\t\t\t\t\t<\/div>\n\t\t\t\t<\/div>\n\t\t\t\t<div class=\"elementor-element elementor-element-378ca67 elementor-widget elementor-widget-text-editor\" data-id=\"378ca67\" data-element_type=\"widget\" data-e-type=\"widget\" data-widget_type=\"text-editor.default\">\n\t\t\t\t<div class=\"elementor-widget-container\">\n\t\t\t\t\t\t\t\t\t<h3>6. Revisi\u00f3n y comentarios<\/h3>\t\t\t\t\t\t\t\t<\/div>\n\t\t\t\t<\/div>\n\t\t\t\t<div class=\"elementor-element elementor-element-6ae3887 elementor-widget elementor-widget-text-editor\" data-id=\"6ae3887\" data-element_type=\"widget\" data-e-type=\"widget\" data-widget_type=\"text-editor.default\">\n\t\t\t\t<div class=\"elementor-widget-container\">\n\t\t\t\t\t\t\t\t\t<p>Recibir\u00e1 borradores visuales para su revisi\u00f3n, durante la cual agradeceremos sus comentarios y aplicaremos las mejoras necesarias.<\/p><p>Este bucle de colaboraci\u00f3n garantiza que el producto final refleje exactamente lo que usted imagin\u00f3.<\/p>\t\t\t\t\t\t\t\t<\/div>\n\t\t\t\t<\/div>\n\t\t\t\t<div class=\"elementor-element elementor-element-999d00a elementor-widget elementor-widget-text-editor\" data-id=\"999d00a\" data-element_type=\"widget\" data-e-type=\"widget\" data-widget_type=\"text-editor.default\">\n\t\t\t\t<div class=\"elementor-widget-container\">\n\t\t\t\t\t\t\t\t\t<h3>7. Entrega<\/h3>\t\t\t\t\t\t\t\t<\/div>\n\t\t\t\t<\/div>\n\t\t\t\t<div class=\"elementor-element elementor-element-dd550b8 elementor-widget elementor-widget-text-editor\" data-id=\"dd550b8\" data-element_type=\"widget\" data-e-type=\"widget\" data-widget_type=\"text-editor.default\">\n\t\t\t\t<div class=\"elementor-widget-container\">\n\t\t\t\t\t\t\t\t\t<p>Una vez aprobados, sus activos finales se entregan en los formatos requeridos, optimizados para web, impresi\u00f3n, presentaciones, v\u00eddeo o RV.<\/p><p>Espere una entrega puntual y sin problemas, con todo empaquetado de forma profesional y listo para su lanzamiento.<\/p>\t\t\t\t\t\t\t\t<\/div>\n\t\t\t\t<\/div>\n\t\t\t\t\t<\/div>\n\t\t\t\t<\/div>\n\t\t\t\t\t<\/div>\n\t\t\t\t<\/div>\n\t\t<div class=\"elementor-element elementor-element-68055522 e-con-full e-flex e-con e-parent\" data-id=\"68055522\" data-element_type=\"container\" data-e-type=\"container\" data-settings=\"{&quot;background_background&quot;:&quot;classic&quot;}\">\n\t\t<div class=\"elementor-element elementor-element-22167117 e-con-full e-flex e-con e-child\" data-id=\"22167117\" data-element_type=\"container\" data-e-type=\"container\">\n\t\t\t\t<div class=\"elementor-element elementor-element-785871f1 animated-slow elementor-invisible elementor-widget elementor-widget-heading\" data-id=\"785871f1\" data-element_type=\"widget\" data-e-type=\"widget\" data-settings=\"{&quot;_animation&quot;:&quot;slideInUp&quot;}\" data-widget_type=\"heading.default\">\n\t\t\t\t<div class=\"elementor-widget-container\">\n\t\t\t\t\t<h2 class=\"elementor-heading-title elementor-size-default\">Empiece con un presupuesto gratuito.<\/h2>\t\t\t\t<\/div>\n\t\t\t\t<\/div>\n\t\t\t\t<div class=\"elementor-element elementor-element-4370d989 animated-slow elementor-invisible elementor-widget elementor-widget-heading\" data-id=\"4370d989\" data-element_type=\"widget\" data-e-type=\"widget\" data-settings=\"{&quot;_animation&quot;:&quot;slideInUp&quot;}\" data-widget_type=\"heading.default\">\n\t\t\t\t<div class=\"elementor-widget-container\">\n\t\t\t\t\t<h2 class=\"elementor-heading-title elementor-size-default\">LLEVARLO AL SIGUIENTE NIVEL.<\/h2>\t\t\t\t<\/div>\n\t\t\t\t<\/div>\n\t\t\t\t<div class=\"elementor-element elementor-element-c3a6c99 elementor-align-left elementor-widget elementor-widget-button\" data-id=\"c3a6c99\" data-element_type=\"widget\" data-e-type=\"widget\" data-widget_type=\"button.default\">\n\t\t\t\t<div class=\"elementor-widget-container\">\n\t\t\t\t\t\t\t\t\t<div class=\"elementor-button-wrapper\">\n\t\t\t\t\t<a class=\"elementor-button elementor-button-link elementor-size-lg elementor-animation-grow\" href=\"https:\/\/3dcgistudio.com\/es\/presupuesto-gratuito\/\">\n\t\t\t\t\t\t<span class=\"elementor-button-content-wrapper\">\n\t\t\t\t\t\t\t\t\t<span class=\"elementor-button-text\">Obtenga hoy mismo su presupuesto gratuito<\/span>\n\t\t\t\t\t<\/span>\n\t\t\t\t\t<\/a>\n\t\t\t\t<\/div>\n\t\t\t\t\t\t\t\t<\/div>\n\t\t\t\t<\/div>\n\t\t\t\t<\/div>\n\t\t<div class=\"elementor-element elementor-element-1feed4bb e-con-full e-flex e-con e-child\" data-id=\"1feed4bb\" data-element_type=\"container\" data-e-type=\"container\">\n\t\t\t\t<div class=\"elementor-element elementor-element-528cc534 elementor-widget__width-initial elementor-widget elementor-widget-image\" data-id=\"528cc534\" data-element_type=\"widget\" data-e-type=\"widget\" data-widget_type=\"image.default\">\n\t\t\t\t<div class=\"elementor-widget-container\">\n\t\t\t\t\t\t\t\t\t\t\t\t\t\t\t<img fetchpriority=\"high\" decoding=\"async\" width=\"800\" height=\"450\" src=\"https:\/\/3dcgistudio.com\/wp-content\/uploads\/2025\/05\/cosmetic_spray-1024x576.webp\" class=\"attachment-large size-large wp-image-421\" alt=\"Spray cosm\u00e9tico\" srcset=\"https:\/\/3dcgistudio.com\/wp-content\/uploads\/2025\/05\/cosmetic_spray-1024x576.webp 1024w, https:\/\/3dcgistudio.com\/wp-content\/uploads\/2025\/05\/cosmetic_spray-300x169.webp 300w, https:\/\/3dcgistudio.com\/wp-content\/uploads\/2025\/05\/cosmetic_spray-768x432.webp 768w, https:\/\/3dcgistudio.com\/wp-content\/uploads\/2025\/05\/cosmetic_spray-1536x864.webp 1536w, https:\/\/3dcgistudio.com\/wp-content\/uploads\/2025\/05\/cosmetic_spray-2048x1152.webp 2048w\" sizes=\"(max-width: 800px) 100vw, 800px\" title=\"Nuestro proceso\">\t\t\t\t\t\t\t\t\t\t\t\t\t\t\t<\/div>\n\t\t\t\t<\/div>\n\t\t\t\t<div class=\"elementor-element elementor-element-bcb0a96 elementor-widget__width-initial elementor-widget elementor-widget-image\" data-id=\"bcb0a96\" data-element_type=\"widget\" data-e-type=\"widget\" data-widget_type=\"image.default\">\n\t\t\t\t<div class=\"elementor-widget-container\">\n\t\t\t\t\t\t\t\t\t\t\t\t\t\t\t<img decoding=\"async\" width=\"800\" height=\"450\" src=\"https:\/\/3dcgistudio.com\/wp-content\/uploads\/2025\/05\/henry_hermans-1024x576.webp\" class=\"attachment-large size-large wp-image-422\" alt=\"Perfume Henry Hemans\" srcset=\"https:\/\/3dcgistudio.com\/wp-content\/uploads\/2025\/05\/henry_hermans-1024x576.webp 1024w, https:\/\/3dcgistudio.com\/wp-content\/uploads\/2025\/05\/henry_hermans-300x169.webp 300w, https:\/\/3dcgistudio.com\/wp-content\/uploads\/2025\/05\/henry_hermans-768x432.webp 768w, https:\/\/3dcgistudio.com\/wp-content\/uploads\/2025\/05\/henry_hermans-1536x864.webp 1536w, https:\/\/3dcgistudio.com\/wp-content\/uploads\/2025\/05\/henry_hermans-2048x1152.webp 2048w\" sizes=\"(max-width: 800px) 100vw, 800px\" title=\"Nuestro proceso\">\t\t\t\t\t\t\t\t\t\t\t\t\t\t\t<\/div>\n\t\t\t\t<\/div>\n\t\t\t\t<\/div>\n\t\t\t\t<\/div>\n\t\t<div class=\"elementor-element elementor-element-2b458ce5 e-flex e-con-boxed e-con e-parent\" data-id=\"2b458ce5\" data-element_type=\"container\" data-e-type=\"container\">\n\t\t\t\t\t<div class=\"e-con-inner\">\n\t\t\t\t<div class=\"elementor-element elementor-element-6d157689 elementor-widget-divider--view-line elementor-widget elementor-widget-divider\" data-id=\"6d157689\" data-element_type=\"widget\" data-e-type=\"widget\" data-widget_type=\"divider.default\">\n\t\t\t\t<div class=\"elementor-widget-container\">\n\t\t\t\t\t\t\t<div class=\"elementor-divider\">\n\t\t\t<span class=\"elementor-divider-separator\">\n\t\t\t\t\t\t<\/span>\n\t\t<\/div>\n\t\t\t\t\t\t<\/div>\n\t\t\t\t<\/div>\n\t\t\t\t\t<\/div>\n\t\t\t\t<\/div>\n\t\t\t\t<\/div>","protected":false},"excerpt":{"rendered":"<p>Our Process Our Process &#8211; How We Bring Your Vision to Life At 3D CGI Studio, we follow a streamlined and collaborative process to deliver stunning, high-quality 3D visuals and animations. From concept to final render, we ensure every detail aligns with your vision and project goals. Whether you&#8217;re launching a product, showcasing real estate, [&hellip;]<\/p>\n","protected":false},"author":1,"featured_media":0,"parent":0,"menu_order":0,"comment_status":"closed","ping_status":"closed","template":"","meta":{"footnotes":""},"class_list":["post-836","page","type-page","status-publish","hentry"],"_links":{"self":[{"href":"https:\/\/3dcgistudio.com\/es\/wp-json\/wp\/v2\/pages\/836","targetHints":{"allow":["GET"]}}],"collection":[{"href":"https:\/\/3dcgistudio.com\/es\/wp-json\/wp\/v2\/pages"}],"about":[{"href":"https:\/\/3dcgistudio.com\/es\/wp-json\/wp\/v2\/types\/page"}],"author":[{"embeddable":true,"href":"https:\/\/3dcgistudio.com\/es\/wp-json\/wp\/v2\/users\/1"}],"replies":[{"embeddable":true,"href":"https:\/\/3dcgistudio.com\/es\/wp-json\/wp\/v2\/comments?post=836"}],"version-history":[{"count":19,"href":"https:\/\/3dcgistudio.com\/es\/wp-json\/wp\/v2\/pages\/836\/revisions"}],"predecessor-version":[{"id":1361,"href":"https:\/\/3dcgistudio.com\/es\/wp-json\/wp\/v2\/pages\/836\/revisions\/1361"}],"wp:attachment":[{"href":"https:\/\/3dcgistudio.com\/es\/wp-json\/wp\/v2\/media?parent=836"}],"curies":[{"name":"wp","href":"https:\/\/api.w.org\/{rel}","templated":true}]}}