{"id":409,"date":"2025-05-16T13:21:58","date_gmt":"2025-05-16T13:21:58","guid":{"rendered":"https:\/\/3dcgistudio.com\/?page_id=409"},"modified":"2026-04-17T10:11:43","modified_gmt":"2026-04-17T10:11:43","slug":"acerca-de-nosotros","status":"publish","type":"page","link":"https:\/\/3dcgistudio.com\/es\/about-us\/","title":{"rendered":"Nosotros"},"content":{"rendered":"<div data-elementor-type=\"wp-page\" data-elementor-id=\"409\" class=\"elementor elementor-409\" data-elementor-post-type=\"page\">\n\t\t\t\t<div class=\"elementor-element elementor-element-1c82960e e-flex e-con-boxed e-con e-parent\" data-id=\"1c82960e\" data-element_type=\"container\" data-e-type=\"container\" data-settings=\"{&quot;background_background&quot;:&quot;classic&quot;}\">\n\t\t\t\t\t<div class=\"e-con-inner\">\n\t\t<div class=\"elementor-element elementor-element-6359a501 e-con-full e-flex e-con e-child\" data-id=\"6359a501\" data-element_type=\"container\" data-e-type=\"container\">\n\t\t\t\t<div class=\"elementor-element elementor-element-38370bc3 elementor-widget elementor-widget-heading\" data-id=\"38370bc3\" data-element_type=\"widget\" data-e-type=\"widget\" data-widget_type=\"heading.default\">\n\t\t\t\t<div class=\"elementor-widget-container\">\n\t\t\t\t\t<h1 class=\"elementor-heading-title elementor-size-default\">Qui\u00e9nes somos<\/h1>\t\t\t\t<\/div>\n\t\t\t\t<\/div>\n\t\t\t\t<\/div>\n\t\t\t\t\t<\/div>\n\t\t\t\t<\/div>\n\t\t<div class=\"elementor-element elementor-element-6ba6d5f e-flex e-con-boxed e-con e-parent\" data-id=\"6ba6d5f\" data-element_type=\"container\" data-e-type=\"container\">\n\t\t\t\t\t<div class=\"e-con-inner\">\n\t\t\t\t<div class=\"elementor-element elementor-element-68c1f261 elementor-widget elementor-widget-text-editor\" data-id=\"68c1f261\" data-element_type=\"widget\" data-e-type=\"widget\" data-widget_type=\"text-editor.default\">\n\t\t\t\t<div class=\"elementor-widget-container\">\n\t\t\t\t\t\t\t\t\t<p><img fetchpriority=\"high\" decoding=\"async\" class=\"alignleft wp-image-530 size-medium\" src=\"https:\/\/3dcgistudio.com\/wp-content\/uploads\/2025\/05\/Uwe-3DCR-round-300x300.webp\" alt=\"Uwe 3DCR Redondo 300x300\" width=\"300\" height=\"300\" title=\"Nosotros\" srcset=\"https:\/\/3dcgistudio.com\/wp-content\/uploads\/2025\/05\/Uwe-3DCR-round-300x300.webp 300w, https:\/\/3dcgistudio.com\/wp-content\/uploads\/2025\/05\/Uwe-3DCR-round-1024x1024.webp 1024w, https:\/\/3dcgistudio.com\/wp-content\/uploads\/2025\/05\/Uwe-3DCR-round-150x150.webp 150w, https:\/\/3dcgistudio.com\/wp-content\/uploads\/2025\/05\/Uwe-3DCR-round-768x768.webp 768w, https:\/\/3dcgistudio.com\/wp-content\/uploads\/2025\/05\/Uwe-3DCR-round.webp 1169w\" sizes=\"(max-width: 300px) 100vw, 300px\" \/><\/p><p data-start=\"92\" data-end=\"396\">Fundado en la primavera de 2009 por Uwe Kreuzahler, un visionario alem\u00e1n residente en Costa Rica, 3D CGI Studio se ha convertido en un l\u00edder mundial en im\u00e1genes generadas por ordenador (CGI). Lanzado inicialmente como 3D.CR, el estudio se cre\u00f3 para satisfacer la creciente demanda mundial de CGI de alta calidad en diversos sectores.<\/p><p data-start=\"398\" data-end=\"655\">Nuestra experiencia abarca la visualizaci\u00f3n de productos, el dise\u00f1o de autom\u00f3viles y motocicletas, la visualizaci\u00f3n arquitect\u00f3nica, los gr\u00e1ficos en movimiento y las animaciones VFX. Creamos im\u00e1genes que no solo captan la atenci\u00f3n, sino que evocan emociones y dan vida a las visiones de nuestros clientes.<\/p><p data-start=\"657\" data-end=\"907\">Lo que nos diferencia es nuestro equipo multidisciplinar de artistas y desarrolladores 3D. Combinando el talento art\u00edstico con la destreza t\u00e9cnica, producimos renderizados fotorrealistas y animaciones din\u00e1micas que cumplen los m\u00e1s altos est\u00e1ndares de calidad y creatividad.<\/p><p data-start=\"909\" data-end=\"1313\">M\u00e1s all\u00e1 de nuestros servicios principales, desarrollamos herramientas como complementos de Blender y plugins personalizados de 3ds Max dise\u00f1ados espec\u00edficamente para usuarios de software 3D, permiti\u00e9ndoles optimizar sus flujos de trabajo y lograr resultados sobresalientes. Adem\u00e1s, ofrecemos programaci\u00f3n de sitios web a medida y desarrollamos plugins de WordPress hechos a medida, lo que permite a las empresas extender su presencia digital con soluciones web escalables y de alto rendimiento.<\/p><p data-start=\"1315\" data-end=\"1606\">En oto\u00f1o de 2023, abrimos una oficina espec\u00edfica en Estados Unidos para atender mejor y con mayor agilidad a los mercados clave. Aprovechando este impulso, ya estamos entrando en el mercado europeo, con una importante expansi\u00f3n prevista para 2026 para reforzar a\u00fan m\u00e1s las relaciones con los clientes y nuestra presencia mundial.<\/p><p data-start=\"1608\" data-end=\"1868\">En 3D CGI Studio, nos centramos en tiempos de entrega r\u00e1pidos, precios competitivos y una plataforma en l\u00ednea sin fisuras para una colaboraci\u00f3n sin esfuerzo. M\u00e1s que un simple proveedor de servicios, nos consideramos un socio creativo que transforma ideas en realidades visuales asombrosas.<\/p><p data-start=\"1870\" data-end=\"2034\">\u00danase a nosotros en este viaje de innovaci\u00f3n y creatividad. Perm\u00edtanos ayudarle a liberar todo el potencial de su visi\u00f3n con im\u00e1genes que inspiren, atraigan e impulsen el \u00e9xito.<\/p>\t\t\t\t\t\t\t\t<\/div>\n\t\t\t\t<\/div>\n\t\t\t\t<div class=\"elementor-element elementor-element-dc9caf9 elementor-align-center elementor-widget elementor-widget-button\" data-id=\"dc9caf9\" data-element_type=\"widget\" data-e-type=\"widget\" data-widget_type=\"button.default\">\n\t\t\t\t<div class=\"elementor-widget-container\">\n\t\t\t\t\t\t\t\t\t<div class=\"elementor-button-wrapper\">\n\t\t\t\t\t<a class=\"elementor-button elementor-button-link elementor-size-lg elementor-animation-grow\" href=\"https:\/\/3dcgistudio.com\/es\/presupuesto-gratuito\/\">\n\t\t\t\t\t\t<span class=\"elementor-button-content-wrapper\">\n\t\t\t\t\t\t\t\t\t<span class=\"elementor-button-text\">Obtenga hoy mismo su presupuesto gratuito<\/span>\n\t\t\t\t\t<\/span>\n\t\t\t\t\t<\/a>\n\t\t\t\t<\/div>\n\t\t\t\t\t\t\t\t<\/div>\n\t\t\t\t<\/div>\n\t\t\t\t\t<\/div>\n\t\t\t\t<\/div>\n\t\t<div class=\"elementor-element elementor-element-3938d951 e-flex e-con-boxed e-con e-parent\" data-id=\"3938d951\" data-element_type=\"container\" data-e-type=\"container\" data-settings=\"{&quot;background_background&quot;:&quot;classic&quot;}\">\n\t\t\t\t\t<div class=\"e-con-inner\">\n\t\t\t\t<div class=\"elementor-element elementor-element-7976352 elementor-widget elementor-widget-heading\" data-id=\"7976352\" data-element_type=\"widget\" data-e-type=\"widget\" data-widget_type=\"heading.default\">\n\t\t\t\t<div class=\"elementor-widget-container\">\n\t\t\t\t\t<h6 class=\"elementor-heading-title elementor-size-default\">TESTIMONIOS<\/h6>\t\t\t\t<\/div>\n\t\t\t\t<\/div>\n\t\t\t\t<div class=\"elementor-element elementor-element-13c8122 elementor-widget elementor-widget-better-testimonial\" data-id=\"13c8122\" data-element_type=\"widget\" data-e-type=\"widget\" data-widget_type=\"better-testimonial.default\">\n\t\t\t\t<div class=\"elementor-widget-container\">\n\t\t\t\t\t<div class=\"better-testimonial style-7 wow fadeInUp\" data-wow-delay=\".5s\">\r\n            <div class=\"item\">\r\n            <p>\"R\u00e1pidos, incre\u00edblemente precisos y flexibles, Uwe y 3D.CR cumplieron con creces nuestras necesidades y es un placer trabajar con ellos.\nLa visualizaci\u00f3n de autom\u00f3viles es extremadamente desafiante, m\u00e1s que los productos est\u00e1ticos, lo que requiere un trabajo sutil en torno a las superficies reflectantes y equilibrar una iluminaci\u00f3n limpia y perfecta con imperfecciones selectivas para que los renders parezcan reales. Uwe trabaj\u00f3 con nuestro equipo y ofreci\u00f3 proactivamente una variedad de soluciones para cada entorno.\nNo dudar\u00eda en recomendar a Uwe para cualquier trabajo de renderizado digital\".\"<\/p>\r\n            <div class=\"info\">\r\n                <div class=\"img\">\r\n                    <div class=\"img-box\">\r\n                        <img decoding=\"async\" src=\"https:\/\/3dcgistudio.com\/wp-content\/uploads\/2025\/05\/Michael-Uhlarik.webp\" alt=\"Michael Uhlarik\" title=\"Nosotros\">\r\n                    <\/div>\r\n                <\/div>\r\n                <div class=\"cont\">\r\n                    <div class=\"author\">\r\n                        <h6 class=\"author-name custom-font\">Michael Uhlarik<\/h6>\r\n                        <span class=\"author-details\">Jefe de Dise\u00f1o, Potential Motors<\/span>\r\n                    <\/div>\r\n                <\/div>\r\n            <\/div>\r\n        <\/div>\r\n            <div class=\"item\">\r\n            <p>\"Uwe es un profesional con el que es un placer trabajar. Es flexible, justo, puntual y cumplidor. Para im\u00e1genes digitales de alta calidad, sin duda recomiendo trabajar con \u00e9l\".\"<\/p>\r\n            <div class=\"info\">\r\n                <div class=\"img\">\r\n                    <div class=\"img-box\">\r\n                        <img decoding=\"async\" src=\"https:\/\/3dcgistudio.com\/wp-content\/uploads\/2025\/05\/noah_tompkins.webp\" alt=\"Noah Tompkins\" title=\"Nosotros\">\r\n                    <\/div>\r\n                <\/div>\r\n                <div class=\"cont\">\r\n                    <div class=\"author\">\r\n                        <h6 class=\"author-name custom-font\">Noah Tompkins<\/h6>\r\n                        <span class=\"author-details\">Vicepresidente de Marketing de Potential Motors<\/span>\r\n                    <\/div>\r\n                <\/div>\r\n            <\/div>\r\n        <\/div>\r\n            <div class=\"item\">\r\n            <p>\u201cUwe y su equipo son profesionales tanto en el resultado de su trabajo como en la relaci\u00f3n que forjamos con ellos en algunos de los renders 3D que necesit\u00e1bamos. Las im\u00e1genes eran incre\u00edbles y la atenci\u00f3n al detalle estaba muy por encima de todo. \u201d<\/p>\r\n            <div class=\"info\">\r\n                <div class=\"img\">\r\n                    <div class=\"img-box\">\r\n                        <img decoding=\"async\" src=\"https:\/\/3dcgistudio.com\/wp-content\/uploads\/2025\/05\/brian_wilcox.webp\" alt=\"Brian Wilcox\" title=\"Nosotros\">\r\n                    <\/div>\r\n                <\/div>\r\n                <div class=\"cont\">\r\n                    <div class=\"author\">\r\n                        <h6 class=\"author-name custom-font\">Brian Wilcox<\/h6>\r\n                        <span class=\"author-details\">Enterprise Business Systems COE Delivery Partner<\/span>\r\n                    <\/div>\r\n                <\/div>\r\n            <\/div>\r\n        <\/div>\r\n            <div class=\"item\">\r\n            <p>\u201cUwe tiene todo lo que todo profesional busca en otro profesional: puntualidad, comunicaci\u00f3n y calidad de trabajo. Trabajando con Uwe, se esfuerza por superar todas las expectativas. Y lo mejor de todo es que es un t\u00edo maj\u00edsimo\u2019.\u201d<\/p>\r\n            <div class=\"info\">\r\n                <div class=\"img\">\r\n                    <div class=\"img-box\">\r\n                        <img decoding=\"async\" src=\"https:\/\/3dcgistudio.com\/wp-content\/uploads\/2025\/05\/daniel_figueredo.webp\" alt=\"Daniel Figueredo\" title=\"Nosotros\">\r\n                    <\/div>\r\n                <\/div>\r\n                <div class=\"cont\">\r\n                    <div class=\"author\">\r\n                        <h6 class=\"author-name custom-font\">Daniel Figueredo<\/h6>\r\n                        <span class=\"author-details\">Fundador de Brush &amp; Bristle Co.<\/span>\r\n                    <\/div>\r\n                <\/div>\r\n            <\/div>\r\n        <\/div>\r\n            <div class=\"item\">\r\n            <p>\u201cHa sido un placer trabajar con 3D.CR. Uwe y su equipo son de primera. Si todos mis proyectos fueran tan bien como tratar con 3D.CR, estar\u00eda muy contento. Entregaron visualizaciones 3D absolutamente asombrosas a un precio muy competitivo y puedo recomendar encarecidamente 3D.CR.\u201d<\/p>\r\n            <div class=\"info\">\r\n                <div class=\"img\">\r\n                    <div class=\"img-box\">\r\n                        <img decoding=\"async\" src=\"https:\/\/3dcgistudio.com\/wp-content\/uploads\/2025\/05\/fabio_alemanno.webp\" alt=\"Fabio Alemanno\" title=\"Nosotros\">\r\n                    <\/div>\r\n                <\/div>\r\n                <div class=\"cont\">\r\n                    <div class=\"author\">\r\n                        <h6 class=\"author-name custom-font\">Fabio Alemanno<\/h6>\r\n                        <span class=\"author-details\">Director de Fabio Alemanno Design LTD<\/span>\r\n                    <\/div>\r\n                <\/div>\r\n            <\/div>\r\n        <\/div>\r\n            <div class=\"item\">\r\n            <p>\u201cUwe hizo un trabajo incre\u00edble para nuestra empresa Alpha Tiny Homes... un verdadero profesional y produjo un producto mucho mejor de lo que esper\u00e1bamos.\u201d<\/p>\r\n            <div class=\"info\">\r\n                <div class=\"img\">\r\n                    <div class=\"img-box\">\r\n                        <img decoding=\"async\" src=\"https:\/\/3dcgistudio.com\/wp-content\/uploads\/2025\/05\/jim_gale.webp\" alt=\"Jim Gale\" title=\"Nosotros\">\r\n                    <\/div>\r\n                <\/div>\r\n                <div class=\"cont\">\r\n                    <div class=\"author\">\r\n                        <h6 class=\"author-name custom-font\">Jim Gale<\/h6>\r\n                        <span class=\"author-details\">Alpha Tiny Homes<\/span>\r\n                    <\/div>\r\n                <\/div>\r\n            <\/div>\r\n        <\/div>\r\n            <div class=\"item\">\r\n            <p>\u201cA trav\u00e9s de mis b\u00fasquedas y de mi trabajo en red, pude conectar con Uwe Kreuzahler, de 3D.cr. Su empresa y su programa son muy interesantes y progresistas. Mis necesidades podr\u00edan haber sido satisfechas por cualquier empresa y, sinceramente, yo no era su proyecto habitual. Me alegr\u00e9 de que aceptara mi peque\u00f1o proyecto. 3D.cr se dedica a mostrar productos e ideas para fabricantes y dise\u00f1adores de una forma muy actual y de dimensiones abiertas. Uwe y su equipo proporcionaron a Vision Interface un servicio excelente, hicieron las preguntas correctas y fueron capaces de completar nuestra idea en poco tiempo. Su coste es excepcional y el plazo de entrega sobresaliente. Vision Interface est\u00e1 muy satisfecha con los resultados. Gracias Uwe 3d.cr\u201d.\u201d<\/p>\r\n            <div class=\"info\">\r\n                <div class=\"img\">\r\n                    <div class=\"img-box\">\r\n                        <img decoding=\"async\" src=\"https:\/\/3dcgistudio.com\/wp-content\/uploads\/2025\/05\/rustin.webp\" alt=\"Rustin\" title=\"Nosotros\">\r\n                    <\/div>\r\n                <\/div>\r\n                <div class=\"cont\">\r\n                    <div class=\"author\">\r\n                        <h6 class=\"author-name custom-font\">Rustin Hawver<\/h6>\r\n                        <span class=\"author-details\">VP de Marketing en Vision Interface<\/span>\r\n                    <\/div>\r\n                <\/div>\r\n            <\/div>\r\n        <\/div>\r\n            <div class=\"item\">\r\n            <p>\u201cMe complace recomendar a Uwe y su trabajo. Uwe fue capaz de trabajar con uno de nuestros clientes m\u00e1s exigentes y entregar un producto de calidad en un plazo razonable. El resultado final fue un \u00e9xito rotundo. Pienso seguir recurriendo a Uwe en el futuro para todas las necesidades de Pen\u00ednsula Papagayo en Costa Rica.\u201d<\/p>\r\n            <div class=\"info\">\r\n                <div class=\"img\">\r\n                    <div class=\"img-box\">\r\n                        <img decoding=\"async\" src=\"https:\/\/3dcgistudio.com\/wp-content\/uploads\/2025\/05\/steve_grubba.webp\" alt=\"Steve Grubba\" title=\"Nosotros\">\r\n                    <\/div>\r\n                <\/div>\r\n                <div class=\"cont\">\r\n                    <div class=\"author\">\r\n                        <h6 class=\"author-name custom-font\">Steve Grubba<\/h6>\r\n                        <span class=\"author-details\">Director de Ventas de Peninsula Papagayo<\/span>\r\n                    <\/div>\r\n                <\/div>\r\n            <\/div>\r\n        <\/div>\r\n            <div class=\"item\">\r\n            <p>\u201cEl trabajo de Uwe es de primera categor\u00eda. Me puse en contacto con \u00e9l para crear una representaci\u00f3n fotorrealista y algunos planos de planta para uno de nuestros anuncios comerciales y entreg\u00f3 por encima y m\u00e1s all\u00e1 de mis expectativas. Es muy profesional, agradable, y muy r\u00e1pidamente se puso al d\u00eda con la direcci\u00f3n m\u00ednima. \u00c9l es definitivamente mi \u201cgo-to\u201d para futuros proyectos \u201d.\u201d<\/p>\r\n            <div class=\"info\">\r\n                <div class=\"img\">\r\n                    <div class=\"img-box\">\r\n                        <img decoding=\"async\" src=\"https:\/\/3dcgistudio.com\/wp-content\/uploads\/2025\/05\/nicole-schlueter.webp\" alt=\"Nicole Schlueter\" title=\"Nosotros\">\r\n                    <\/div>\r\n                <\/div>\r\n                <div class=\"cont\">\r\n                    <div class=\"author\">\r\n                        <h6 class=\"author-name custom-font\">Nicole Schlueter<\/h6>\r\n                        <span class=\"author-details\">Director creativo en Halton Pardee + Partners<\/span>\r\n                    <\/div>\r\n                <\/div>\r\n            <\/div>\r\n        <\/div>\r\n            <div class=\"item\">\r\n            <p>\"Uwe y 3D.CR entregaron | R\u00e1pido, flexible, profesional y un placer trabajar con ellos.\nNo dudar\u00eda en recomendar a Uwe para cualquier trabajo de renderizado digital\".\"<\/p>\r\n            <div class=\"info\">\r\n                <div class=\"img\">\r\n                    <div class=\"img-box\">\r\n                        <img decoding=\"async\" src=\"https:\/\/3dcgistudio.com\/wp-content\/uploads\/2025\/05\/steve_donnell.webp\" alt=\"Steve Donnell\" title=\"Nosotros\">\r\n                    <\/div>\r\n                <\/div>\r\n                <div class=\"cont\">\r\n                    <div class=\"author\">\r\n                        <h6 class=\"author-name custom-font\">Steve Donnell<\/h6>\r\n                        <span class=\"author-details\">Jefe de Dise\u00f1o e Innovaci\u00f3n - VictorEV<\/span>\r\n                    <\/div>\r\n                <\/div>\r\n            <\/div>\r\n        <\/div>\r\n            <div class=\"item\">\r\n            <p>\"Uwe es una persona de primera y es un placer trabajar con \u00e9l. La atenci\u00f3n al detalle es excepcional y la artesan\u00eda es de las mejores en el juego. Espero volver a trabajar con Uwe y recomiendo encarecidamente sus servicios y su amistad.\"<\/p>\r\n            <div class=\"info\">\r\n                <div class=\"img\">\r\n                    <div class=\"img-box\">\r\n                        <img decoding=\"async\" src=\"https:\/\/3dcgistudio.com\/wp-content\/uploads\/2025\/05\/harry_fricker.webp\" alt=\"Harry Fricker\" title=\"Nosotros\">\r\n                    <\/div>\r\n                <\/div>\r\n                <div class=\"cont\">\r\n                    <div class=\"author\">\r\n                        <h6 class=\"author-name custom-font\">Harry Fricker<\/h6>\r\n                        <span class=\"author-details\">Cofundador \/ Director Creativo de Arvin Goods<\/span>\r\n                    <\/div>\r\n                <\/div>\r\n            <\/div>\r\n        <\/div>\r\n            <div class=\"item\">\r\n            <p>\"Ultrae desarrolla camiones de caja ancha para el transporte por carretera y necesita im\u00e1genes de alta calidad desarrolladas a partir de modelos CAD para su comercializaci\u00f3n.\nUwe ha entregado im\u00e1genes realistas y, con mucho, el trabajo de mayor calidad que hemos visto, mejor de lo esperado.\nEl proceso se llev\u00f3 a cabo de forma muy profesional y en el plazo requerido.\nGracias Uwe\".\"<\/p>\r\n            <div class=\"info\">\r\n                <div class=\"img\">\r\n                    <div class=\"img-box\">\r\n                        <img decoding=\"async\" src=\"https:\/\/3dcgistudio.com\/wp-content\/uploads\/2025\/05\/ron_schliebs.webp\" alt=\"Ron Schliebs\" title=\"Nosotros\">\r\n                    <\/div>\r\n                <\/div>\r\n                <div class=\"cont\">\r\n                    <div class=\"author\">\r\n                        <h6 class=\"author-name custom-font\">Ron Schliebs<\/h6>\r\n                        <span class=\"author-details\">Director, Ultrae Pty Ltd<\/span>\r\n                    <\/div>\r\n                <\/div>\r\n            <\/div>\r\n        <\/div>\r\n            <div class=\"item\">\r\n            <p>\"He tenido el placer de trabajar con Uwe en varios proyectos arquitect\u00f3nicos, y sus renders eran nada menos que impresionantes. Uwe ha entregado constantemente visuales realistas de alta calidad que dieron vida a nuestros conceptos, cumpliendo los plazos y superando las expectativas en todo momento.\"<\/p>\r\n            <div class=\"info\">\r\n                <div class=\"img\">\r\n                    <div class=\"img-box\">\r\n                        <img decoding=\"async\" src=\"https:\/\/3dcgistudio.com\/wp-content\/uploads\/2025\/05\/Joshua-ten-Brink.jpeg\" alt=\"Joshua Ten Brink\" title=\"Nosotros\">\r\n                    <\/div>\r\n                <\/div>\r\n                <div class=\"cont\">\r\n                    <div class=\"author\">\r\n                        <h6 class=\"author-name custom-font\">Joshua ten Brink<\/h6>\r\n                        <span class=\"author-details\">Riverside Condominiums, Riverside Plaza, Bayside Tambor<\/span>\r\n                    <\/div>\r\n                <\/div>\r\n            <\/div>\r\n        <\/div>\r\n    <\/div>\r\n\t\t\t\t<\/div>\n\t\t\t\t<\/div>\n\t\t\t\t\t<\/div>\n\t\t\t\t<\/div>\n\t\t\t\t<\/div>","protected":false},"excerpt":{"rendered":"<p>About us Founded in the spring of 2009 by Uwe Kreuzahler, a German visionary residing in Costa Rica, 3D CGI Studio has grown into a global leader in computer-generated imagery (CGI). Initially launched as 3D.CR, the studio was built to meet the rising global demand for high-quality CGI across various industries. Our expertise spans product [&hellip;]<\/p>\n","protected":false},"author":1,"featured_media":0,"parent":0,"menu_order":0,"comment_status":"closed","ping_status":"closed","template":"","meta":{"footnotes":""},"class_list":["post-409","page","type-page","status-publish","hentry"],"_links":{"self":[{"href":"https:\/\/3dcgistudio.com\/es\/wp-json\/wp\/v2\/pages\/409","targetHints":{"allow":["GET"]}}],"collection":[{"href":"https:\/\/3dcgistudio.com\/es\/wp-json\/wp\/v2\/pages"}],"about":[{"href":"https:\/\/3dcgistudio.com\/es\/wp-json\/wp\/v2\/types\/page"}],"author":[{"embeddable":true,"href":"https:\/\/3dcgistudio.com\/es\/wp-json\/wp\/v2\/users\/1"}],"replies":[{"embeddable":true,"href":"https:\/\/3dcgistudio.com\/es\/wp-json\/wp\/v2\/comments?post=409"}],"version-history":[{"count":18,"href":"https:\/\/3dcgistudio.com\/es\/wp-json\/wp\/v2\/pages\/409\/revisions"}],"predecessor-version":[{"id":1917,"href":"https:\/\/3dcgistudio.com\/es\/wp-json\/wp\/v2\/pages\/409\/revisions\/1917"}],"wp:attachment":[{"href":"https:\/\/3dcgistudio.com\/es\/wp-json\/wp\/v2\/media?parent=409"}],"curies":[{"name":"wp","href":"https:\/\/api.w.org\/{rel}","templated":true}]}}