{"id":3,"date":"2025-05-16T13:21:58","date_gmt":"2025-05-16T13:21:58","guid":{"rendered":"https:\/\/3dcgistudio.com\/?page_id=3"},"modified":"2025-12-03T11:57:43","modified_gmt":"2025-12-03T11:57:43","slug":"politica-de-privacidad","status":"publish","type":"page","link":"https:\/\/3dcgistudio.com\/es\/privacy-policy\/","title":{"rendered":"Privacidad"},"content":{"rendered":"<div data-elementor-type=\"wp-page\" data-elementor-id=\"3\" class=\"elementor elementor-3\" data-elementor-post-type=\"page\">\n\t\t\t\t<div class=\"elementor-element elementor-element-ffd8519 e-flex e-con-boxed e-con e-parent\" data-id=\"ffd8519\" data-element_type=\"container\" data-e-type=\"container\">\n\t\t\t\t\t<div class=\"e-con-inner\">\n\t\t\t\t<div class=\"elementor-element elementor-element-726a666 elementor-widget elementor-widget-heading\" data-id=\"726a666\" data-element_type=\"widget\" data-e-type=\"widget\" data-widget_type=\"heading.default\">\n\t\t\t\t<div class=\"elementor-widget-container\">\n\t\t\t\t\t<h2 class=\"elementor-heading-title elementor-size-default\">Privacidad<\/h2>\t\t\t\t<\/div>\n\t\t\t\t<\/div>\n\t\t\t\t\t<\/div>\n\t\t\t\t<\/div>\n\t\t<div class=\"elementor-element elementor-element-6a13cda5 e-flex e-con-boxed e-con e-parent\" data-id=\"6a13cda5\" data-element_type=\"container\" data-e-type=\"container\" data-settings=\"{&quot;background_background&quot;:&quot;classic&quot;}\">\n\t\t\t\t\t<div class=\"e-con-inner\">\n\t\t<div class=\"elementor-element elementor-element-42e6ebdf e-con-full e-flex e-con e-child\" data-id=\"42e6ebdf\" data-element_type=\"container\" data-e-type=\"container\">\n\t\t\t\t<div class=\"elementor-element elementor-element-76704d2 elementor-widget elementor-widget-text-editor\" data-id=\"76704d2\" data-element_type=\"widget\" data-e-type=\"widget\" data-widget_type=\"text-editor.default\">\n\t\t\t\t<div class=\"elementor-widget-container\">\n\t\t\t\t\t\t\t\t\t<p><em>Fecha de entrada en vigor: 20 de noviembre de 2021<\/em><\/p>\n<p>3D CGI Studio Inc. valora a los usuarios de nuestro sitio web (el \u201cSitio web\u201d). Su privacidad y confianza son muy importantes para nosotros. Somos conscientes de que puede preocuparle la recopilaci\u00f3n, el uso y la divulgaci\u00f3n de la informaci\u00f3n de identificaci\u00f3n personal (\u201cInformaci\u00f3n personal\u201d) que recopilamos cuando utiliza el Sitio web y los servicios ofrecidos en el mismo (\u201cServicios de 3D CGI Studio Inc.\u201d). En esta Pol\u00edtica de privacidad se describe la informaci\u00f3n que recopilamos del usuario, c\u00f3mo la recopilamos y qu\u00e9 hacemos con ella una vez recopilada. Al utilizar el Sitio web, usted acepta las pr\u00e1cticas descritas en esta Pol\u00edtica de privacidad. Si tiene alguna pregunta o comentario sobre esta Pol\u00edtica de Privacidad, p\u00f3ngase en contacto con nosotros en <span \n                data-original-string='TxfJwx8NcQPM1PZL1bDNNQ==ea68mhG\/\/QrUSX5atK2tqxM4qKbtGxcZOWmGFiC6tS3RXY='\n                class='apbct-email-encoder'\n                title='Este contacto ha sido codificado por Anti-Spam by CleanTalk. Haz clic para decodificar. Para finalizar la decodificaci\u00f3n, aseg\u00farate de que JavaScript est\u00e1 activado en tu navegador.'>pr<span class=\"apbct-blur\">*****<\/span>@<span class=\"apbct-blur\">*********<\/span>io.com<\/span>.<\/p>\n<p><strong>\u00bf3DCGIStudio.com modifica alguna vez su pol\u00edtica de privacidad?<\/strong><\/p>\n<p>Podemos realizar cambios en la Pol\u00edtica de Privacidad de vez en cuando. Le notificaremos cualquier cambio sustancial envi\u00e1ndole un correo electr\u00f3nico, publicando un aviso en la p\u00e1gina de inicio del Sitio Web o publicando un aviso en su cuenta cuando inicie sesi\u00f3n por primera vez despu\u00e9s de que hayamos realizado cambios. Si recibe una notificaci\u00f3n de un cambio en nuestra Pol\u00edtica de Privacidad, deber\u00e1 revisar detenidamente la nueva Pol\u00edtica de Privacidad para asegurarse de que comprende nuestras pr\u00e1cticas y procedimientos. Es posible que no pueda recibir nuestras notificaciones si sus cookies no est\u00e1n configuradas para aceptarlas y\/o est\u00e1n desactivadas.<\/p>\n<p><strong>\u00bfQu\u00e9 tipo de informaci\u00f3n recopila 3DCGIStudio.com sobre m\u00ed?<\/strong><\/p>\n<ul>\n<li><strong>Informaci\u00f3n personal.<\/strong>Recopilamos la informaci\u00f3n personal que usted nos proporciona, como su nombre, direcci\u00f3n postal, n\u00famero de tel\u00e9fono, direcci\u00f3n de correo electr\u00f3nico, n\u00famero de tarjeta de cr\u00e9dito e informaci\u00f3n financiera.<\/li>\n<li><strong>Informaci\u00f3n no personal.<\/strong>Tambi\u00e9n recopilamos informaci\u00f3n no personal sobre usted, como su tipo de navegador, la URL del sitio web que visit\u00f3 anteriormente, su proveedor de servicios de Internet, su sistema operativo y su direcci\u00f3n de protocolo de Internet (IP) (\u201cInformaci\u00f3n no personal\u201d). La informaci\u00f3n no personal no puede utilizarse f\u00e1cilmente para identificarle personalmente.<\/li>\n<\/ul>\n<p><strong>\u00bfC\u00f3mo y cu\u00e1ndo recopila 3DCGIStudio.com esta informaci\u00f3n?<\/strong><\/p>\n<p>Recogemos sus datos personales cuando usted nos los facilita. Por ejemplo, si compra un producto vendido a trav\u00e9s de una Tienda, podemos recoger su nombre, direcci\u00f3n postal, n\u00famero de tel\u00e9fono, n\u00famero de tarjeta de cr\u00e9dito y direcci\u00f3n de correo electr\u00f3nico. Si crea una cuenta de Shopkeeper o de afiliado, podemos recopilar su nombre, n\u00famero de identificaci\u00f3n fiscal, direcci\u00f3n postal, direcci\u00f3n de correo electr\u00f3nico y otra informaci\u00f3n que solicitemos durante el proceso de registro, as\u00ed como cualquier informaci\u00f3n que proporcione en su escaparate de3D CGI Studio Inc. Si se suscribe para recibir un bolet\u00edn informativo, recopilaremos su direcci\u00f3n de correo electr\u00f3nico.<\/p>\n<p><strong>Comunicaciones con nosotros<\/strong>.<\/p>\n<p>Si se comunica con nosotros en relaci\u00f3n con el Sitio web o los Servicios de3D CGI Studio Inc. recopilaremos toda la informaci\u00f3n que nos proporcione en dicha comunicaci\u00f3n.<\/p>\n<p><strong>Tecnolog\u00edas anal\u00edticas y de elaboraci\u00f3n de informes.<\/strong><\/p>\n<p>Al igual que los operadores de la mayor\u00eda de los sitios web, utilizamos tecnolog\u00edas anal\u00edticas y de generaci\u00f3n de informes para registrar Informaci\u00f3n no personal, como nombres de dominio y host de Internet, direcciones IP, software de navegaci\u00f3n, tipos de sistemas operativos, patrones de clics y las fechas y horas en que se accede al Sitio web y a los Servicios de3D CGI Studio Inc. . Tambi\u00e9n contratamos a varios socios en l\u00ednea para que nos ayuden a gestionar, supervisar y optimizar nuestro sitio web y los servicios de the3D CGI Studio Inc. y para que nos ayuden a medir la eficacia de nuestra publicidad, nuestras comunicaciones y el modo en que los visitantes utilizan el Sitio web. Para ello, podemos utilizar balizas web y cookies.<\/p>\n<p><strong>\u00bfC\u00f3mo utiliza 3DCGIStudio.com mi informaci\u00f3n?<\/strong><\/p>\n<ul>\n<li><strong>Informaci\u00f3n personal.<\/strong>Utilizamos la Informaci\u00f3n personal principalmente para nuestros propios fines internos, como proporcionar, mantener, evaluar y mejorar los servicios de3D CGI Studio Inc. y el sitio web, satisfacer las solicitudes de informaci\u00f3n, producir y enviar los productos que usted solicite y proporcionar atenci\u00f3n al cliente. Por ejemplo, si crea una cuenta de Shopkeeper, utilizaremos la informaci\u00f3n que nos proporcione para comunicarnos con usted y pagarle las comisiones que gane. Del mismo modo, si se suscribe para recibir un bolet\u00edn informativo de 3D CGI Studio Inc., utilizaremos la direcci\u00f3n de correo electr\u00f3nico que nos proporcione para envi\u00e1rselo.<\/li>\n<li><strong>Informaci\u00f3n no personal.<\/strong>Utilizamos la Informaci\u00f3n no personal para realizar un seguimiento del uso del Sitio web y de los Servicios de3D CGI Studio Inc. y para otros fines internos, como proporcionar, mantener, evaluar y mejorar los servicios de3D CGI Studio Inc. y el Sitio Web.<\/li>\n<\/ul>\n<p><strong>\u00bfCu\u00e1ndo revelar\u00e1 3DCGIStudio.com mi informaci\u00f3n a terceros?<\/strong><\/p>\n<ul>\n<li><strong>Divulgaci\u00f3n a sucesores.<\/strong>Podemos revelar su informaci\u00f3n personal a cualquier sucesor en inter\u00e9s nuestro, como una empresa que nos adquiera. En el caso de que 3D CGI Studio Inc. pase por una transici\u00f3n empresarial, como una fusi\u00f3n o adquisici\u00f3n por o con otra empresa, o la venta de todos o parte de nuestros activos, es probable que su Informaci\u00f3n personal se encuentre entre los activos transferidos. Se le notificar\u00e1 por correo electr\u00f3nico o mediante un aviso en nuestro sitio web cualquier cambio en la propiedad o el control de su informaci\u00f3n personal.<\/li>\n<li><strong>Divulgaci\u00f3n a terceros no afiliados.<\/strong>Podemos revelar su Informaci\u00f3n Personal para prevenir una emergencia, para prevenir da\u00f1os a otros, para responder a requerimientos legales, para proteger o hacer cumplir nuestros derechos y pol\u00edticas, para proteger o hacer cumplir los derechos de un tercero, o seg\u00fan lo requiera o permita la ley (incluyendo, sin limitaci\u00f3n, para cumplir con una citaci\u00f3n u orden judicial). En particular, si usted es un Shopkeeper, podemos revelar su informaci\u00f3n a un tercero que alegue que usted ha infringido sus derechos de propiedad intelectual a trav\u00e9s de los productos vendidos a trav\u00e9s de su Tienda. Del mismo modo, si usted alega que un Shopkeeper est\u00e1 infringiendo sus derechos de propiedad intelectual, podemos revelar su informaci\u00f3n a ese Shopkeeper.<\/li>\n<li><strong>Divulgaci\u00f3n a terceros proveedores de servicios y socios en l\u00ednea.<\/strong>Podemos contratar a terceros que nos ayuden a proporcionar, mantener y mejorar el Sitio web y los Servicios de3D CGI Studio Inc. servicios. Por ejemplo, utilizamos a un tercero para procesar los pagos que se nos realizan, y podemos subcontratar la producci\u00f3n, el cumplimiento, el an\u00e1lisis, la elaboraci\u00f3n de informes u otras operaciones. Tambi\u00e9n contratamos a varios socios en l\u00ednea para que nos ayuden a gestionar, supervisar y optimizar nuestro sitio web y los servicios de3D CGI Studio Inc. y para que nos ayuden a medir la eficacia de nuestra publicidad, nuestras comunicaciones y el modo en que los visitantes utilizan el sitio web. Haremos todos los esfuerzos comercialmente razonables para evitar que dichos terceros divulguen su Informaci\u00f3n personal, excepto con el fin de prestar los servicios en cuesti\u00f3n. No podemos garantizar que dichos terceros no revelen su Informaci\u00f3n personal.3D CGI Studio Inc. no comparte, alquila ni intercambia su Informaci\u00f3n personal con terceros para sus fines promocionales.<\/li>\n<li><strong>Informaci\u00f3n a los comerciantes.<\/strong>Si adquiere un producto en una tienda, 3D CGI Studio Inc. puede facilitar su nombre y los datos de su ciudad y estado al comerciante. En el Acuerdo con los Comerciantes, 3D CGI Studio Inc. obliga contractualmente a cada Comerciante a no utilizar ni revelar esta informaci\u00f3n para ning\u00fan otro fin que no sea el mantenimiento de registros internos, y para la comercializaci\u00f3n de sus Tiendas, s\u00f3lo si usted ha optado por recibir material de marketing directamente del Comerciante. No podemos garantizar que todos los comerciantes cumplan con esta obligaci\u00f3n.<\/li>\n<li><strong>Divulgaci\u00f3n de informaci\u00f3n no personal.<\/strong>Divulgaremos informaci\u00f3n no personal, de forma agregada, a posibles socios estrat\u00e9gicos, anunciantes, inversores, clientes y otros. Usted no puede optar por no compartir esta informaci\u00f3n. Sin embargo, no puede utilizarse f\u00e1cilmente para identificarle personalmente.<\/li>\n<\/ul>\n<p><strong>\u00bfQu\u00e9 pasa con las cookies y las balizas web?<\/strong><\/p>\n<p>Una cookie es un peque\u00f1o archivo que se almacena en el disco duro de su ordenador. La mayor\u00eda de los sitios web utilizan cookies. Utilizamos cookies para realizar un seguimiento de su uso del sitio web y de los servicios de the3D CGI Studio Inc. para ofrecerle una experiencia de usuario m\u00e1s personalizada y para permitirle iniciar sesi\u00f3n y comenzar a utilizar los servicios de the3D CGI Studio Inc. autom\u00e1ticamente cuando visite el Sitio Web.<\/p>\n<p>Una baliza web es una imagen gr\u00e1fica a menudo transparente, normalmente de un tama\u00f1o no superior a 1\u00d71 p\u00edxeles, que se coloca en una p\u00e1gina web o en un correo electr\u00f3nico y que se utiliza para controlar el comportamiento del usuario que visita el sitio web o recibe el correo electr\u00f3nico.<\/p>\n<p>Las cookies y las balizas web utilizadas por3D CGI Studio Inc. y nuestros socios en l\u00ednea no est\u00e1n vinculadas a Datos Personales. Algunos de nuestros comerciantes pueden utilizar cookies o balizas web en nuestro sitio web. No tenemos acceso ni control sobre estas cookies y balizas web. Esta Pol\u00edtica de Privacidad cubre el uso de cookies y balizas web por parte de 3D CGI Studio Inc. y nuestros socios en l\u00ednea \u00fanicamente y no cubre el uso de cookies o balizas web por parte de ning\u00fan otro tercero, comerciante o anunciante.<\/p>\n<p><strong>\u00bfProtege 3DCGIStudio.com mi informaci\u00f3n personal?<\/strong><\/p>\n<ul>\n<li><strong>Informaci\u00f3n personal.<\/strong>Siempre que obtenemos sus Datos Personales, hacemos esfuerzos comercialmente razonables para protegerlos del acceso o la divulgaci\u00f3n no autorizados. No obstante, no podemos garantizar la seguridad de sus Datos Personales. En consecuencia, no asumimos responsabilidad alguna por la divulgaci\u00f3n de datos debida a errores de transmisi\u00f3n, acceso no autorizado de terceros u otros actos de terceros, o actos u omisiones que escapen a nuestro control razonable.<\/li>\n<li><strong>Contenido del sitio web.<\/strong>El contenido que usted almacene, publique o transmita en o a trav\u00e9s del Sitio Web, como publicaciones en tablones de mensajes, p\u00e1ginas de escaparates e im\u00e1genes de sus Productos, puede ser consultado por otros usuarios, incluidas personas que usted no conoce. No somos responsables de las acciones de terceros. Por lo tanto, debe tener cuidado al comunicarse con otros usuarios y s\u00f3lo revelar su Informaci\u00f3n Personal a otros usuarios que usted sepa que son de confianza. No debe dar por sentado que sus contenidos se mantendr\u00e1n en privado.<\/li>\n<\/ul>\n<p><strong>\u00bfC\u00f3mo puedo revisar y modificar mis datos personales?<\/strong><\/p>\n<p>Puede obtener una copia y solicitar que corrijamos errores en su Informaci\u00f3n Personal envi\u00e1ndonos un correo electr\u00f3nico a <a href=\"mailto:pr*****@*********io.com\" data-original-string=\"JvfU0vga1GGjPT7h0EzS\/A==ea6b1RTAD+NdsaHuLLoGNq5zcUOme3zoKykrGQNbDZJyCw=\" title=\"Este contacto ha sido codificado por Anti-Spam by CleanTalk. Haz clic para decodificar. Para finalizar la decodificaci\u00f3n, aseg\u00farate de que JavaScript est\u00e1 activado en tu navegador.\"><span \n                data-original-string='1LXNeRLCq3MqgdEhgw0HDg==ea6eVodubSm\/LCLyrVy1zT\/hMbxj8gBS3Om8b8tOu9YREE='\n                class='apbct-email-encoder'\n                title='Este contacto ha sido codificado por Anti-Spam by CleanTalk. Haz clic para decodificar. Para finalizar la decodificaci\u00f3n, aseg\u00farate de que JavaScript est\u00e1 activado en tu navegador.'>pr<span class=\"apbct-blur\">*****<\/span>@<span class=\"apbct-blur\">*********<\/span>io.com<\/span><\/a>. Para su protecci\u00f3n, se le pedir\u00e1 que proporcione una prueba de su identidad para obtener una copia de su Informaci\u00f3n Personal. Si su Informaci\u00f3n personal cambia o si ya no desea utilizar los servicios de3D CGI Studio Inc. podr\u00e1 corregir, actualizar o desactivar sus Datos personales y\/o su cuenta a trav\u00e9s de la pantalla de gesti\u00f3n de cuentas. Si desea desactivar o cancelar su cuenta, tambi\u00e9n puede ponerse en contacto con nosotros aqu\u00ed.<\/p>\n<p><strong>D\u00edselo a un amigo<\/strong><\/p>\n<p>Si decide utilizar nuestro servicio de recomendaci\u00f3n para informar a un amigo sobre el sitio web o los servicios de3D CGI Studio Inc. le pediremos el nombre y la direcci\u00f3n de correo electr\u00f3nico de su amigo. Autom\u00e1ticamente enviaremos a su amigo un \u00fanico mensaje de correo electr\u00f3nico invit\u00e1ndole a visitar el Sitio web. Almacenamos esta informaci\u00f3n con el \u00fanico fin de enviar este \u00fanico correo electr\u00f3nico y realizar un seguimiento del \u00e9xito de nuestro programa de recomendaci\u00f3n.<\/p>\n<p><strong>Seguridad<\/strong><\/p>\n<p>La seguridad de su informaci\u00f3n personal es importante para nosotros. Cuando usted introduce informaci\u00f3n confidencial, como un n\u00famero de tarjeta de cr\u00e9dito y\/o un n\u00famero de la seguridad social, en nuestros formularios de registro o de pedido, ciframos esa informaci\u00f3n utilizando tecnolog\u00eda de capa de conexi\u00f3n segura (SSL).<\/p>\n<p>Seguimos las normas industriales generalmente aceptadas para proteger la Informaci\u00f3n Personal que se nos env\u00eda, tanto durante la transmisi\u00f3n como una vez que la recibimos. Sin embargo, ning\u00fan m\u00e9todo de transmisi\u00f3n a trav\u00e9s de Internet, o m\u00e9todo de almacenamiento electr\u00f3nico, es 100% seguro. Por lo tanto, aunque nos esforzamos por utilizar medios comercialmente aceptables para proteger su Informaci\u00f3n Personal, no podemos garantizar su absoluta seguridad.<\/p>\n<p><strong>\u00bfSe aplica esta pol\u00edtica de privacidad cuando accedo a sitios web de terceros?<\/strong><\/p>\n<p>Es posible que pueda acceder a sitios web de terceros directamente desde el sitio web. Esta Pol\u00edtica de Privacidad no se aplica cuando accede a sitios web de terceros. No podemos controlar la forma en que terceros pueden utilizar la Informaci\u00f3n Personal que usted les revele, por lo que debe revisar cuidadosamente la pol\u00edtica de privacidad de cualquier sitio web de terceros que visite antes de utilizarlo o revelar su Informaci\u00f3n Personal a su proveedor.<\/p>\n<p><strong>\u00bfY la privacidad de los ni\u00f1os?<\/strong><\/p>\n<ul>\n<li><strong>Menores de trece a\u00f1os.<\/strong>Los servicios de The3D CGI Studio Inc. est\u00e1n dirigidos exclusivamente a usuarios mayores de 13 a\u00f1os. En consecuencia, no recopilaremos ni utilizaremos conscientemente ninguna Informaci\u00f3n Personal de ni\u00f1os que sepamos que son menores de 13 a\u00f1os. Adem\u00e1s, eliminaremos cualquier informaci\u00f3n de nuestra base de datos que sepamos que procede de un ni\u00f1o menor de 13 a\u00f1os.<\/li>\n<li><strong>De trece a diecisiete a\u00f1os.<\/strong>Los usuarios potenciales con edades comprendidas entre los 13 y los 17 a\u00f1os s\u00f3lo pueden utilizar los Servicios de3D CGI Studio Inc. bajo la supervisi\u00f3n de sus padres o tutores legales. Si tiene entre 13 y 17 a\u00f1os, usted, sus padres o su tutor legal pueden solicitar que desactivemos cualquiera de sus Datos personales de nuestra base de datos y\/o que optemos por no recibir comunicaciones nuestras. Si desea hacerlo, p\u00f3ngase en contacto con nosotros en <span \n                data-original-string='IZYC3nvHYqx5qrCf8VKpQw==ea6tYn01iJBWjANDbInfiCjjpwWXky12sPqXKz2XNUrlcg='\n                class='apbct-email-encoder'\n                title='Este contacto ha sido codificado por Anti-Spam by CleanTalk. Haz clic para decodificar. Para finalizar la decodificaci\u00f3n, aseg\u00farate de que JavaScript est\u00e1 activado en tu navegador.'>pr<span class=\"apbct-blur\">*****<\/span>@<span class=\"apbct-blur\">*********<\/span>io.com<\/span>.<\/li>\n<\/ul>\n<p><strong>\u00bfPuedo dejar de recibir comunicaciones de3D CGI Studio Inc.<\/strong><\/p>\n<p>Le ofrecemos la oportunidad de optar por que no se utilicen sus Datos Personales para determinados fines. Por ejemplo, si adquiere un producto o servicio pero no desea recibir m\u00e1s material publicitario nuestro, puede indicarlo en nuestro formulario de pedido.<\/p>\n<p>Si no desea seguir recibiendo nuestros boletines y comunicaciones promocionales, puede optar por dejar de recibirlos siguiendo las instrucciones incluidas en cada bolet\u00edn o comunicaci\u00f3n o envi\u00e1ndonos un correo electr\u00f3nico a la siguiente direcci\u00f3n <a href=\"mailto:pr*****@*********io.com\" data-original-string=\"Dw0ad2auhtU0ZKatGjoO5A==ea6Ys2i\/vuESkPpFnh4uArzSIv0fyeT9nKw9nzWNLqocZo=\" title=\"Este contacto ha sido codificado por Anti-Spam by CleanTalk. Haz clic para decodificar. Para finalizar la decodificaci\u00f3n, aseg\u00farate de que JavaScript est\u00e1 activado en tu navegador.\"><span \n                data-original-string='sU4hrj9zk+rRIH80EpH2rQ==ea60\/yXI\/jIvgbk8aVt8mpxvVgT2BiS0mO0kALhCKa8qbs='\n                class='apbct-email-encoder'\n                title='Este contacto ha sido codificado por Anti-Spam by CleanTalk. Haz clic para decodificar. Para finalizar la decodificaci\u00f3n, aseg\u00farate de que JavaScript est\u00e1 activado en tu navegador.'>pr<span class=\"apbct-blur\">*****<\/span>@<span class=\"apbct-blur\">*********<\/span>io.com<\/span><\/a>. Tambi\u00e9n le ofrecemos la oportunidad de darse de baja de determinadas comunicaciones a trav\u00e9s de la pantalla de gesti\u00f3n de la cuenta. Si necesita ayuda, puede ponerse en contacto con nosotros en <a href=\"mailto:pr*****@*********io.com\" data-original-string=\"qRCJoWLns7VNtqXWewhusg==ea6V0+7u+iiu5b1JmZFsXMZe3UfpF0jfX3MMKiv2cQJtIY=\" title=\"Este contacto ha sido codificado por Anti-Spam by CleanTalk. Haz clic para decodificar. Para finalizar la decodificaci\u00f3n, aseg\u00farate de que JavaScript est\u00e1 activado en tu navegador.\"><span \n                data-original-string='srcvTabMg5c4RWoUIEm\/AQ==ea6YoTFvksYD6Vzk+k1leDXIULfIaj3I4f14zSVfJe9D0o='\n                class='apbct-email-encoder'\n                title='Este contacto ha sido codificado por Anti-Spam by CleanTalk. Haz clic para decodificar. Para finalizar la decodificaci\u00f3n, aseg\u00farate de que JavaScript est\u00e1 activado en tu navegador.'>pr<span class=\"apbct-blur\">*****<\/span>@<span class=\"apbct-blur\">*********<\/span>io.com<\/span><\/a>.<\/p>\n<p>Si revelamos su informaci\u00f3n personal a un tercero de una manera que no est\u00e9 establecida en esta Pol\u00edtica de Privacidad, se le notificar\u00e1 para que pueda tomar una decisi\u00f3n informada sobre compartir su informaci\u00f3n personal con ese tercero.<\/p>\t\t\t\t\t\t\t\t<\/div>\n\t\t\t\t<\/div>\n\t\t\t\t<\/div>\n\t\t\t\t\t<\/div>\n\t\t\t\t<\/div>\n\t\t\t\t<\/div>","protected":false},"excerpt":{"rendered":"<p>Privacy Policy Effective Date: November 20, 2021 3D CGI Studio Inc. values the users of our website (the \u201cWebsite\u201d). Your privacy and trust are very important to us. We recognize that you may be concerned about our collection, use, and disclosure of the personally identifiable information (\u201cPersonal Information\u201d) that we collect when you use the [&hellip;]<\/p>\n","protected":false},"author":1,"featured_media":0,"parent":0,"menu_order":0,"comment_status":"closed","ping_status":"closed","template":"","meta":{"footnotes":""},"class_list":["post-3","page","type-page","status-publish","hentry"],"_links":{"self":[{"href":"https:\/\/3dcgistudio.com\/es\/wp-json\/wp\/v2\/pages\/3","targetHints":{"allow":["GET"]}}],"collection":[{"href":"https:\/\/3dcgistudio.com\/es\/wp-json\/wp\/v2\/pages"}],"about":[{"href":"https:\/\/3dcgistudio.com\/es\/wp-json\/wp\/v2\/types\/page"}],"author":[{"embeddable":true,"href":"https:\/\/3dcgistudio.com\/es\/wp-json\/wp\/v2\/users\/1"}],"replies":[{"embeddable":true,"href":"https:\/\/3dcgistudio.com\/es\/wp-json\/wp\/v2\/comments?post=3"}],"version-history":[{"count":17,"href":"https:\/\/3dcgistudio.com\/es\/wp-json\/wp\/v2\/pages\/3\/revisions"}],"predecessor-version":[{"id":1748,"href":"https:\/\/3dcgistudio.com\/es\/wp-json\/wp\/v2\/pages\/3\/revisions\/1748"}],"wp:attachment":[{"href":"https:\/\/3dcgistudio.com\/es\/wp-json\/wp\/v2\/media?parent=3"}],"curies":[{"name":"wp","href":"https:\/\/api.w.org\/{rel}","templated":true}]}}