{"id":1767,"date":"2025-12-27T16:10:11","date_gmt":"2025-12-27T16:10:11","guid":{"rendered":"https:\/\/3dcgistudio.com\/?page_id=1767"},"modified":"2026-01-09T20:00:34","modified_gmt":"2026-01-09T20:00:34","slug":"pie-de-imprenta-aviso-legal","status":"publish","type":"page","link":"https:\/\/3dcgistudio.com\/es\/imprint-legal-notice\/","title":{"rendered":"Pie de imprenta y aviso legal"},"content":{"rendered":"<h2 class=\"wp-block-heading\">Pie de imprenta \/ Aviso legal<\/h2>\n\n\n\n<p><strong>Operador del sitio web (de conformidad con el art\u00edculo 5 de la TMG \/ legislaci\u00f3n de la UE):<\/strong><\/p>\n\n\n\n<p><strong>3D CGI Studio S.L.<\/strong><br>Ctra. de Churra 55<br>30007 Murcia<br>Espa\u00f1a<\/p>\n\n\n\n<p><strong>NIF:<\/strong> B25996109<\/p>\n\n\n\n<hr class=\"wp-block-separator has-alpha-channel-opacity\"\/>\n\n\n\n<h3 class=\"wp-block-heading\">P\u00f3ngase en contacto con<\/h3>\n\n\n\n<p><strong>Correo electr\u00f3nico:<\/strong> <a><span \n                data-original-string='\/SAAId5LCTPCDiucqyH81g==ea6RfQzE+Bk9bKn44SBmBbFN\/CAdb82\/cJc9Oj5\/8W0noA='\n                class='apbct-email-encoder'\n                title='Este contacto ha sido codificado por Anti-Spam by CleanTalk. Haz clic para decodificar. Para finalizar la decodificaci\u00f3n, aseg\u00farate de que JavaScript est\u00e1 activado en tu navegador.'>en<span class=\"apbct-blur\">**<\/span>@<span class=\"apbct-blur\">*********<\/span>io.com<\/span><\/a><br><strong>Formulario de contacto:<\/strong> <a href=\"https:\/\/3dcgistudio.com\/es\/contacto\/\">https:\/\/3dcgistudio.com\/contact-us\/<\/a><\/p>\n\n\n\n<hr class=\"wp-block-separator has-alpha-channel-opacity\"\/>\n\n\n\n<h3 class=\"wp-block-heading\">Responsable del contenido<\/h3>\n\n\n\n<p>Seg\u00fan el \u00a7 55 Abs. 2 RStV \/ Art. 13 GDPR:<br><strong>Uwe Kreuzahler<\/strong><br>Direcci\u00f3n arriba indicada<\/p>\n\n\n\n<hr class=\"wp-block-separator has-alpha-channel-opacity\"\/>\n\n\n\n<h3 class=\"wp-block-heading\">Resoluci\u00f3n de litigios (UE)<\/h3>\n\n\n\n<p>La Comisi\u00f3n Europea ofrece una plataforma para la resoluci\u00f3n de litigios en l\u00ednea (ODR):<br><a>https:\/\/ec.europa.eu\/consumers\/odr<\/a><\/p>\n\n\n\n<p>Somos <strong>dispuesto y obligado<\/strong> participar en procedimientos de resoluci\u00f3n de litigios ante una junta arbitral de consumo.<\/p>\n\n\n\n<hr class=\"wp-block-separator has-alpha-channel-opacity\"\/>\n\n\n\n<h3 class=\"wp-block-heading\">Responsabilidad por los contenidos<\/h3>\n\n\n\n<p>Como proveedor de servicios, somos responsables de nuestros propios contenidos en estas p\u00e1ginas en virtud de las leyes generales. Sin embargo, no estamos obligados a controlar la informaci\u00f3n de terceros transmitida o almacenada ni a investigar circunstancias que indiquen una actividad ilegal. Las obligaciones de eliminar o bloquear el uso de informaci\u00f3n en virtud de las leyes generales no se ver\u00e1n afectadas.<\/p>\n\n\n\n<hr class=\"wp-block-separator has-alpha-channel-opacity\"\/>\n\n\n\n<h3 class=\"wp-block-heading\">Responsabilidad de los enlaces<\/h3>\n\n\n\n<p>Nuestro sitio web contiene enlaces a sitios web externos de terceros. No tenemos ninguna influencia sobre el contenido de estas p\u00e1ginas web; por lo tanto, no podemos asumir ninguna responsabilidad por este contenido externo. El respectivo proveedor u operador de las p\u00e1ginas enlazadas es siempre responsable de su contenido.<\/p>\n\n\n\n<hr class=\"wp-block-separator has-alpha-channel-opacity\"\/>\n\n\n\n<h3 class=\"wp-block-heading\">Copyright<\/h3>\n\n\n\n<p>El contenido y las obras creadas por el operador del sitio web en estas p\u00e1ginas est\u00e1n sujetos a la ley de derechos de autor. La reproducci\u00f3n, el procesamiento, la distribuci\u00f3n o cualquier forma de comercializaci\u00f3n fuera del \u00e1mbito de la ley de derechos de autor requieren el consentimiento previo por escrito del autor respectivo.<\/p>","protected":false},"excerpt":{"rendered":"<p>Imprint \/ Legal Notice Website operator (according to \u00a75 TMG \/ EU law): 3D CGI Studio S.L.Ctra. de Churra 5530007 MurciaSpain VAT ID (NIF): B25996109 Contact Email: in**@*********io.comContact form: https:\/\/3dcgistudio.com\/contact-us\/ Responsible for content According to \u00a7 55 Abs. 2 RStV \/ Art. 13 GDPR:Uwe KreuzahlerAddress as stated above Dispute Resolution (EU) The European Commission provides [&hellip;]<\/p>\n","protected":false},"author":1,"featured_media":0,"parent":0,"menu_order":0,"comment_status":"closed","ping_status":"closed","template":"","meta":{"footnotes":""},"class_list":["post-1767","page","type-page","status-publish","hentry"],"_links":{"self":[{"href":"https:\/\/3dcgistudio.com\/es\/wp-json\/wp\/v2\/pages\/1767","targetHints":{"allow":["GET"]}}],"collection":[{"href":"https:\/\/3dcgistudio.com\/es\/wp-json\/wp\/v2\/pages"}],"about":[{"href":"https:\/\/3dcgistudio.com\/es\/wp-json\/wp\/v2\/types\/page"}],"author":[{"embeddable":true,"href":"https:\/\/3dcgistudio.com\/es\/wp-json\/wp\/v2\/users\/1"}],"replies":[{"embeddable":true,"href":"https:\/\/3dcgistudio.com\/es\/wp-json\/wp\/v2\/comments?post=1767"}],"version-history":[{"count":6,"href":"https:\/\/3dcgistudio.com\/es\/wp-json\/wp\/v2\/pages\/1767\/revisions"}],"predecessor-version":[{"id":1836,"href":"https:\/\/3dcgistudio.com\/es\/wp-json\/wp\/v2\/pages\/1767\/revisions\/1836"}],"wp:attachment":[{"href":"https:\/\/3dcgistudio.com\/es\/wp-json\/wp\/v2\/media?parent=1767"}],"curies":[{"name":"wp","href":"https:\/\/api.w.org\/{rel}","templated":true}]}}