{"id":1317,"date":"2025-05-16T13:21:58","date_gmt":"2025-05-16T13:21:58","guid":{"rendered":"https:\/\/3dcgistudio.com\/?page_id=1317"},"modified":"2025-05-22T12:17:02","modified_gmt":"2025-05-22T12:17:02","slug":"condiciones-del-servicio","status":"publish","type":"page","link":"https:\/\/3dcgistudio.com\/es\/terms-of-service\/","title":{"rendered":"Condiciones de uso"},"content":{"rendered":"<div data-elementor-type=\"wp-page\" data-elementor-id=\"1317\" class=\"elementor elementor-1317\" data-elementor-post-type=\"page\">\n\t\t\t\t<div class=\"elementor-element elementor-element-6a13cda5 e-flex e-con-boxed e-con e-parent\" data-id=\"6a13cda5\" data-element_type=\"container\" data-e-type=\"container\" data-settings=\"{&quot;background_background&quot;:&quot;classic&quot;}\">\n\t\t\t\t\t<div class=\"e-con-inner\">\n\t\t<div class=\"elementor-element elementor-element-42e6ebdf e-con-full e-flex e-con e-child\" data-id=\"42e6ebdf\" data-element_type=\"container\" data-e-type=\"container\">\n\t\t\t\t<div class=\"elementor-element elementor-element-76704d2 elementor-widget elementor-widget-text-editor\" data-id=\"76704d2\" data-element_type=\"widget\" data-e-type=\"widget\" data-widget_type=\"text-editor.default\">\n\t\t\t\t<div class=\"elementor-widget-container\">\n\t\t\t\t\t\t\t\t\t<p><strong style=\"letter-spacing: 0px;\">Fecha de entrada en vigor: 20 de noviembre de 2021<\/strong><\/p>\n<p>Al acceder o utilizar cualquier funcionalidad de este sitio web (\u201cel sitio\u201d), usted, el usuario de este sitio, acepta el siguiente acuerdo con 3D CGI Studio (\u201c3DCGI\u201d, \u201cnosotros\u201d o \u201cnos\u201d).<\/p>\n<p>Le ofrecemos este sitio web, incluyendo toda la informaci\u00f3n, software, productos y servicios disponibles en este sitio web o proporcionados como parte de o en conjunci\u00f3n con este sitio web (el \u201csitio web\u201d), a usted, el usuario, condicionado a la aceptaci\u00f3n de todos los t\u00e9rminos, condiciones, pol\u00edticas y avisos aqu\u00ed expuestos. El uso continuado del sitio web por su parte constituye su aceptaci\u00f3n de todos estos t\u00e9rminos, condiciones y avisos.<\/p>\n<p>Como condici\u00f3n para el uso continuado del Sitio Web, usted garantiza que no utilizar\u00e1 el Sitio Web para ning\u00fan prop\u00f3sito que sea ilegal o est\u00e9 prohibido por estos t\u00e9rminos y condiciones de uso.<\/p>\n<ul>\n<li><strong>Sin garant\u00edas<\/strong>: UTILICE EL SITIO WEB POR SU CUENTA Y RIESGO. ESTE SITIO WEB SE LE PROPORCIONA \u201cTAL CUAL\u201d, SIN GARANT\u00cdA DE NING\u00daN TIPO, YA SEA EXPRESA O IMPL\u00cdCITA, INCLUIDAS, ENTRE OTRAS, LAS GARANT\u00cdAS DE COMERCIABILIDAD, IDONEIDAD PARA UN FIN DETERMINADO, TITULARIDAD O NO INFRACCI\u00d3N. Ni nosotros ni nuestros empleados, agentes, terceros proveedores de informaci\u00f3n, comerciantes, licenciantes o similares garantizamos que el Sitio Web o su funcionamiento sean precisos, fiables, ininterrumpidos o est\u00e9n libres de errores. Ning\u00fan agente o representante tiene autoridad para crear ninguna garant\u00eda con respecto al Sitio Web en nuestro nombre.<\/li>\n<li><strong>Exclusi\u00f3n de responsabilidad<\/strong>&nbsp;BAJO NINGUNA CIRCUNSTANCIA, INCLUIDA LA NEGLIGENCIA, NOSOTROS O CUALQUIER OTRA PERSONA INVOLUCRADA EN LA CREACI\u00d3N, PRODUCCI\u00d3N, ALMACENAMIENTO O DISTRIBUCI\u00d3N DEL SITIO WEB SEREMOS RESPONSABLES DE NING\u00daN DA\u00d1O DIRECTO, INDIRECTO, INCIDENTAL, ESPECIAL O CONSECUENTE QUE SURJA DE O EST\u00c9 RELACIONADO DE ALGUNA MANERA CON EL USO DEL SITIO WEB, EL RETRASO O LA IMPOSIBILIDAD DE USAR EL SITIO WEB, O POR CUALQUIER INFORMACI\u00d3N, SOFTWARE, PRODUCTOS O SERVICIOS OBTENIDOS A TRAV\u00c9S DEL SITIO WEB, YA SEA QUE DICHOS DA\u00d1OS SE BASEN EN UN CONTRATO, AGRAVIO, RESPONSABILIDAD ESTRICTA O DE OTRO TIPO, INCLUSO SI SE ADVIERTE DE LA POSIBILIDAD DE TALES DA\u00d1OS.<\/li>\n<li><strong>Pol\u00edtica de reembolso<\/strong>&nbsp;: Si no est\u00e1 100% satisfecho con su compra, en un plazo de 120 d\u00edas a partir de la fecha de compra, le devolveremos \u00edntegramente el importe de su pedido.<\/li>\n<li><strong>Enlaces y v\u00ednculos destacados<\/strong>. El Sitio Web puede contener hiperv\u00ednculos a sitios web ofrecidos por terceros. Dichos hiperv\u00ednculos se proporcionan \u00fanicamente como referencia. No controlamos esos otros sitios web y no somos responsables de su contenido; la inclusi\u00f3n de hiperv\u00ednculos a dichos sitios web tampoco implica la aprobaci\u00f3n del material contenido en ellos ni asociaci\u00f3n alguna con sus operadores.<\/li>\n<\/ul>\n<p>Salvo que posteriormente le indiquemos lo contrario, por la presente se le autoriza a crear hiperv\u00ednculos al contenido del sitio web, siempre que el hiperv\u00ednculo describa con exactitud el contenido tal y como aparece en el sitio web. Nos reservamos el derecho a revocar esta licencia en general, o su derecho a utilizar enlaces espec\u00edficos, en cualquier momento, y normalmente podemos romper cualquier hiperv\u00ednculo despu\u00e9s de 30 d\u00edas. En ning\u00fan caso podr\u00e1 \u201cenmarcar\u201d el Sitio Web o cualquiera de sus contenidos ni copiar partes del Sitio Web en un servidor. Cada p\u00e1gina del sitio web debe mostrarse en su totalidad (incluidas todas las marcas, marcas comerciales, publicidad y materiales promocionales), sin ning\u00fan marco, borde, margen, dise\u00f1o, marca, marca comercial, publicidad o materiales promocionales que no aparezcan inicialmente en la p\u00e1gina.<\/p>\n<ul>\n<li><strong>Copyright<\/strong>. Excepto por el material en el dominio p\u00fablico bajo la ley de derechos de autor de Costa Rica, todo el material en el Sitio Web (incluyendo todo el software, c\u00f3digo HTML, applets de Java, controles Active X, y otro c\u00f3digo) est\u00e1 protegido por las leyes de derechos de autor de Costa Rica y extranjeras. A menos que se indique expresamente lo contrario en estos t\u00e9rminos y condiciones, usted no puede copiar, distribuir, transmitir, mostrar, ejecutar, reproducir, publicar, licenciar, modificar, reescribir, crear trabajos derivados, transferir o vender cualquier material contenido en el Sitio Web sin el consentimiento previo del propietario de los derechos de autor.<\/li>\n<\/ul>\n<p>Puede realizar copias \u00fanicas de los materiales que aparecen en el sitio web, pero no de los c\u00f3digos fuente, para su uso personal y no comercial, siempre que las copias incluyan los avisos de copyright y otros avisos que aparecen con los materiales en el sitio web. No podr\u00e1 distribuir dichas copias a terceros, ya sea a t\u00edtulo oneroso o de otro tipo, sin nuestra autorizaci\u00f3n previa por escrito o la del propietario de los derechos de autor del material copiado. Las solicitudes de reproducci\u00f3n de materiales del sitio web para su distribuci\u00f3n u otros fines deben enviarse por correo postal a: <span \n                data-original-string='1V2Z+9tDDspyQ3NhJFcZgg==ea67uG3GuLZ5zs49jhCiPUiO9y072t6dtcL4sa3HB0c9hk='\n                class='apbct-email-encoder'\n                title='Este contacto ha sido codificado por Anti-Spam by CleanTalk. Haz clic para decodificar. Para finalizar la decodificaci\u00f3n, aseg\u00farate de que JavaScript est\u00e1 activado en tu navegador.'>ad<span class=\"apbct-blur\">***<\/span>@<span class=\"apbct-blur\">*********<\/span>io.com<\/span><\/p>\n<ul>\n<li><strong>C\u00f3digo fuente<\/strong>: Usted acepta no ver el c\u00f3digo fuente ni desensamblar ning\u00fan c\u00f3digo del Sitio Web.<\/li>\n<li><strong>Utilizar nuestro nombre en su sitio web<\/strong>&nbsp;Esto incluye, pero no se limita a, utilizar el nombre de nuestro sitio web, el nombre de la empresa o el logotipo en las metaetiquetas, el contenido o el c\u00f3digo fuente de su propio sitio web de Internet para confundir o desviar a los usuarios a su sitio web bas\u00e1ndose en nuestra reputaci\u00f3n y nombre, o para mostrar su sitio web en los motores de b\u00fasqueda cuando los usuarios busquen nuestro sitio o empresa.<\/li>\n<\/ul>\n<p>Usted acepta que podamos solicitar la eliminaci\u00f3n inmediata y sin previo aviso de su sitio web de cualquier directorio o motor de b\u00fasqueda si ha utilizado el nombre, el nombre de la empresa o el logotipo de nuestro sitio web en su sitio sin nuestro permiso por escrito.<\/p>\n<ul>\n<li><strong>Intenci\u00f3n dolosa e indemnizaci\u00f3n por da\u00f1os y perjuicios a nuestra empresa<\/strong>&nbsp;Si usted est\u00e1 viendo o recuperando cualquier parte de nuestro sitio con mala intenci\u00f3n, o si tiene la intenci\u00f3n de utilizar cualquier c\u00f3digo o contenido para criticar a nuestra empresa de cualquier manera a terceros, o para obstaculizar, causar da\u00f1os o tratar de detener el funcionamiento de la empresa en sus operaciones diarias t\u00edpicas, usted acepta que nos compensar\u00e1 plenamente cualquier ingreso que se haya perdido como resultado de dicha acci\u00f3n, y que pagar\u00e1 el inter\u00e9s m\u00e1ximo permitido por la ley. Asimismo, acepta pagar todos los costes legales y de investigaci\u00f3n derivados de cualquier acci\u00f3n que se emprenda.<\/li>\n<\/ul>\n<p>Al consultar este sitio, usted acepta que nos ha dado su pleno permiso para recuperar sus datos de cualquier otra parte sin necesidad de ning\u00fan documento o formalidad legal, y que si se sospecha que usted tiene la intenci\u00f3n de causar da\u00f1o a nuestro negocio, que los t\u00e9rminos y condiciones aplicados por cualquier tercero para proteger su identidad o privacidad, ser\u00e1n inmediatamente nulos y sin efecto.<\/p>\n<ul>\n<li><strong>\u00c1rea de publicaci\u00f3n<\/strong>&nbsp;Usted se compromete a no utilizar el Sitio Web para enviar o publicar material calumnioso, injurioso, difamatorio, abusivo, obsceno, profano, sexualmente expl\u00edcito, amenazador, da\u00f1ino o ilegal, material que contenga expresiones flagrantes de intolerancia, racismo u odio, material que fomente conductas que puedan constituir un delito penal, dar lugar a responsabilidad civil o violar cualquier ley local, estatal, nacional o internacional, u otro material de cualquier tipo que consideremos censurable.<\/li>\n<\/ul>\n<p>Las \u00e1reas de publicaci\u00f3n est\u00e1n destinadas exclusivamente a la discusi\u00f3n y el debate. No est\u00e1 permitido utilizar las zonas p\u00fablicas para publicar o transmitir publicidad o anuncios comerciales. No puede publicar ni transmitir material de ninguna naturaleza, incluidos texto, audio, software, animaciones o fotograf\u00edas, que pertenezca a cualquier persona o parte que no sea usted, sin el consentimiento previo por escrito del propietario. El mero hecho de que un material est\u00e9 disponible en Internet no significa que sea de dominio p\u00fablico. La gran mayor\u00eda de los materiales de Internet est\u00e1n protegidos por las leyes de derechos de autor y marcas registradas. Tendremos el derecho, pero no la obligaci\u00f3n, de supervisar las \u00e1reas de publicaci\u00f3n del Sitio Web para determinar el cumplimiento de estos T\u00e9rminos y Condiciones y de cualquier otra norma de funcionamiento.<br>Podemos establecerlo de vez en cuando.<\/p>\n<p>Al publicar mensajes u otro material en las zonas de publicaci\u00f3n del sitio web, nos concede a nosotros y a nuestros licenciatarios el derecho y la licencia mundiales, libres de regal\u00edas, perpetuos, no exclusivos e irrevocables para utilizar, reproducir, modificar, adaptar, publicar, traducir, crear obras derivadas, distribuir, ejecutar y mostrar cualquier mensaje publicado por usted (en su totalidad o en parte) y\/o incorporarlo a otras obras en cualquier forma, medio o tecnolog\u00eda conocida actualmente o que se desarrolle en el futuro.<\/p>\n<ul>\n<li><strong>Cese de privilegios<\/strong>&nbsp;Nos reservamos el derecho a poner fin a su privilegio de utilizar la totalidad o parte del Sitio Web si incumple cualquiera de estos t\u00e9rminos y condiciones de uso. Supongamos que recibimos una notificaci\u00f3n o descubrimos de otro modo que usted ha publicado material que infringe los derechos de autor de terceros o viola los derechos de privacidad o publicidad de terceros. En ese caso, podremos cancelar su acceso al Sitio Web, incluidos todos sus privilegios o cuentas que haya establecido en relaci\u00f3n con el Sitio Web.<\/li>\n<\/ul>\n<p>3DCGI se reserva el derecho a cancelar, suspender o restringir de cualquier otro modo el acceso al proyecto en cualquier momento, con o sin previo aviso.<\/p>\n<p>Cualquier abuso de nuestro personal en cualquier medio o formato dar\u00e1 lugar a la suspensi\u00f3n o finalizaci\u00f3n de su proyecto.<\/p>\n<ul>\n<li><strong>Infracci\u00f3n de los derechos de autor<\/strong>&nbsp;No controlamos los materiales enviados por los usuarios para detectar infracciones de los derechos de autor. Suponga que cree que alg\u00fan material del sitio web infringe sus derechos de autor. En ese caso, puede solicitar la retirada del material envi\u00e1ndonos una notificaci\u00f3n que incluya toda la informaci\u00f3n siguiente:<\/li>\n<\/ul>\n<p>Su nombre completo, direcci\u00f3n y n\u00famero de tel\u00e9fono<br>su direcci\u00f3n de correo electr\u00f3nico<br>identificaci\u00f3n de la(s) obra(s) protegida(s) por derechos de autor que considera que se est\u00e1(n) infringiendo<br>Identificaci\u00f3n del material infractor e informaci\u00f3n suficiente para que podamos localizarlo<br>Su declaraci\u00f3n de buena fe de que (a) el material infringe sus derechos de autor, (b) la informaci\u00f3n proporcionada en la notificaci\u00f3n es exacta, y (c) bajo pena de perjurio, usted est\u00e1 autorizado para actuar en nombre del propietario de los derechos de autor.<br>Su firma f\u00edsica o electr\u00f3nica<br>Dirigir dicha notificaci\u00f3n a <span \n                data-original-string='QLenPhEY1yOCPFIBbi6aXw==ea6VBi2JP22TpEupfz3AotQoq\/x7rppDM\/CEkptdZsboKI='\n                class='apbct-email-encoder'\n                title='Este contacto ha sido codificado por Anti-Spam by CleanTalk. Haz clic para decodificar. Para finalizar la decodificaci\u00f3n, aseg\u00farate de que JavaScript est\u00e1 activado en tu navegador.'>ad<span class=\"apbct-blur\">***<\/span>@<span class=\"apbct-blur\">*********<\/span>io.com<\/span><\/p>\n<p>Una vez recibida la notificaci\u00f3n que cumpla los requisitos anteriores, actuaremos para eliminar los materiales infractores y, si procede, enviaremos una notificaci\u00f3n al usuario que public\u00f3 dichos materiales en el sitio web.<\/p>\n<p>Supongamos que retiramos materiales publicados por usted como usuario debido a una supuesta infracci\u00f3n de los derechos de autor. En ese caso, puede solicitar que se restablezcan los materiales notific\u00e1ndolo por escrito a nuestro agente designado e incluyendo la siguiente informaci\u00f3n:<\/p>\n<ul>\n<li>su nombre completo, direcci\u00f3n y n\u00famero de tel\u00e9fono<\/li>\n<li>su direcci\u00f3n de correo electr\u00f3nico<\/li>\n<li>identificaci\u00f3n del material que ha sido retirado o cuyo acceso ha sido inhabilitado, incluida su ubicaci\u00f3n antes de ser retirado o inhabilitado<\/li>\n<li>su declaraci\u00f3n bajo pena de perjurio de que cree de buena fe que el material fue retirado o inutilizado como consecuencia de un error o una identificaci\u00f3n err\u00f3nea del material<\/li>\n<li>su firma f\u00edsica o electr\u00f3nica<\/li>\n<\/ul>\n<p>Cuando recibamos una notificaci\u00f3n que cumpla los requisitos anteriores, enviaremos una copia de la notificaci\u00f3n al propietario de los derechos de autor que inicialmente reclam\u00f3 la infracci\u00f3n de los derechos de autor. En un plazo de 10 a 14 d\u00edas a partir de la recepci\u00f3n de la notificaci\u00f3n, sustituiremos el material retirado o permitiremos el acceso al mismo, a menos que recibamos notificaci\u00f3n del propietario de los derechos de autor que envi\u00f3 la primera notificaci\u00f3n de que ha interpuesto una demanda para obtener una orden judicial que impida al usuario que public\u00f3 los materiales realizar actividades infractoras. Tenga en cuenta que las partes que tergiversen que los materiales son infractores o que fueron retirados por error o identificaci\u00f3n err\u00f3nea est\u00e1n sujetas a una responsabilidad civil sustancial hacia nosotros y\/o el propietario de los derechos de autor o el usuario del sitio web.<\/p>\n<ul>\n<li><strong>General<\/strong>: Estos T\u00e9rminos y Condiciones constituyen el acuerdo y entendimiento completo entre usted y nosotros en relaci\u00f3n con el uso del Sitio Web, y sustituyen a todas las comunicaciones y\/o propuestas anteriores o contempor\u00e1neas. Nos reservamos el derecho a realizar cambios en estos T\u00e9rminos y Condiciones de forma inmediata mediante la publicaci\u00f3n de los T\u00e9rminos y Condiciones modificados en esta ubicaci\u00f3n. Usted acepta todos los cambios que realicemos si contin\u00faa utilizando el Sitio Web. Una versi\u00f3n impresa de estos T\u00e9rminos y Condiciones ser\u00e1 admisible en procedimientos judiciales o administrativos basados en o relacionados con el uso del Sitio Web en la misma medida y con sujeci\u00f3n a las mismas condiciones que otros documentos y registros comerciales generados y conservados originalmente en forma impresa. El Sitio Web es controlado y operado por 3DCGI desde su oficina en la provincia de Alajuela, Costa Rica. 3DCGI no declara que los materiales del Sitio Web sean apropiados o est\u00e9n disponibles para su uso en otros lugares. Aquellos que decidan acceder al Sitio Web desde otros lugares lo hacen por iniciativa propia y son responsables del cumplimiento de las leyes locales, en la medida en que las leyes locales sean aplicables. El Sitio Web no pretende someter a 3DCGI a las leyes o jurisdicci\u00f3n de Wyoming, Estados Unidos de Am\u00e9rica.<\/li>\n<\/ul>\t\t\t\t\t\t\t\t<\/div>\n\t\t\t\t<\/div>\n\t\t\t\t<\/div>\n\t\t\t\t\t<\/div>\n\t\t\t\t<\/div>\n\t\t\t\t<\/div>","protected":false},"excerpt":{"rendered":"<p>Effective Date: November 20, 2021 By accessing or using any functionality on this website (\u201cthe site\u201d), you, the user of this site, enter into the following agreement with 3D CGI Studio (\u201c3DCGI\u201d, \u201cwe\u201d or \u201cus\u201d, \u201courselves\u201d). We offer this website, including all information, software, products and services available from this website or provided as part [&hellip;]<\/p>\n","protected":false},"author":1,"featured_media":0,"parent":0,"menu_order":0,"comment_status":"closed","ping_status":"closed","template":"","meta":{"footnotes":""},"class_list":["post-1317","page","type-page","status-publish","hentry"],"_links":{"self":[{"href":"https:\/\/3dcgistudio.com\/es\/wp-json\/wp\/v2\/pages\/1317","targetHints":{"allow":["GET"]}}],"collection":[{"href":"https:\/\/3dcgistudio.com\/es\/wp-json\/wp\/v2\/pages"}],"about":[{"href":"https:\/\/3dcgistudio.com\/es\/wp-json\/wp\/v2\/types\/page"}],"author":[{"embeddable":true,"href":"https:\/\/3dcgistudio.com\/es\/wp-json\/wp\/v2\/users\/1"}],"replies":[{"embeddable":true,"href":"https:\/\/3dcgistudio.com\/es\/wp-json\/wp\/v2\/comments?post=1317"}],"version-history":[{"count":5,"href":"https:\/\/3dcgistudio.com\/es\/wp-json\/wp\/v2\/pages\/1317\/revisions"}],"predecessor-version":[{"id":1323,"href":"https:\/\/3dcgistudio.com\/es\/wp-json\/wp\/v2\/pages\/1317\/revisions\/1323"}],"wp:attachment":[{"href":"https:\/\/3dcgistudio.com\/es\/wp-json\/wp\/v2\/media?parent=1317"}],"curies":[{"name":"wp","href":"https:\/\/api.w.org\/{rel}","templated":true}]}}