{"id":836,"date":"2025-05-16T13:21:58","date_gmt":"2025-05-16T13:21:58","guid":{"rendered":"https:\/\/3dcgistudio.com\/?page_id=836"},"modified":"2025-05-22T11:54:55","modified_gmt":"2025-05-22T11:54:55","slug":"faq-2","status":"publish","type":"page","link":"https:\/\/3dcgistudio.com\/de\/faq-2\/","title":{"rendered":"Unser Prozess"},"content":{"rendered":"<div data-elementor-type=\"wp-page\" data-elementor-id=\"836\" class=\"elementor elementor-836\" data-elementor-post-type=\"page\">\n\t\t\t\t<div class=\"elementor-element elementor-element-7bb033 e-flex e-con-boxed e-con e-parent\" data-id=\"7bb033\" data-element_type=\"container\" data-e-type=\"container\" data-settings=\"{&quot;background_background&quot;:&quot;classic&quot;}\">\n\t\t\t\t\t<div class=\"e-con-inner\">\n\t\t<div class=\"elementor-element elementor-element-5340ca2f e-con-full e-flex e-con e-child\" data-id=\"5340ca2f\" data-element_type=\"container\" data-e-type=\"container\">\n\t\t\t\t<div class=\"elementor-element elementor-element-3f53d2d1 elementor-widget elementor-widget-heading\" data-id=\"3f53d2d1\" data-element_type=\"widget\" data-e-type=\"widget\" data-widget_type=\"heading.default\">\n\t\t\t\t<div class=\"elementor-widget-container\">\n\t\t\t\t\t<h1 class=\"elementor-heading-title elementor-size-default\">Unser Prozess<\/h1>\t\t\t\t<\/div>\n\t\t\t\t<\/div>\n\t\t\t\t<\/div>\n\t\t\t\t\t<\/div>\n\t\t\t\t<\/div>\n\t\t<div class=\"elementor-element elementor-element-52d57c1a e-flex e-con-boxed e-con e-parent\" data-id=\"52d57c1a\" data-element_type=\"container\" data-e-type=\"container\" data-settings=\"{&quot;background_background&quot;:&quot;classic&quot;}\">\n\t\t\t\t\t<div class=\"e-con-inner\">\n\t\t\t\t<div class=\"elementor-element elementor-element-45c422a3 elementor-widget elementor-widget-heading\" data-id=\"45c422a3\" data-element_type=\"widget\" data-e-type=\"widget\" data-widget_type=\"heading.default\">\n\t\t\t\t<div class=\"elementor-widget-container\">\n\t\t\t\t\t<h6 class=\"elementor-heading-title elementor-size-default\">Unser Prozess - Wie wir Ihre Vision zum Leben erwecken<\/h6>\t\t\t\t<\/div>\n\t\t\t\t<\/div>\n\t\t\t\t<div class=\"elementor-element elementor-element-59ceaa11 elementor-widget elementor-widget-heading\" data-id=\"59ceaa11\" data-element_type=\"widget\" data-e-type=\"widget\" data-widget_type=\"heading.default\">\n\t\t\t\t<div class=\"elementor-widget-container\">\n\t\t\t\t\t<h3 class=\"elementor-heading-title elementor-size-default\">Bei 3D CGI Studio folgen wir einem rationalisierten und gemeinschaftlichen Prozess, um atemberaubende, hochwertige 3D-Visualisierungen und Animationen zu liefern. \n<br><br>\nVom Konzept bis zum endg\u00fcltigen Rendering stellen wir sicher, dass jedes Detail mit Ihren Vorstellungen und Projektzielen \u00fcbereinstimmt. \n<br><br>\nGanz gleich, ob Sie ein Produkt auf den Markt bringen, eine Immobilie pr\u00e4sentieren oder visuelles Filmmaterial erstellen m\u00f6chten, unser Prozess ist so konzipiert, dass er in jeder Phase transparent, effizient und kreativ ist.<\/h3>\t\t\t\t<\/div>\n\t\t\t\t<\/div>\n\t\t<div class=\"elementor-element elementor-element-aa7b45e e-grid e-con-boxed e-con e-child\" data-id=\"aa7b45e\" data-element_type=\"container\" data-e-type=\"container\" data-settings=\"{&quot;background_background&quot;:&quot;classic&quot;}\">\n\t\t\t\t\t<div class=\"e-con-inner\">\n\t\t\t\t<div class=\"elementor-element elementor-element-d0d3809 elementor-widget elementor-widget-text-editor\" data-id=\"d0d3809\" data-element_type=\"widget\" data-e-type=\"widget\" data-widget_type=\"text-editor.default\">\n\t\t\t\t<div class=\"elementor-widget-container\">\n\t\t\t\t\t\t\t\t\t<h3>1. Entdeckung &amp; Briefing<\/h3>\t\t\t\t\t\t\t\t<\/div>\n\t\t\t\t<\/div>\n\t\t\t\t<div class=\"elementor-element elementor-element-3fe1571 elementor-widget elementor-widget-text-editor\" data-id=\"3fe1571\" data-element_type=\"widget\" data-e-type=\"widget\" data-widget_type=\"text-editor.default\">\n\t\t\t\t<div class=\"elementor-widget-container\">\n\t\t\t\t\t\t\t\t\t<p>Wir beginnen mit einer gemeinsamen Erkundungstour, die uns hilft, Ihre Vision, Ihre Zielgruppe und Ihre Projektziele zu verstehen.<\/p><p>Ganz gleich, ob Sie ein neues Produkt auf den Markt bringen, ein Immobilienprojekt vorstellen oder ein Konzeptfahrzeug visualisieren m\u00f6chten, wir legen die kreative Richtung, die wichtigsten Ergebnisse und den Zeitplan fest, um Ihre Anforderungen von Anfang an zu erf\u00fcllen.<\/p>\t\t\t\t\t\t\t\t<\/div>\n\t\t\t\t<\/div>\n\t\t\t\t<div class=\"elementor-element elementor-element-263c982 elementor-widget elementor-widget-text-editor\" data-id=\"263c982\" data-element_type=\"widget\" data-e-type=\"widget\" data-widget_type=\"text-editor.default\">\n\t\t\t\t<div class=\"elementor-widget-container\">\n\t\t\t\t\t\t\t\t\t<h3>2. Referenzsammlung &amp; Konzeptplanung<\/h3>\t\t\t\t\t\t\t\t<\/div>\n\t\t\t\t<\/div>\n\t\t\t\t<div class=\"elementor-element elementor-element-53c9041 elementor-widget elementor-widget-text-editor\" data-id=\"53c9041\" data-element_type=\"widget\" data-e-type=\"widget\" data-widget_type=\"text-editor.default\">\n\t\t\t\t<div class=\"elementor-widget-container\">\n\t\t\t\t\t\t\t\t\t<p>Sobald die Vision klar ist, sammeln wir alle notwendigen Assets, CAD-Dateien, Skizzen, Moodboards, Stilreferenzen und technischen Daten.<\/p><p>In dieser Phase k\u00f6nnen wir die visuelle Erz\u00e4hlung, die Kamerawinkel und die Komposition der Szenen planen, um die Konsistenz und die Wirkung des gesamten Projekts zu gew\u00e4hrleisten.<\/p>\t\t\t\t\t\t\t\t<\/div>\n\t\t\t\t<\/div>\n\t\t\t\t<div class=\"elementor-element elementor-element-0c77eab elementor-widget elementor-widget-text-editor\" data-id=\"0c77eab\" data-element_type=\"widget\" data-e-type=\"widget\" data-widget_type=\"text-editor.default\">\n\t\t\t\t<div class=\"elementor-widget-container\">\n\t\t\t\t\t\t\t\t\t<h3>3. 3D-Modellierung<\/h3>\t\t\t\t\t\t\t\t<\/div>\n\t\t\t\t<\/div>\n\t\t\t\t<div class=\"elementor-element elementor-element-ae42bf9 elementor-widget elementor-widget-text-editor\" data-id=\"ae42bf9\" data-element_type=\"widget\" data-e-type=\"widget\" data-widget_type=\"text-editor.default\">\n\t\t\t\t<div class=\"elementor-widget-container\">\n\t\t\t\t\t\t\t\t\t<p>Unser Team erweckt Ihr Konzept zum Leben, indem es detaillierte 3D-Modelle von Grund auf erstellt oder bereits vorhandene Objekte verfeinert.<\/p><p>Bis hin zu kleinen Produktkomponenten wird jedes Element, jede Architektur und jedes Fahrzeug mit Pr\u00e4zision, Genauigkeit und Augenmerk auf Ma\u00dfstab und Form modelliert.<\/p>\t\t\t\t\t\t\t\t<\/div>\n\t\t\t\t<\/div>\n\t\t\t\t<div class=\"elementor-element elementor-element-8cde7dd elementor-widget elementor-widget-text-editor\" data-id=\"8cde7dd\" data-element_type=\"widget\" data-e-type=\"widget\" data-widget_type=\"text-editor.default\">\n\t\t\t\t<div class=\"elementor-widget-container\">\n\t\t\t\t\t\t\t\t\t<h3>4. Look Entwicklung<\/h3>\t\t\t\t\t\t\t\t<\/div>\n\t\t\t\t<\/div>\n\t\t\t\t<div class=\"elementor-element elementor-element-a5e6c83 elementor-widget elementor-widget-text-editor\" data-id=\"a5e6c83\" data-element_type=\"widget\" data-e-type=\"widget\" data-widget_type=\"text-editor.default\">\n\t\t\t\t<div class=\"elementor-widget-container\">\n\t\t\t\t\t\t\t\t\t<p>Hier beginnt die Szene Gestalt anzunehmen.<\/p><p>Wir verwenden realistische Materialien, definieren Beleuchtungseinstellungen und bauen die Umgebung auf, um Ihrem Projekt ein unverwechselbares Aussehen und eine besondere Stimmung zu verleihen.<\/p><p>Farben, Texturen und Reflexionen werden genau auf Ihre Marke oder Designabsicht abgestimmt.<\/p>\t\t\t\t\t\t\t\t<\/div>\n\t\t\t\t<\/div>\n\t\t\t\t<div class=\"elementor-element elementor-element-b06f980 elementor-widget elementor-widget-text-editor\" data-id=\"b06f980\" data-element_type=\"widget\" data-e-type=\"widget\" data-widget_type=\"text-editor.default\">\n\t\t\t\t<div class=\"elementor-widget-container\">\n\t\t\t\t\t\t\t\t\t<h3>5. Rendering &amp; Animation<\/h3>\t\t\t\t\t\t\t\t<\/div>\n\t\t\t\t<\/div>\n\t\t\t\t<div class=\"elementor-element elementor-element-52781a9 elementor-widget elementor-widget-text-editor\" data-id=\"52781a9\" data-element_type=\"widget\" data-e-type=\"widget\" data-widget_type=\"text-editor.default\">\n\t\t\t\t<div class=\"elementor-widget-container\">\n\t\t\t\t\t\t\t\t\t<p>Wir rendern hochaufl\u00f6sende Standbilder oder Animationen mit modernster Technologie und schaffen so filmische, scharfe und emotional ansprechende Bilder.<\/p><p>Ganz gleich, ob Sie statische Marketingbilder, animierte Rundg\u00e4nge oder dynamische Produktdrehungen ben\u00f6tigen, wir sorgen f\u00fcr eine pixelgenaue Ausgabe bei jedem Bild.<\/p>\t\t\t\t\t\t\t\t<\/div>\n\t\t\t\t<\/div>\n\t\t\t\t<div class=\"elementor-element elementor-element-378ca67 elementor-widget elementor-widget-text-editor\" data-id=\"378ca67\" data-element_type=\"widget\" data-e-type=\"widget\" data-widget_type=\"text-editor.default\">\n\t\t\t\t<div class=\"elementor-widget-container\">\n\t\t\t\t\t\t\t\t\t<h3>6. \u00dcberpr\u00fcfung &amp; Feedback<\/h3>\t\t\t\t\t\t\t\t<\/div>\n\t\t\t\t<\/div>\n\t\t\t\t<div class=\"elementor-element elementor-element-6ae3887 elementor-widget elementor-widget-text-editor\" data-id=\"6ae3887\" data-element_type=\"widget\" data-e-type=\"widget\" data-widget_type=\"text-editor.default\">\n\t\t\t\t<div class=\"elementor-widget-container\">\n\t\t\t\t\t\t\t\t\t<p>Sie erhalten einen Entwurf des Bildmaterials zur \u00dcberpr\u00fcfung, wobei wir Ihr Feedback begr\u00fc\u00dfen und bei Bedarf Verbesserungen vornehmen.<\/p><p>Diese Zusammenarbeit gew\u00e4hrleistet, dass Ihr Endprodukt genau Ihren Vorstellungen entspricht.<\/p>\t\t\t\t\t\t\t\t<\/div>\n\t\t\t\t<\/div>\n\t\t\t\t<div class=\"elementor-element elementor-element-999d00a elementor-widget elementor-widget-text-editor\" data-id=\"999d00a\" data-element_type=\"widget\" data-e-type=\"widget\" data-widget_type=\"text-editor.default\">\n\t\t\t\t<div class=\"elementor-widget-container\">\n\t\t\t\t\t\t\t\t\t<h3>7. Lieferung<\/h3>\t\t\t\t\t\t\t\t<\/div>\n\t\t\t\t<\/div>\n\t\t\t\t<div class=\"elementor-element elementor-element-dd550b8 elementor-widget elementor-widget-text-editor\" data-id=\"dd550b8\" data-element_type=\"widget\" data-e-type=\"widget\" data-widget_type=\"text-editor.default\">\n\t\t\t\t<div class=\"elementor-widget-container\">\n\t\t\t\t\t\t\t\t\t<p>Nach der Genehmigung werden Ihre endg\u00fcltigen Assets in den gew\u00fcnschten Formaten geliefert, optimiert f\u00fcr Web, Druck, Pr\u00e4sentationen, Video oder VR.<\/p><p>Erwarten Sie eine reibungslose, p\u00fcnktliche Lieferung, bei der alles professionell verpackt und startklar ist.<\/p>\t\t\t\t\t\t\t\t<\/div>\n\t\t\t\t<\/div>\n\t\t\t\t\t<\/div>\n\t\t\t\t<\/div>\n\t\t\t\t\t<\/div>\n\t\t\t\t<\/div>\n\t\t<div class=\"elementor-element elementor-element-68055522 e-con-full e-flex e-con e-parent\" data-id=\"68055522\" data-element_type=\"container\" data-e-type=\"container\" data-settings=\"{&quot;background_background&quot;:&quot;classic&quot;}\">\n\t\t<div class=\"elementor-element elementor-element-22167117 e-con-full e-flex e-con e-child\" data-id=\"22167117\" data-element_type=\"container\" data-e-type=\"container\">\n\t\t\t\t<div class=\"elementor-element elementor-element-785871f1 animated-slow elementor-invisible elementor-widget elementor-widget-heading\" data-id=\"785871f1\" data-element_type=\"widget\" data-e-type=\"widget\" data-settings=\"{&quot;_animation&quot;:&quot;slideInUp&quot;}\" data-widget_type=\"heading.default\">\n\t\t\t\t<div class=\"elementor-widget-container\">\n\t\t\t\t\t<h2 class=\"elementor-heading-title elementor-size-default\">Beginnen Sie mit einem kostenlosen Angebot.<\/h2>\t\t\t\t<\/div>\n\t\t\t\t<\/div>\n\t\t\t\t<div class=\"elementor-element elementor-element-4370d989 animated-slow elementor-invisible elementor-widget elementor-widget-heading\" data-id=\"4370d989\" data-element_type=\"widget\" data-e-type=\"widget\" data-settings=\"{&quot;_animation&quot;:&quot;slideInUp&quot;}\" data-widget_type=\"heading.default\">\n\t\t\t\t<div class=\"elementor-widget-container\">\n\t\t\t\t\t<h2 class=\"elementor-heading-title elementor-size-default\">Der n\u00e4chste Schritt beginnt hier<\/h2>\t\t\t\t<\/div>\n\t\t\t\t<\/div>\n\t\t\t\t<div class=\"elementor-element elementor-element-c3a6c99 elementor-align-left elementor-widget elementor-widget-button\" data-id=\"c3a6c99\" data-element_type=\"widget\" data-e-type=\"widget\" data-widget_type=\"button.default\">\n\t\t\t\t<div class=\"elementor-widget-container\">\n\t\t\t\t\t\t\t\t\t<div class=\"elementor-button-wrapper\">\n\t\t\t\t\t<a class=\"elementor-button elementor-button-link elementor-size-lg elementor-animation-grow\" href=\"https:\/\/3dcgistudio.com\/de\/kostenloses-angebot\/\">\n\t\t\t\t\t\t<span class=\"elementor-button-content-wrapper\">\n\t\t\t\t\t\t\t\t\t<span class=\"elementor-button-text\">Erhalten Sie noch heute Ihr kostenloses Angebot<\/span>\n\t\t\t\t\t<\/span>\n\t\t\t\t\t<\/a>\n\t\t\t\t<\/div>\n\t\t\t\t\t\t\t\t<\/div>\n\t\t\t\t<\/div>\n\t\t\t\t<\/div>\n\t\t<div class=\"elementor-element elementor-element-1feed4bb e-con-full e-flex e-con e-child\" data-id=\"1feed4bb\" data-element_type=\"container\" data-e-type=\"container\">\n\t\t\t\t<div class=\"elementor-element elementor-element-528cc534 elementor-widget__width-initial elementor-widget elementor-widget-image\" data-id=\"528cc534\" data-element_type=\"widget\" data-e-type=\"widget\" data-widget_type=\"image.default\">\n\t\t\t\t<div class=\"elementor-widget-container\">\n\t\t\t\t\t\t\t\t\t\t\t\t\t\t\t<img fetchpriority=\"high\" decoding=\"async\" width=\"800\" height=\"450\" src=\"https:\/\/3dcgistudio.com\/wp-content\/uploads\/2025\/05\/cosmetic_spray-1024x576.webp\" class=\"attachment-large size-large wp-image-421\" alt=\"Kosmetisches Spray\" srcset=\"https:\/\/3dcgistudio.com\/wp-content\/uploads\/2025\/05\/cosmetic_spray-1024x576.webp 1024w, https:\/\/3dcgistudio.com\/wp-content\/uploads\/2025\/05\/cosmetic_spray-300x169.webp 300w, https:\/\/3dcgistudio.com\/wp-content\/uploads\/2025\/05\/cosmetic_spray-768x432.webp 768w, https:\/\/3dcgistudio.com\/wp-content\/uploads\/2025\/05\/cosmetic_spray-1536x864.webp 1536w, https:\/\/3dcgistudio.com\/wp-content\/uploads\/2025\/05\/cosmetic_spray-2048x1152.webp 2048w\" sizes=\"(max-width: 800px) 100vw, 800px\" title=\"Unser Prozess\">\t\t\t\t\t\t\t\t\t\t\t\t\t\t\t<\/div>\n\t\t\t\t<\/div>\n\t\t\t\t<div class=\"elementor-element elementor-element-bcb0a96 elementor-widget__width-initial elementor-widget elementor-widget-image\" data-id=\"bcb0a96\" data-element_type=\"widget\" data-e-type=\"widget\" data-widget_type=\"image.default\">\n\t\t\t\t<div class=\"elementor-widget-container\">\n\t\t\t\t\t\t\t\t\t\t\t\t\t\t\t<img decoding=\"async\" width=\"800\" height=\"450\" src=\"https:\/\/3dcgistudio.com\/wp-content\/uploads\/2025\/05\/henry_hermans-1024x576.webp\" class=\"attachment-large size-large wp-image-422\" alt=\"Henry Hemans Parf\u00fcm\" srcset=\"https:\/\/3dcgistudio.com\/wp-content\/uploads\/2025\/05\/henry_hermans-1024x576.webp 1024w, https:\/\/3dcgistudio.com\/wp-content\/uploads\/2025\/05\/henry_hermans-300x169.webp 300w, https:\/\/3dcgistudio.com\/wp-content\/uploads\/2025\/05\/henry_hermans-768x432.webp 768w, https:\/\/3dcgistudio.com\/wp-content\/uploads\/2025\/05\/henry_hermans-1536x864.webp 1536w, https:\/\/3dcgistudio.com\/wp-content\/uploads\/2025\/05\/henry_hermans-2048x1152.webp 2048w\" sizes=\"(max-width: 800px) 100vw, 800px\" title=\"Unser Prozess\">\t\t\t\t\t\t\t\t\t\t\t\t\t\t\t<\/div>\n\t\t\t\t<\/div>\n\t\t\t\t<\/div>\n\t\t\t\t<\/div>\n\t\t<div class=\"elementor-element elementor-element-2b458ce5 e-flex e-con-boxed e-con e-parent\" data-id=\"2b458ce5\" data-element_type=\"container\" data-e-type=\"container\">\n\t\t\t\t\t<div class=\"e-con-inner\">\n\t\t\t\t<div class=\"elementor-element elementor-element-6d157689 elementor-widget-divider--view-line elementor-widget elementor-widget-divider\" data-id=\"6d157689\" data-element_type=\"widget\" data-e-type=\"widget\" data-widget_type=\"divider.default\">\n\t\t\t\t<div class=\"elementor-widget-container\">\n\t\t\t\t\t\t\t<div class=\"elementor-divider\">\n\t\t\t<span class=\"elementor-divider-separator\">\n\t\t\t\t\t\t<\/span>\n\t\t<\/div>\n\t\t\t\t\t\t<\/div>\n\t\t\t\t<\/div>\n\t\t\t\t\t<\/div>\n\t\t\t\t<\/div>\n\t\t\t\t<\/div>","protected":false},"excerpt":{"rendered":"<p>Our Process Our Process &#8211; How We Bring Your Vision to Life At 3D CGI Studio, we follow a streamlined and collaborative process to deliver stunning, high-quality 3D visuals and animations. From concept to final render, we ensure every detail aligns with your vision and project goals. Whether you&#8217;re launching a product, showcasing real estate, [&hellip;]<\/p>\n","protected":false},"author":1,"featured_media":0,"parent":0,"menu_order":0,"comment_status":"closed","ping_status":"closed","template":"","meta":{"footnotes":""},"class_list":["post-836","page","type-page","status-publish","hentry"],"_links":{"self":[{"href":"https:\/\/3dcgistudio.com\/de\/wp-json\/wp\/v2\/pages\/836","targetHints":{"allow":["GET"]}}],"collection":[{"href":"https:\/\/3dcgistudio.com\/de\/wp-json\/wp\/v2\/pages"}],"about":[{"href":"https:\/\/3dcgistudio.com\/de\/wp-json\/wp\/v2\/types\/page"}],"author":[{"embeddable":true,"href":"https:\/\/3dcgistudio.com\/de\/wp-json\/wp\/v2\/users\/1"}],"replies":[{"embeddable":true,"href":"https:\/\/3dcgistudio.com\/de\/wp-json\/wp\/v2\/comments?post=836"}],"version-history":[{"count":19,"href":"https:\/\/3dcgistudio.com\/de\/wp-json\/wp\/v2\/pages\/836\/revisions"}],"predecessor-version":[{"id":1361,"href":"https:\/\/3dcgistudio.com\/de\/wp-json\/wp\/v2\/pages\/836\/revisions\/1361"}],"wp:attachment":[{"href":"https:\/\/3dcgistudio.com\/de\/wp-json\/wp\/v2\/media?parent=836"}],"curies":[{"name":"wp","href":"https:\/\/api.w.org\/{rel}","templated":true}]}}