{"id":409,"date":"2025-05-16T13:21:58","date_gmt":"2025-05-16T13:21:58","guid":{"rendered":"https:\/\/3dcgistudio.com\/?page_id=409"},"modified":"2025-12-03T10:18:09","modified_gmt":"2025-12-03T10:18:09","slug":"uber-uns","status":"publish","type":"page","link":"https:\/\/3dcgistudio.com\/de\/about-us\/","title":{"rendered":"\u00dcber uns"},"content":{"rendered":"<div data-elementor-type=\"wp-page\" data-elementor-id=\"409\" class=\"elementor elementor-409\" data-elementor-post-type=\"page\">\n\t\t\t\t<div class=\"elementor-element elementor-element-1c82960e e-flex e-con-boxed e-con e-parent\" data-id=\"1c82960e\" data-element_type=\"container\" data-e-type=\"container\" data-settings=\"{&quot;background_background&quot;:&quot;classic&quot;}\">\n\t\t\t\t\t<div class=\"e-con-inner\">\n\t\t<div class=\"elementor-element elementor-element-6359a501 e-con-full e-flex e-con e-child\" data-id=\"6359a501\" data-element_type=\"container\" data-e-type=\"container\">\n\t\t\t\t<div class=\"elementor-element elementor-element-38370bc3 elementor-widget elementor-widget-heading\" data-id=\"38370bc3\" data-element_type=\"widget\" data-e-type=\"widget\" data-widget_type=\"heading.default\">\n\t\t\t\t<div class=\"elementor-widget-container\">\n\t\t\t\t\t<h1 class=\"elementor-heading-title elementor-size-default\">\u00dcber unser Studio<\/h1>\t\t\t\t<\/div>\n\t\t\t\t<\/div>\n\t\t\t\t<\/div>\n\t\t\t\t\t<\/div>\n\t\t\t\t<\/div>\n\t\t<div class=\"elementor-element elementor-element-6ba6d5f e-flex e-con-boxed e-con e-parent\" data-id=\"6ba6d5f\" data-element_type=\"container\" data-e-type=\"container\">\n\t\t\t\t\t<div class=\"e-con-inner\">\n\t\t\t\t<div class=\"elementor-element elementor-element-68c1f261 elementor-widget elementor-widget-text-editor\" data-id=\"68c1f261\" data-element_type=\"widget\" data-e-type=\"widget\" data-widget_type=\"text-editor.default\">\n\t\t\t\t<div class=\"elementor-widget-container\">\n\t\t\t\t\t\t\t\t\t<p><img fetchpriority=\"high\" decoding=\"async\" class=\"alignleft wp-image-530 size-medium\" src=\"https:\/\/3dcgistudio.com\/wp-content\/uploads\/2025\/05\/Uwe-3DCR-round-300x300.webp\" alt=\"Uwe 3DCR Rund 300x300\" width=\"300\" height=\"300\" title=\"\u00dcber uns\" srcset=\"https:\/\/3dcgistudio.com\/wp-content\/uploads\/2025\/05\/Uwe-3DCR-round-300x300.webp 300w, https:\/\/3dcgistudio.com\/wp-content\/uploads\/2025\/05\/Uwe-3DCR-round-1024x1024.webp 1024w, https:\/\/3dcgistudio.com\/wp-content\/uploads\/2025\/05\/Uwe-3DCR-round-150x150.webp 150w, https:\/\/3dcgistudio.com\/wp-content\/uploads\/2025\/05\/Uwe-3DCR-round-768x768.webp 768w, https:\/\/3dcgistudio.com\/wp-content\/uploads\/2025\/05\/Uwe-3DCR-round.webp 1169w\" sizes=\"(max-width: 300px) 100vw, 300px\" \/>Gegr\u00fcndet im Fr\u00fchjahr 2009 von Uwe Kreuzahler, einem deutschen Vision\u00e4r mit Sitz in Costa Rica, hat sich 3D CGI Studio zu einem globalen Marktf\u00fchrer im Bereich Computer Generated Imagery (CGI) entwickelt. Urspr\u00fcnglich unter dem Namen 3D.Nachdem CR gestartet, wurde das Studio gegr\u00fcndet, um der weltweit wachsenden Nachfrage nach hochwertiger CGI in unterschiedlichsten Branchen gerecht zu werden.<\/p><p>Unsere Expertise erstreckt sich von Produktvisualisierung \u00fcber Automotive- und Motorrad-Design bis hin zu Architekturvisualisierung, Motion Graphics und VFX-Animationen. Wir erschaffen Visuals, die mehr leisten als Aufmerksamkeit zu erzeugen \u2013 sie wecken Emotionen und lassen die Visionen unserer Kunden lebendig werden.<\/p><p>Was uns auszeichnet, ist unser interdisziplin\u00e4res Team aus 3D-Artists und Entwicklern. Durch die Kombination k\u00fcnstlerischer Kreativit\u00e4t mit technischer Expertise realisieren wir fotorealistische Renderings und dynamische Animationen, die h\u00f6chsten Qualit\u00e4ts- und Kreativit\u00e4tsanspr\u00fcchen gerecht werden.<\/p><p>\u00dcber unsere Kernleistungen hinaus entwickeln wir Tools wie Blender-Addons, individuelle 3ds-Max-Plugins sowie KI-gest\u00fctzte L\u00f6sungen, die speziell auf die Bed\u00fcrfnisse von 3D-Software-Anwendern zugeschnitten sind. Diese Werkzeuge erm\u00f6glichen es, Workflows zu optimieren und herausragende Ergebnisse zu erzielen.<\/p><p>Im Herbst 2023 haben wir ein eigenes B\u00fcro in den USA er\u00f6ffnet, um zentrale M\u00e4rkte noch flexibler und effizienter zu betreuen. Aufbauend auf diesem Wachstum treten wir bereits in den europ\u00e4ischen Markt ein und planen ab 2026 eine bedeutende Expansion, um Kundenbeziehungen weiter zu st\u00e4rken und unsere globale Pr\u00e4senz auszubauen.<\/p><p>Bei 3D CGI Studio legen wir gro\u00dfen Wert auf schnelle Umsetzungszeiten, wettbewerbsf\u00e4hige Preise und eine nahtlose Online-Plattform f\u00fcr eine reibungslose Zusammenarbeit. Wir verstehen uns nicht nur als Dienstleister, sondern als kreativer Partner, der Ideen in beeindruckende visuelle Realit\u00e4ten verwandelt.<\/p><p>Begleiten Sie uns auf diesem Weg der Innovation und Kreativit\u00e4t. Lassen Sie uns gemeinsam das volle Potenzial Ihrer Vision entfalten \u2013 mit Visuals, die inspirieren, begeistern und nachhaltigen Erfolg schaffen.<\/p>\t\t\t\t\t\t\t\t<\/div>\n\t\t\t\t<\/div>\n\t\t\t\t<div class=\"elementor-element elementor-element-dc9caf9 elementor-align-center elementor-widget elementor-widget-button\" data-id=\"dc9caf9\" data-element_type=\"widget\" data-e-type=\"widget\" data-widget_type=\"button.default\">\n\t\t\t\t<div class=\"elementor-widget-container\">\n\t\t\t\t\t\t\t\t\t<div class=\"elementor-button-wrapper\">\n\t\t\t\t\t<a class=\"elementor-button elementor-button-link elementor-size-lg elementor-animation-grow\" href=\"https:\/\/3dcgistudio.com\/de\/kostenloses-angebot\/\">\n\t\t\t\t\t\t<span class=\"elementor-button-content-wrapper\">\n\t\t\t\t\t\t\t\t\t<span class=\"elementor-button-text\">Erhalten Sie noch heute Ihr kostenloses Angebot<\/span>\n\t\t\t\t\t<\/span>\n\t\t\t\t\t<\/a>\n\t\t\t\t<\/div>\n\t\t\t\t\t\t\t\t<\/div>\n\t\t\t\t<\/div>\n\t\t\t\t\t<\/div>\n\t\t\t\t<\/div>\n\t\t<div class=\"elementor-element elementor-element-3938d951 e-flex e-con-boxed e-con e-parent\" data-id=\"3938d951\" data-element_type=\"container\" data-e-type=\"container\" data-settings=\"{&quot;background_background&quot;:&quot;classic&quot;}\">\n\t\t\t\t\t<div class=\"e-con-inner\">\n\t\t\t\t<div class=\"elementor-element elementor-element-7976352 elementor-widget elementor-widget-heading\" data-id=\"7976352\" data-element_type=\"widget\" data-e-type=\"widget\" data-widget_type=\"heading.default\">\n\t\t\t\t<div class=\"elementor-widget-container\">\n\t\t\t\t\t<h6 class=\"elementor-heading-title elementor-size-default\">TESTIMONIALS<\/h6>\t\t\t\t<\/div>\n\t\t\t\t<\/div>\n\t\t\t\t<div class=\"elementor-element elementor-element-13c8122 elementor-widget elementor-widget-better-testimonial\" data-id=\"13c8122\" data-element_type=\"widget\" data-e-type=\"widget\" data-widget_type=\"better-testimonial.default\">\n\t\t\t\t<div class=\"elementor-widget-container\">\n\t\t\t\t\t<div class=\"better-testimonial style-7 wow fadeInUp\" data-wow-delay=\".5s\">\r\n            <div class=\"item\">\r\n            <p>\"Schnell, unglaublich genau und flexibel, Uwe und 3D.CR haben unsere Anforderungen weit \u00fcbertroffen und es ist eine Freude, mit uns zu arbeiten.\nDie Visualisierung von Automobilen ist extrem anspruchsvoll, mehr als statische Produkte, und erfordert subtile Arbeit rund um reflektierende Oberfl\u00e4chen und ein Gleichgewicht zwischen sauberer und perfekter Beleuchtung und selektiven Unvollkommenheiten, damit sich die Renderings real anf\u00fchlen. Uwe hat mit unserem Team zusammengearbeitet und proaktiv eine Vielzahl von L\u00f6sungen f\u00fcr jede Umgebung angeboten.\nIch w\u00fcrde nicht z\u00f6gern, Uwe f\u00fcr jede digitale Renderarbeit zu empfehlen.\"<\/p>\r\n            <div class=\"info\">\r\n                <div class=\"img\">\r\n                    <div class=\"img-box\">\r\n                        <img decoding=\"async\" src=\"https:\/\/3dcgistudio.com\/wp-content\/uploads\/2025\/05\/Michael-Uhlarik.webp\" alt=\"Michael Uhlarik\" title=\"\u00dcber uns\">\r\n                    <\/div>\r\n                <\/div>\r\n                <div class=\"cont\">\r\n                    <div class=\"author\">\r\n                        <h6 class=\"author-name custom-font\">Michael Uhlarik<\/h6>\r\n                        <span class=\"author-details\">Leiter der Abteilung Design, Potential Motors<\/span>\r\n                    <\/div>\r\n                <\/div>\r\n            <\/div>\r\n        <\/div>\r\n            <div class=\"item\">\r\n            <p>\"Uwe ist ein Profi und es ist toll, mit ihm zu arbeiten. Er ist flexibel, fair, p\u00fcnktlich und liefert. F\u00fcr hochwertige digitale Bilder kann ich die Zusammenarbeit mit ihm nur empfehlen.\"<\/p>\r\n            <div class=\"info\">\r\n                <div class=\"img\">\r\n                    <div class=\"img-box\">\r\n                        <img decoding=\"async\" src=\"https:\/\/3dcgistudio.com\/wp-content\/uploads\/2025\/05\/noah_tompkins.webp\" alt=\"Noah Tompkins\" title=\"\u00dcber uns\">\r\n                    <\/div>\r\n                <\/div>\r\n                <div class=\"cont\">\r\n                    <div class=\"author\">\r\n                        <h6 class=\"author-name custom-font\">Noah Tompkins<\/h6>\r\n                        <span class=\"author-details\">VP f\u00fcr Marketing bei Potential Motors<\/span>\r\n                    <\/div>\r\n                <\/div>\r\n            <\/div>\r\n        <\/div>\r\n            <div class=\"item\">\r\n            <p>\u201cUwe und sein Team sind Profis, sowohl in ihrer Arbeit als auch in der Beziehung, die wir mit ihnen f\u00fcr einige unserer ben\u00f6tigten 3D-Renderings aufgebaut haben. Die Bilder waren unglaublich und die Liebe zum Detail \u00fcbertraf alles andere. \u201d<\/p>\r\n            <div class=\"info\">\r\n                <div class=\"img\">\r\n                    <div class=\"img-box\">\r\n                        <img decoding=\"async\" src=\"https:\/\/3dcgistudio.com\/wp-content\/uploads\/2025\/05\/brian_wilcox.webp\" alt=\"Brian Wilcox\" title=\"\u00dcber uns\">\r\n                    <\/div>\r\n                <\/div>\r\n                <div class=\"cont\">\r\n                    <div class=\"author\">\r\n                        <h6 class=\"author-name custom-font\">Brian Wilcox<\/h6>\r\n                        <span class=\"author-details\">Enterprise Business Systems COE Delivery Partner<\/span>\r\n                    <\/div>\r\n                <\/div>\r\n            <\/div>\r\n        <\/div>\r\n            <div class=\"item\">\r\n            <p>\u201cUwe hat alles, was jeder Profi von einem anderen Profi erwartet - P\u00fcnktlichkeit, Kommunikation und Qualit\u00e4t der Arbeit. Wenn man mit Uwe arbeitet, ist er bestrebt, alle Erwartungen zu \u00fcbertreffen. Und das Beste ist, er ist ein verdammt netter Kerl!\u2019<\/p>\r\n            <div class=\"info\">\r\n                <div class=\"img\">\r\n                    <div class=\"img-box\">\r\n                        <img decoding=\"async\" src=\"https:\/\/3dcgistudio.com\/wp-content\/uploads\/2025\/05\/daniel_figueredo.webp\" alt=\"Daniel Figueredo\" title=\"\u00dcber uns\">\r\n                    <\/div>\r\n                <\/div>\r\n                <div class=\"cont\">\r\n                    <div class=\"author\">\r\n                        <h6 class=\"author-name custom-font\">Daniel Figueredo<\/h6>\r\n                        <span class=\"author-details\">Gr\u00fcnder von Brush &amp; Bristle Co.<\/span>\r\n                    <\/div>\r\n                <\/div>\r\n            <\/div>\r\n        <\/div>\r\n            <div class=\"item\">\r\n            <p>\u201cEs war ein Vergn\u00fcgen, mit 3D.CR zu arbeiten. Uwe und sein Team sind spitze. Wenn alle meine Projekte so reibungslos ablaufen w\u00fcrden wie mit 3D.CR, w\u00e4re ich sehr gl\u00fccklich. Sie haben absolut erstaunliche 3D-Visualisierungen zu einem sehr wettbewerbsf\u00e4higen Preis geliefert und ich kann 3D.CR sehr empfehlen.\u201d<\/p>\r\n            <div class=\"info\">\r\n                <div class=\"img\">\r\n                    <div class=\"img-box\">\r\n                        <img decoding=\"async\" src=\"https:\/\/3dcgistudio.com\/wp-content\/uploads\/2025\/05\/fabio_alemanno.webp\" alt=\"Fabio Alemanno\" title=\"\u00dcber uns\">\r\n                    <\/div>\r\n                <\/div>\r\n                <div class=\"cont\">\r\n                    <div class=\"author\">\r\n                        <h6 class=\"author-name custom-font\">Fabio Alemanno<\/h6>\r\n                        <span class=\"author-details\">Direktor bei Fabio Alemanno Design LTD<\/span>\r\n                    <\/div>\r\n                <\/div>\r\n            <\/div>\r\n        <\/div>\r\n            <div class=\"item\">\r\n            <p>\u201cUwe hat fantastische Arbeit f\u00fcr unsere Firma Alpha Tiny Homes geleistet... ein echter Profi und er hat ein Produkt geschaffen, das viel besser ist, als wir es uns erhofft haben.\u201d<\/p>\r\n            <div class=\"info\">\r\n                <div class=\"img\">\r\n                    <div class=\"img-box\">\r\n                        <img decoding=\"async\" src=\"https:\/\/3dcgistudio.com\/wp-content\/uploads\/2025\/05\/jim_gale.webp\" alt=\"Jim Gale\" title=\"\u00dcber uns\">\r\n                    <\/div>\r\n                <\/div>\r\n                <div class=\"cont\">\r\n                    <div class=\"author\">\r\n                        <h6 class=\"author-name custom-font\">Jim Gale<\/h6>\r\n                        <span class=\"author-details\">Alpha Tiny Homes<\/span>\r\n                    <\/div>\r\n                <\/div>\r\n            <\/div>\r\n        <\/div>\r\n            <div class=\"item\">\r\n            <p>\u201cDurch meine Recherchen und Networking konnte ich eine Verbindung zu Uwe Kreuzahler von 3D.cr herstellen. Seine Firma und sein Programm sind sehr interessant und zukunftsorientiert. Meine Bed\u00fcrfnisse h\u00e4tten von jeder Firma erf\u00fcllt werden k\u00f6nnen und ehrlich gesagt war ich nicht sein \u00fcbliches Projekt. Ich war froh, als er mein kleines Projekt \u00fcbernehmen konnte. Bei 3D.cr geht es darum, Produkte und Ideen f\u00fcr Hersteller und Designer auf eine sehr aktuelle und offene Art und Weise zu pr\u00e4sentieren. Uwe und sein Team haben Vision Interface einen exzellenten Service geboten, sie haben die richtigen Fragen gestellt und waren in der Lage, unsere Idee in kurzer Zeit zu realisieren! Ihre Kosten sind au\u00dfergew\u00f6hnlich, die Zeit bis zur Fertigstellung ist hervorragend. Vision Interface ist sehr zufrieden mit dem Ergebnis! Vielen Dank Uwe 3d.cr\u201d<\/p>\r\n            <div class=\"info\">\r\n                <div class=\"img\">\r\n                    <div class=\"img-box\">\r\n                        <img decoding=\"async\" src=\"https:\/\/3dcgistudio.com\/wp-content\/uploads\/2025\/05\/rustin.webp\" alt=\"Rustin\" title=\"\u00dcber uns\">\r\n                    <\/div>\r\n                <\/div>\r\n                <div class=\"cont\">\r\n                    <div class=\"author\">\r\n                        <h6 class=\"author-name custom-font\">Rustin Hawver<\/h6>\r\n                        <span class=\"author-details\">Vizepr\u00e4sident f\u00fcr Marketing bei Vision Interface<\/span>\r\n                    <\/div>\r\n                <\/div>\r\n            <\/div>\r\n        <\/div>\r\n            <div class=\"item\">\r\n            <p>\u201cIch freue mich, Uwe und seine Arbeit empfehlen zu k\u00f6nnen. Uwe war in der Lage, mit einem unserer anspruchsvollsten Kunden zu arbeiten und ein Qualit\u00e4tsprodukt in einer angemessenen Zeit zu liefern. Das Endergebnis war ein durchschlagender Erfolg. Ich werde Uwe auch in Zukunft f\u00fcr alle Belange auf der Peninsula Papagayo in Costa Rica einsetzen.\u201d<\/p>\r\n            <div class=\"info\">\r\n                <div class=\"img\">\r\n                    <div class=\"img-box\">\r\n                        <img decoding=\"async\" src=\"https:\/\/3dcgistudio.com\/wp-content\/uploads\/2025\/05\/steve_grubba.webp\" alt=\"Steve Grubba\" title=\"\u00dcber uns\">\r\n                    <\/div>\r\n                <\/div>\r\n                <div class=\"cont\">\r\n                    <div class=\"author\">\r\n                        <h6 class=\"author-name custom-font\">Steve Grubba<\/h6>\r\n                        <span class=\"author-details\">Verkaufsleiter bei Peninsula Papagayo<\/span>\r\n                    <\/div>\r\n                <\/div>\r\n            <\/div>\r\n        <\/div>\r\n            <div class=\"item\">\r\n            <p>\u201cUwes Arbeit ist erstklassig. Ich habe mich an ihn gewandt, um ein fotorealistisches Rendering und einige Grundrisse f\u00fcr eines unserer gewerblichen Angebote zu erstellen, und er hat meine Erwartungen weit \u00fcbertroffen. Er ist sehr professionell, sympathisch und hat sich mit minimalen Anweisungen sehr schnell in die Arbeit eingearbeitet. Er ist definitiv meine erste Wahl f\u00fcr zuk\u00fcnftige Projekte.\u201c<\/p>\r\n            <div class=\"info\">\r\n                <div class=\"img\">\r\n                    <div class=\"img-box\">\r\n                        <img decoding=\"async\" src=\"https:\/\/3dcgistudio.com\/wp-content\/uploads\/2025\/05\/nicole-schlueter.webp\" alt=\"Nicole Schlueter\" title=\"\u00dcber uns\">\r\n                    <\/div>\r\n                <\/div>\r\n                <div class=\"cont\">\r\n                    <div class=\"author\">\r\n                        <h6 class=\"author-name custom-font\">Nicole Schlueter<\/h6>\r\n                        <span class=\"author-details\">Kreativdirektor bei Halton Pardee + Partners<\/span>\r\n                    <\/div>\r\n                <\/div>\r\n            <\/div>\r\n        <\/div>\r\n            <div class=\"item\">\r\n            <p>\"Uwe und 3D.CR lieferten schnell, flexibel, professionell und es war ein Vergn\u00fcgen, mit ihnen zu arbeiten.\nIch w\u00fcrde nicht z\u00f6gern, Uwe f\u00fcr alle digitalen Renderarbeiten zu empfehlen.\"<\/p>\r\n            <div class=\"info\">\r\n                <div class=\"img\">\r\n                    <div class=\"img-box\">\r\n                        <img decoding=\"async\" src=\"https:\/\/3dcgistudio.com\/wp-content\/uploads\/2025\/05\/steve_donnell.webp\" alt=\"Steve Donnell\" title=\"\u00dcber uns\">\r\n                    <\/div>\r\n                <\/div>\r\n                <div class=\"cont\">\r\n                    <div class=\"author\">\r\n                        <h6 class=\"author-name custom-font\">Steve Donnell<\/h6>\r\n                        <span class=\"author-details\">Leiter der Abteilung Design und Innovation - VictorEV<\/span>\r\n                    <\/div>\r\n                <\/div>\r\n            <\/div>\r\n        <\/div>\r\n            <div class=\"item\">\r\n            <p>\"Uwe ist ein erstklassiger Mensch und es ist ein Vergn\u00fcgen, mit ihm zu arbeiten. Die Liebe zum Detail ist au\u00dfergew\u00f6hnlich und die handwerklichen F\u00e4higkeiten geh\u00f6ren zu den besten in diesem Bereich. Ich hoffe, dass ich wieder mit Uwe zusammenarbeiten werde und kann seine Dienste und seine Freundschaft sehr empfehlen.\"<\/p>\r\n            <div class=\"info\">\r\n                <div class=\"img\">\r\n                    <div class=\"img-box\">\r\n                        <img decoding=\"async\" src=\"https:\/\/3dcgistudio.com\/wp-content\/uploads\/2025\/05\/harry_fricker.webp\" alt=\"Harry Fricker\" title=\"\u00dcber uns\">\r\n                    <\/div>\r\n                <\/div>\r\n                <div class=\"cont\">\r\n                    <div class=\"author\">\r\n                        <h6 class=\"author-name custom-font\">Harry Fricker<\/h6>\r\n                        <span class=\"author-details\">Mitbegr\u00fcnder \/ Kreativdirektor bei Arvin Goods<\/span>\r\n                    <\/div>\r\n                <\/div>\r\n            <\/div>\r\n        <\/div>\r\n            <div class=\"item\">\r\n            <p>\"Ultrae entwickelt Wide Body Trucks f\u00fcr den Off-Highway-Transport und ben\u00f6tigt f\u00fcr das Marketing qualitativ hochwertige Bilder, die auf Basis von Cad-Modellen entwickelt werden.\nUwe hat realistische Bilder geliefert und bei weitem die hochwertigste Arbeit, die wir gesehen haben, besser als erwartet.\nDer Prozess wurde sehr professionell und innerhalb des erforderlichen Zeitrahmens abgewickelt.\nUwe thankyou.\"<\/p>\r\n            <div class=\"info\">\r\n                <div class=\"img\">\r\n                    <div class=\"img-box\">\r\n                        <img decoding=\"async\" src=\"https:\/\/3dcgistudio.com\/wp-content\/uploads\/2025\/05\/ron_schliebs.webp\" alt=\"Ron Schliebs\" title=\"\u00dcber uns\">\r\n                    <\/div>\r\n                <\/div>\r\n                <div class=\"cont\">\r\n                    <div class=\"author\">\r\n                        <h6 class=\"author-name custom-font\">Ron Schliebs<\/h6>\r\n                        <span class=\"author-details\">Direktor, Ultrae Pty Ltd<\/span>\r\n                    <\/div>\r\n                <\/div>\r\n            <\/div>\r\n        <\/div>\r\n            <div class=\"item\">\r\n            <p>\"Ich hatte das Vergn\u00fcgen, mit Uwe an mehreren architektonischen Projekten zu arbeiten, und seine Renderings waren schlichtweg umwerfend. Uwe hat durchweg qualitativ hochwertige, realistische Visualisierungen geliefert, die unsere Konzepte zum Leben erweckt haben, und dabei jedes Mal die Fristen eingehalten und die Erwartungen \u00fcbertroffen.\"<\/p>\r\n            <div class=\"info\">\r\n                <div class=\"img\">\r\n                    <div class=\"img-box\">\r\n                        <img decoding=\"async\" src=\"https:\/\/3dcgistudio.com\/wp-content\/uploads\/2025\/05\/Joshua-ten-Brink.jpeg\" alt=\"Joshua Ten Brink\" title=\"\u00dcber uns\">\r\n                    <\/div>\r\n                <\/div>\r\n                <div class=\"cont\">\r\n                    <div class=\"author\">\r\n                        <h6 class=\"author-name custom-font\">Joshua ten Brink<\/h6>\r\n                        <span class=\"author-details\">Riverside Eigentumswohnungen, Riverside Plaza, Bayside Tambor<\/span>\r\n                    <\/div>\r\n                <\/div>\r\n            <\/div>\r\n        <\/div>\r\n    <\/div>\r\n\t\t\t\t<\/div>\n\t\t\t\t<\/div>\n\t\t\t\t\t<\/div>\n\t\t\t\t<\/div>\n\t\t\t\t<\/div>","protected":false},"excerpt":{"rendered":"<p>About us Founded in the spring of 2009 by Uwe Kreuzahler, a German visionary residing in Costa Rica, 3D CGI Studio has grown into a global leader in computer-generated imagery (CGI). Initially launched as 3D.CR, the studio was built to meet the rising global demand for high-quality CGI across various industries. Our expertise spans product [&hellip;]<\/p>\n","protected":false},"author":1,"featured_media":0,"parent":0,"menu_order":0,"comment_status":"closed","ping_status":"closed","template":"","meta":{"footnotes":""},"class_list":["post-409","page","type-page","status-publish","hentry"],"_links":{"self":[{"href":"https:\/\/3dcgistudio.com\/de\/wp-json\/wp\/v2\/pages\/409","targetHints":{"allow":["GET"]}}],"collection":[{"href":"https:\/\/3dcgistudio.com\/de\/wp-json\/wp\/v2\/pages"}],"about":[{"href":"https:\/\/3dcgistudio.com\/de\/wp-json\/wp\/v2\/types\/page"}],"author":[{"embeddable":true,"href":"https:\/\/3dcgistudio.com\/de\/wp-json\/wp\/v2\/users\/1"}],"replies":[{"embeddable":true,"href":"https:\/\/3dcgistudio.com\/de\/wp-json\/wp\/v2\/comments?post=409"}],"version-history":[{"count":12,"href":"https:\/\/3dcgistudio.com\/de\/wp-json\/wp\/v2\/pages\/409\/revisions"}],"predecessor-version":[{"id":1706,"href":"https:\/\/3dcgistudio.com\/de\/wp-json\/wp\/v2\/pages\/409\/revisions\/1706"}],"wp:attachment":[{"href":"https:\/\/3dcgistudio.com\/de\/wp-json\/wp\/v2\/media?parent=409"}],"curies":[{"name":"wp","href":"https:\/\/api.w.org\/{rel}","templated":true}]}}