{"id":3,"date":"2025-05-16T13:21:58","date_gmt":"2025-05-16T13:21:58","guid":{"rendered":"https:\/\/3dcgistudio.com\/?page_id=3"},"modified":"2025-12-03T11:57:43","modified_gmt":"2025-12-03T11:57:43","slug":"datenschutzbestimmungen","status":"publish","type":"page","link":"https:\/\/3dcgistudio.com\/de\/privacy-policy\/","title":{"rendered":"Datenschutzbestimmungen"},"content":{"rendered":"<div data-elementor-type=\"wp-page\" data-elementor-id=\"3\" class=\"elementor elementor-3\" data-elementor-post-type=\"page\">\n\t\t\t\t<div class=\"elementor-element elementor-element-ffd8519 e-flex e-con-boxed e-con e-parent\" data-id=\"ffd8519\" data-element_type=\"container\" data-e-type=\"container\">\n\t\t\t\t\t<div class=\"e-con-inner\">\n\t\t\t\t<div class=\"elementor-element elementor-element-726a666 elementor-widget elementor-widget-heading\" data-id=\"726a666\" data-element_type=\"widget\" data-e-type=\"widget\" data-widget_type=\"heading.default\">\n\t\t\t\t<div class=\"elementor-widget-container\">\n\t\t\t\t\t<h2 class=\"elementor-heading-title elementor-size-default\">Datenschutzbestimmungen<\/h2>\t\t\t\t<\/div>\n\t\t\t\t<\/div>\n\t\t\t\t\t<\/div>\n\t\t\t\t<\/div>\n\t\t<div class=\"elementor-element elementor-element-6a13cda5 e-flex e-con-boxed e-con e-parent\" data-id=\"6a13cda5\" data-element_type=\"container\" data-e-type=\"container\" data-settings=\"{&quot;background_background&quot;:&quot;classic&quot;}\">\n\t\t\t\t\t<div class=\"e-con-inner\">\n\t\t<div class=\"elementor-element elementor-element-42e6ebdf e-con-full e-flex e-con e-child\" data-id=\"42e6ebdf\" data-element_type=\"container\" data-e-type=\"container\">\n\t\t\t\t<div class=\"elementor-element elementor-element-76704d2 elementor-widget elementor-widget-text-editor\" data-id=\"76704d2\" data-element_type=\"widget\" data-e-type=\"widget\" data-widget_type=\"text-editor.default\">\n\t\t\t\t<div class=\"elementor-widget-container\">\n\t\t\t\t\t\t\t\t\t<p><em>Datum des Inkrafttretens: November 20, 2021<\/em><\/p>\n<p>3D CGI Studio Inc. sch\u00e4tzt die Nutzer unserer Website (die \u201cWebsite\u201d). Ihre Privatsph\u00e4re und Ihr Vertrauen sind f\u00fcr uns sehr wichtig. Wir sind uns bewusst, dass Sie sich \u00fcber die Erfassung, Verwendung und Weitergabe von personenbezogenen Daten (\u201cPers\u00f6nliche Daten\u201d), die wir bei der Nutzung der Website und der auf der Website angebotenen Dienste (\u201c3D CGI Studio Inc. Dienste\u201d) erfassen, Gedanken machen k\u00f6nnten. Diese Datenschutzrichtlinie beschreibt die Informationen, die wir von Ihnen sammeln, wie wir diese Informationen sammeln und was wir mit ihnen tun, nachdem wir sie gesammelt haben. Durch die Nutzung der Website erkl\u00e4ren Sie sich mit den in dieser Datenschutzrichtlinie beschriebenen Praktiken einverstanden. Wenn Sie Fragen oder Anmerkungen zu dieser Datenschutzrichtlinie haben, kontaktieren Sie uns bitte unter <span \n                data-original-string='i42Yo\/LtwcRpnp5NIq+CuQ==ea6XUA1OdmIsXwVNJ11pxCxraKeVGfgxFLOGuh7sXjTpWo='\n                class='apbct-email-encoder'\n                title='Dieser Kontakt wurde von Anti-Spam by CleanTalk verschl\u00fcsselt. Klicken Sie hier, um ihn zu entschl\u00fcsseln. Um die Entschl\u00fcsselung abzuschlie\u00dfen, stellen Sie sicher, dass JavaScript in Ihrem Browser aktiviert ist.'>pr<span class=\"apbct-blur\">*****<\/span>@<span class=\"apbct-blur\">*********<\/span>io.com<\/span>.<\/p>\n<p><strong>\u00c4ndert 3DCGIStudio.com jemals seine Datenschutzrichtlinien?<\/strong><\/p>\n<p>Wir k\u00f6nnen von Zeit zu Zeit \u00c4nderungen an der Datenschutzrichtlinie vornehmen. Wir werden Sie \u00fcber alle wesentlichen \u00c4nderungen informieren, indem wir Ihnen eine E-Mail schicken, einen Hinweis auf der Startseite der Website ver\u00f6ffentlichen oder einen Hinweis in Ihrem Konto ver\u00f6ffentlichen, wenn Sie sich zum ersten Mal anmelden, nachdem wir \u00c4nderungen vorgenommen haben. Wenn Sie eine Benachrichtigung \u00fcber eine \u00c4nderung unserer Datenschutzrichtlinie erhalten, m\u00fcssen Sie die neue Datenschutzrichtlinie sorgf\u00e4ltig lesen, um sicherzustellen, dass Sie unsere Praktiken und Verfahren verstehen. Sie k\u00f6nnen m\u00f6glicherweise keine Benachrichtigungen von uns erhalten, wenn Ihre Cookies nicht akzeptiert werden und\/oder deaktiviert sind.<\/p>\n<p><strong>Welche Arten von Informationen sammelt 3DCGIStudio.com von mir?<\/strong><\/p>\n<ul>\n<li><strong>Pers\u00f6nliche Informationen.<\/strong>Wir sammeln pers\u00f6nliche Daten, die Sie uns zur Verf\u00fcgung stellen, wie z. B. Ihren Namen, Ihre Postanschrift, Telefonnummer, E-Mail-Adresse, Kreditkartennummer und finanzielle Informationen.<\/li>\n<li><strong>Nicht-pers\u00f6nliche Informationen.<\/strong>Wir erfassen auch nicht-personenbezogene Daten von Ihnen, wie z. B. Ihren Browsertyp, die URL der zuvor besuchten Website, Ihren ISP, Ihr Betriebssystem und Ihre Internet-Protokoll-Adresse (IP-Adresse) (\u201cnicht-personenbezogene Daten\u201d). Nicht-personenbezogene Daten k\u00f6nnen nicht ohne weiteres verwendet werden, um Sie pers\u00f6nlich zu identifizieren.<\/li>\n<\/ul>\n<p><strong>Wie und wann sammelt 3DCGIStudio.com diese Informationen?<\/strong><\/p>\n<p>Wir sammeln pers\u00f6nliche Daten von Ihnen, wenn Sie sie uns zur Verf\u00fcgung stellen. Wenn Sie beispielsweise ein \u00fcber einen Shop verkauftes Produkt kaufen, k\u00f6nnen wir Ihren Namen, Ihre Postanschrift, Ihre Telefonnummer, Ihre Kreditkartennummer und Ihre E-Mail-Adresse erfassen. Wenn Sie ein Shopkeeper- oder Partnerkonto einrichten, k\u00f6nnen wir Ihren Namen, Ihre Steuernummer, Ihre Postanschrift, Ihre E-Mail-Adresse und andere Informationen, die wir w\u00e4hrend des Registrierungsprozesses abfragen, sowie alle Informationen, die Sie in Ihrem3D CGI Studio Inc.-Schaufenster angeben, erfassen. Wenn Sie sich f\u00fcr den Erhalt eines Newsletters anmelden, erfassen wir Ihre E-Mail-Adresse.<\/p>\n<p><strong>Kommunikation mit uns<\/strong>.<\/p>\n<p>Wenn Sie mit uns \u00fcber die Website oder die3D CGI Studio Inc. Services kommunizieren, sammeln wir alle Informationen, die Sie uns in einer solchen Kommunikation zur Verf\u00fcgung stellen.<\/p>\n<p><strong>Analyse- und Berichtstechnologien.<\/strong><\/p>\n<p>Wie die Betreiber der meisten Websites verwenden wir Analyse- und Berichtstechnologien, um nicht-personenbezogene Daten wie Internetdom\u00e4nen- und Hostnamen, Internetprotokoll (IP)-Adressen, Browsersoftware, Betriebssystemtypen, Clickstream-Muster sowie Datum und Uhrzeit des Zugriffs auf die Website und die3D CGI Studio Inc. zu erfassen. Dienste zugegriffen wird. Dar\u00fcber hinaus arbeiten wir mit verschiedenen Online-Partnern zusammen, die uns bei der Verwaltung, \u00dcberwachung und Optimierung unserer Website und der the3D CGI Studio Inc. Services zu verwalten und zu optimieren und uns dabei zu helfen, die Effektivit\u00e4t unserer Werbung und Kommunikation sowie die Nutzung der Website durch die Besucher zu messen. Zu diesem Zweck k\u00f6nnen wir Web-Beacons und Cookies verwenden.<\/p>\n<p><strong>Wie verwendet 3DCGIStudio.com meine Informationen?<\/strong><\/p>\n<ul>\n<li><strong>Pers\u00f6nliche Informationen.<\/strong>Wir verwenden personenbezogene Daten in erster Linie f\u00fcr unsere eigenen internen Zwecke, wie die Bereitstellung, Wartung, Bewertung und Verbesserung der3D CGI Studio Inc. Services und der Website, zur Beantwortung von Informationsanfragen, zur Herstellung und zum Versand der von Ihnen bestellten Produkte und zur Bereitstellung von Kundensupport. Wenn Sie beispielsweise ein Shopkeeper-Konto erstellen, verwenden wir die von Ihnen bereitgestellten Informationen, um mit Ihnen zu kommunizieren und Ihnen die von Ihnen verdienten Provisionen auszuzahlen. Wenn Sie sich f\u00fcr einen Newsletter von 3D CGI Studio Inc. anmelden, werden wir die von Ihnen angegebene E-Mail-Adresse verwenden, um Ihnen den Newsletter zuzusenden.<\/li>\n<li><strong>Nicht-pers\u00f6nliche Informationen.<\/strong>Wir verwenden nicht-personenbezogene Daten, um die Nutzung der Website und der3D CGI Studio Inc. Services und f\u00fcr andere interne Zwecke, wie die Bereitstellung, Wartung, Bewertung und Verbesserung der3D CGI Studio Inc. Dienstleistungen und der Website.<\/li>\n<\/ul>\n<p><strong>Wann wird 3DCGIStudio.com meine Informationen an Dritte weitergeben?<\/strong><\/p>\n<ul>\n<li><strong>Offenlegung gegen\u00fcber Nachfolgern.<\/strong>Wir k\u00f6nnen Ihre pers\u00f6nlichen Daten an unsere Rechtsnachfolger weitergeben, z. B. an ein Unternehmen, das uns erwirbt. F\u00fcr den Fall, dass3D CGI Studio Inc. einen Gesch\u00e4fts\u00fcbergang durchl\u00e4uft, wie z. B. eine Fusion oder \u00dcbernahme durch oder mit einem anderen Unternehmen oder den Verkauf aller oder eines Teils unserer Verm\u00f6genswerte, werden Ihre pers\u00f6nlichen Daten wahrscheinlich zu den \u00fcbertragenen Verm\u00f6genswerten geh\u00f6ren. Sie werden per E-Mail oder durch einen Hinweis auf unserer Website \u00fcber eine solche \u00c4nderung der Eigentumsverh\u00e4ltnisse oder der Kontrolle \u00fcber Ihre pers\u00f6nlichen Daten informiert.<\/li>\n<li><strong>Offenlegung gegen\u00fcber unbeteiligten Dritten.<\/strong>Wir k\u00f6nnen Ihre pers\u00f6nlichen Daten offenlegen, um einen Notfall zu verhindern, um Schaden von anderen abzuwenden, um auf gesetzliche Anforderungen zu reagieren, um unsere Rechte und Richtlinien zu sch\u00fctzen oder durchzusetzen, um die Rechte einer dritten Partei zu sch\u00fctzen oder durchzusetzen, oder wie gesetzlich vorgeschrieben oder erlaubt (einschlie\u00dflich, ohne Einschr\u00e4nkung, um einer Vorladung oder einem Gerichtsbeschluss nachzukommen). Insbesondere wenn Sie ein Shop-Betreiber sind, k\u00f6nnen wir Ihre Daten an einen Dritten weitergeben, der behauptet, dass Sie dessen geistige Eigentumsrechte durch die \u00fcber Ihren Shop verkauften Produkte verletzt haben. Wenn Sie behaupten, dass ein Shop-Betreiber Ihre geistigen Eigentumsrechte verletzt, k\u00f6nnen wir Ihre Daten auch an diesen Shop-Betreiber weitergeben.<\/li>\n<li><strong>Offenlegung gegen\u00fcber Drittanbietern und Online-Partnern.<\/strong>Wir k\u00f6nnen Vertr\u00e4ge mit verschiedenen Dritten abschlie\u00dfen, die uns bei der Bereitstellung, Wartung und Verbesserung der Website und der3D CGI Studio Inc. Dienstleistungen. So nutzen wir beispielsweise einen Dritten, um Zahlungen an uns zu verarbeiten, und k\u00f6nnen Unterauftr\u00e4ge f\u00fcr die Produktion, Erf\u00fcllung, Analyse, Berichterstattung oder andere T\u00e4tigkeiten vergeben. Wir arbeiten auch mit verschiedenen Online-Partnern zusammen, die uns bei der Verwaltung, \u00dcberwachung und Optimierung unserer Website und der3D CGI Studio Inc. Dienste zu verwalten, zu \u00fcberwachen und zu optimieren und uns dabei zu helfen, die Effektivit\u00e4t unserer Werbung und Kommunikation zu messen und festzustellen, wie Besucher die Website nutzen. Wir werden wirtschaftlich angemessene Anstrengungen unternehmen, um zu verhindern, dass diese Dritten Ihre pers\u00f6nlichen Daten weitergeben, es sei denn, dies geschieht zum Zweck der Erbringung der betreffenden Dienstleistungen. Wir k\u00f6nnen nicht garantieren, dass diese Dritten Ihre pers\u00f6nlichen Daten nicht weitergeben. 3D CGI Studio Inc. gibt Ihre pers\u00f6nlichen Daten nicht an Dritte zu deren Werbezwecken weiter, vermietet sie nicht und handelt nicht mit ihnen.<\/li>\n<li><strong>Offenlegung gegen\u00fcber Ladenbesitzern.<\/strong>Wenn Sie ein Produkt in einem Shop kaufen, kann 3D CGI Studio Inc. Ihren Namen sowie die von Ihnen angegebenen Daten zu Stadt und Staat an den Shopbetreiber weitergeben. In der Vereinbarung mit dem Shopbetreiber verpflichtet sich 3D CGI Studio Inc. vertraglich dazu, diese Informationen nur f\u00fcr interne Zwecke zu verwenden oder weiterzugeben, und nur dann f\u00fcr die Vermarktung der Shops, wenn Sie sich f\u00fcr den Erhalt von Marketingmaterial direkt vom Shopbetreiber entschieden haben. Wir k\u00f6nnen nicht garantieren, dass alle Shop-Betreiber dieser Verpflichtung nachkommen werden.<\/li>\n<li><strong>Offenlegung von nicht-personenbezogenen Informationen.<\/strong>Wir werden nicht-personenbezogene Daten in zusammengefasster Form an potenzielle strategische Partner, Werbekunden, Investoren, Kunden und andere weitergeben. Sie k\u00f6nnen der Weitergabe dieser Informationen nicht widersprechen. Sie k\u00f6nnen jedoch nicht ohne weiteres verwendet werden, um Sie pers\u00f6nlich zu identifizieren.<\/li>\n<\/ul>\n<p><strong>Was ist mit Cookies und Web Beacons?<\/strong><\/p>\n<p>Ein Cookie ist eine kleine Datei, die auf der Festplatte Ihres Computers gespeichert wird. Die meisten Websites verwenden Cookies. Wir verwenden Cookies, um Ihre Nutzung der Website und der3D CGI Studio Inc. Dienste zu verfolgen, Ihnen eine pers\u00f6nlichere Benutzererfahrung zu bieten und Ihnen zu erm\u00f6glichen, sich anzumelden und die3D CGI Studio Inc. Dienste automatisch, wenn Sie die Website besuchen.<\/p>\n<p>Ein Web-Beacon ist eine oft transparente Grafik, die in der Regel nicht gr\u00f6\u00dfer als 1\u00d71 Pixel ist und auf einer Webseite oder in einer E-Mail platziert wird, um das Verhalten des Nutzers zu \u00fcberwachen, der die Website besucht oder die E-Mail erh\u00e4lt.<\/p>\n<p>Cookies und Web-Beacons, die von3D CGI Studio Inc. und unseren Online-Partnern verwendet werden, sind nicht mit pers\u00f6nlichen Daten verkn\u00fcpft. Einige unserer Shopbetreiber k\u00f6nnen Cookies oder Web Beacons auf unserer Website verwenden. Wir haben keinen Zugriff auf oder Kontrolle \u00fcber diese Cookies und Web Beacons. Diese Datenschutzrichtlinie gilt nur f\u00fcr die Verwendung von Cookies und Web Beacons durch 3D CGI Studio Inc. und unsere Online-Partner und nicht f\u00fcr die Verwendung von Cookies oder Web Beacons durch andere Dritte, Shopkeeper oder Werbetreibende.<\/p>\n<p><strong>Sch\u00fctzt 3DCGIStudio.com meine pers\u00f6nlichen Daten?<\/strong><\/p>\n<ul>\n<li><strong>Pers\u00f6nliche Informationen.<\/strong>Wann immer wir Ihre pers\u00f6nlichen Daten erhalten, unternehmen wir wirtschaftlich angemessene Anstrengungen, um sie vor unbefugtem Zugriff oder Offenlegung zu sch\u00fctzen. Wir sind jedoch keine Versicherer f\u00fcr die Sicherheit Ihrer pers\u00f6nlichen Daten. Dementsprechend \u00fcbernehmen wir keine Haftung f\u00fcr die Offenlegung von Daten aufgrund von \u00dcbertragungsfehlern, unbefugtem Zugriff durch Dritte oder anderen Handlungen Dritter oder Handlungen oder Unterlassungen, die au\u00dferhalb unserer Kontrolle liegen.<\/li>\n<li><strong>Inhalt der Website.<\/strong>Die Inhalte, die Sie auf oder \u00fcber die Website speichern, ver\u00f6ffentlichen oder \u00fcbermitteln, wie z. B. Nachrichtenbrett-Postings, Schaufenster-Seiten und Bilder auf Ihren Produkten, k\u00f6nnen von anderen Benutzern, einschlie\u00dflich Personen, die Sie nicht kennen, aufgerufen werden. Wir sind nicht verantwortlich f\u00fcr die Handlungen anderer. Daher sollten Sie bei der Kommunikation mit anderen Nutzern Vorsicht walten lassen und Ihre pers\u00f6nlichen Daten nur an andere Nutzer weitergeben, von denen Sie wissen, dass sie vertrauensw\u00fcrdig sind. Sie sollten nicht davon ausgehen, dass Ihre Inhalte vertraulich behandelt werden.<\/li>\n<\/ul>\n<p><strong>Wie kann ich meine pers\u00f6nlichen Daten \u00fcberpr\u00fcfen und \u00e4ndern?<\/strong><\/p>\n<p>Sie k\u00f6nnen eine Kopie Ihrer pers\u00f6nlichen Daten erhalten und uns auffordern, Fehler in Ihren pers\u00f6nlichen Daten zu korrigieren, indem Sie uns eine E-Mail schicken an <a href=\"mailto:pr*****@*********io.com\" data-original-string=\"oxf5eGL4DIJHiffVsPz6XA==ea602dY4wOh+Ba3kungY7JrAiiXWylJggohaczOatPCeXE=\" title=\"Dieser Kontakt wurde von Anti-Spam by CleanTalk verschl\u00fcsselt. Klicken Sie hier, um ihn zu entschl\u00fcsseln. Um die Entschl\u00fcsselung abzuschlie\u00dfen, stellen Sie sicher, dass JavaScript in Ihrem Browser aktiviert ist.\"><span \n                data-original-string='CCVela7hDY3fMeXwyVtRjA==ea6IlohGPUFA8tzP4\/FduHc1M\/DlFMqEOMdSHhkidfNoBA='\n                class='apbct-email-encoder'\n                title='Dieser Kontakt wurde von Anti-Spam by CleanTalk verschl\u00fcsselt. Klicken Sie hier, um ihn zu entschl\u00fcsseln. Um die Entschl\u00fcsselung abzuschlie\u00dfen, stellen Sie sicher, dass JavaScript in Ihrem Browser aktiviert ist.'>pr<span class=\"apbct-blur\">*****<\/span>@<span class=\"apbct-blur\">*********<\/span>io.com<\/span><\/a>. Zu Ihrem Schutz m\u00fcssen Sie einen Nachweis Ihrer Identit\u00e4t erbringen, um eine Kopie Ihrer pers\u00f6nlichen Daten zu erhalten. Wenn sich Ihre pers\u00f6nlichen Daten \u00e4ndern oder wenn Sie die3D CGI Studio Inc. Dienste nicht mehr nutzen m\u00f6chten, k\u00f6nnen Sie Ihre pers\u00f6nlichen Daten und\/oder Ihr Konto \u00fcber den Bildschirm zur Kontoverwaltung korrigieren, aktualisieren oder deaktivieren. Wenn Sie Ihr Konto deaktivieren oder k\u00fcndigen m\u00f6chten, k\u00f6nnen Sie uns auch hier kontaktieren.<\/p>\n<p><strong>Tell-A-Friend<\/strong><\/p>\n<p>Wenn Sie unseren Empfehlungsdienst nutzen m\u00f6chten, um einen Freund \u00fcber die Website oder die3D CGI Studio Inc. Services zu empfehlen, fragen wir Sie nach dem Namen und der E-Mail-Adresse Ihres Freundes. Wir senden Ihrem Freund automatisch eine einmalige E-Mail, in der wir ihn oder sie zum Besuch der Website einladen. Wir speichern diese Informationen ausschlie\u00dflich zum Zweck des Versands dieser einmaligen E-Mail und zur Verfolgung des Erfolgs unseres Empfehlungsprogramms.<\/p>\n<p><strong>Sicherheit<\/strong><\/p>\n<p>Die Sicherheit Ihrer pers\u00f6nlichen Daten ist f\u00fcr uns wichtig. Wenn Sie sensible Daten wie Kreditkartennummern und\/oder Sozialversicherungsnummern in unsere Registrierungs- oder Bestellformulare eingeben, verschl\u00fcsseln wir diese Daten mit der Secure Socket Layer-Technologie (SSL).<\/p>\n<p>Wir halten uns an allgemein anerkannte Industriestandards, um die uns \u00fcbermittelten pers\u00f6nlichen Daten zu sch\u00fctzen, sowohl w\u00e4hrend der \u00dcbertragung als auch nach dem Empfang. Allerdings ist keine Methode der \u00dcbertragung \u00fcber das Internet oder der elektronischen Speicherung 100% sicher. Obwohl wir uns bem\u00fchen, Ihre pers\u00f6nlichen Daten mit wirtschaftlich vertretbaren Mitteln zu sch\u00fctzen, k\u00f6nnen wir daher keine absolute Sicherheit garantieren.<\/p>\n<p><strong>Gilt diese Datenschutzrichtlinie auch f\u00fcr den Zugriff auf Websites von Dritten?<\/strong><\/p>\n<p>M\u00f6glicherweise k\u00f6nnen Sie direkt von der Website aus auf Websites Dritter zugreifen. Diese Datenschutzrichtlinie gilt nicht, wenn Sie auf Websites Dritter zugreifen. Wir k\u00f6nnen nicht kontrollieren, wie Dritte pers\u00f6nliche Daten verwenden, die Sie ihnen offenlegen. Daher sollten Sie die Datenschutzrichtlinien jeder von Ihnen besuchten Website Dritter sorgf\u00e4ltig pr\u00fcfen, bevor Sie diese nutzen oder Ihre pers\u00f6nlichen Daten an deren Anbieter weitergeben.<\/p>\n<p><strong>Was ist mit der Privatsph\u00e4re von Kindern?<\/strong><\/p>\n<ul>\n<li><strong>Unter Dreizehn.<\/strong>Die3D CGI Studio Inc. Die Dienste sind nur f\u00fcr Benutzer ab 13 Jahren gedacht. Dementsprechend werden wir nicht wissentlich pers\u00f6nliche Daten von Kindern sammeln oder verwenden, von denen wir wissen, dass sie unter 13 Jahre alt sind. Dar\u00fcber hinaus werden wir alle Informationen in unserer Datenbank l\u00f6schen, von denen wir wissen, dass sie von einem Kind unter 13 Jahren stammen.<\/li>\n<li><strong>Dreizehn bis siebzehn.<\/strong>Potenzielle Nutzer im Alter zwischen 13 und 17 Jahren d\u00fcrfen die3D CGI Studio Inc. Services nur unter der Aufsicht ihrer Eltern oder ihres gesetzlichen Vertreters nutzen. Wenn Sie zwischen 13 und 17 Jahre alt sind, k\u00f6nnen Sie, Ihre Eltern oder Ihr Erziehungsberechtigter verlangen, dass wir Ihre pers\u00f6nlichen Daten in unserer Datenbank deaktivieren und\/oder den Erhalt von Mitteilungen von uns ablehnen. Wenn Sie dies w\u00fcnschen, kontaktieren Sie uns bitte unter <span \n                data-original-string='j7c+BadjR\/0a4PeC9tG0Hg==ea66HXg9MFZdAYzxSa5gJ07fsxgGZt3wg5zuUf4db7A40I='\n                class='apbct-email-encoder'\n                title='Dieser Kontakt wurde von Anti-Spam by CleanTalk verschl\u00fcsselt. Klicken Sie hier, um ihn zu entschl\u00fcsseln. Um die Entschl\u00fcsselung abzuschlie\u00dfen, stellen Sie sicher, dass JavaScript in Ihrem Browser aktiviert ist.'>pr<span class=\"apbct-blur\">*****<\/span>@<span class=\"apbct-blur\">*********<\/span>io.com<\/span>.<\/li>\n<\/ul>\n<p><strong>Kann ich mich vom Erhalt von Mitteilungen von3D CGI Studio Inc. abmelden?<\/strong><\/p>\n<p>Wir bieten Ihnen die M\u00f6glichkeit, die Verwendung Ihrer pers\u00f6nlichen Daten f\u00fcr bestimmte Zwecke abzulehnen. Wenn Sie zum Beispiel ein Produkt oder eine Dienstleistung kaufen, aber kein zus\u00e4tzliches Marketingmaterial von uns erhalten m\u00f6chten, k\u00f6nnen Sie dies auf unserem Bestellformular angeben.<\/p>\n<p>Wenn Sie unsere Newsletter und Werbemitteilungen nicht mehr erhalten m\u00f6chten, k\u00f6nnen Sie diese abbestellen, indem Sie die in jedem Newsletter oder jeder Mitteilung enthaltenen Anweisungen befolgen oder uns eine E-Mail schicken an <a href=\"mailto:pr*****@*********io.com\" data-original-string=\"606yko1\/ClX+LPhWjhOSKQ==ea6EWirfsWTLgcuJwbU\/n9nrJCltqghxf5ssfe19X4W6IM=\" title=\"Dieser Kontakt wurde von Anti-Spam by CleanTalk verschl\u00fcsselt. Klicken Sie hier, um ihn zu entschl\u00fcsseln. Um die Entschl\u00fcsselung abzuschlie\u00dfen, stellen Sie sicher, dass JavaScript in Ihrem Browser aktiviert ist.\"><span \n                data-original-string='are+3S\/F99W03H9lPuEqwQ==ea6MLNDntpG848aJcuiAJ6kkhvuJaFuRp6aLxuJTXwFBpE='\n                class='apbct-email-encoder'\n                title='Dieser Kontakt wurde von Anti-Spam by CleanTalk verschl\u00fcsselt. Klicken Sie hier, um ihn zu entschl\u00fcsseln. Um die Entschl\u00fcsselung abzuschlie\u00dfen, stellen Sie sicher, dass JavaScript in Ihrem Browser aktiviert ist.'>pr<span class=\"apbct-blur\">*****<\/span>@<span class=\"apbct-blur\">*********<\/span>io.com<\/span><\/a>. Wir bieten Ihnen auch die M\u00f6glichkeit, bestimmte Mitteilungen \u00fcber den Bildschirm zur Kontoverwaltung abzulehnen. Wenn Sie Hilfe ben\u00f6tigen, k\u00f6nnen Sie uns kontaktieren unter <a href=\"mailto:pr*****@*********io.com\" data-original-string=\"KRPxPqgMb5dWI0D2tYg1hA==ea6K4BfrAi7kJzLtAuPG2Iq+9U2raIdmrKVUv07zn2KcQI=\" title=\"Dieser Kontakt wurde von Anti-Spam by CleanTalk verschl\u00fcsselt. Klicken Sie hier, um ihn zu entschl\u00fcsseln. Um die Entschl\u00fcsselung abzuschlie\u00dfen, stellen Sie sicher, dass JavaScript in Ihrem Browser aktiviert ist.\"><span \n                data-original-string='SnCGs0Qtw2GyObZXIFtUMg==ea6VmW8jCcNLgwYHX2JqB1YYFjA\/TF4OJzM+eL6oNj5qh4='\n                class='apbct-email-encoder'\n                title='Dieser Kontakt wurde von Anti-Spam by CleanTalk verschl\u00fcsselt. Klicken Sie hier, um ihn zu entschl\u00fcsseln. Um die Entschl\u00fcsselung abzuschlie\u00dfen, stellen Sie sicher, dass JavaScript in Ihrem Browser aktiviert ist.'>pr<span class=\"apbct-blur\">*****<\/span>@<span class=\"apbct-blur\">*********<\/span>io.com<\/span><\/a>.<\/p>\n<p>Wenn wir Ihre pers\u00f6nlichen Daten auf eine Art und Weise an Dritte weitergeben, die nicht in dieser Datenschutzrichtlinie dargelegt ist, werden Sie dar\u00fcber informiert, so dass Sie eine informierte Entscheidung \u00fcber die Weitergabe Ihrer pers\u00f6nlichen Daten an diese Dritten treffen k\u00f6nnen.<\/p>\t\t\t\t\t\t\t\t<\/div>\n\t\t\t\t<\/div>\n\t\t\t\t<\/div>\n\t\t\t\t\t<\/div>\n\t\t\t\t<\/div>\n\t\t\t\t<\/div>","protected":false},"excerpt":{"rendered":"<p>Privacy Policy Effective Date: November 20, 2021 3D CGI Studio Inc. values the users of our website (the \u201cWebsite\u201d). Your privacy and trust are very important to us. We recognize that you may be concerned about our collection, use, and disclosure of the personally identifiable information (\u201cPersonal Information\u201d) that we collect when you use the [&hellip;]<\/p>\n","protected":false},"author":1,"featured_media":0,"parent":0,"menu_order":0,"comment_status":"closed","ping_status":"closed","template":"","meta":{"footnotes":""},"class_list":["post-3","page","type-page","status-publish","hentry"],"_links":{"self":[{"href":"https:\/\/3dcgistudio.com\/de\/wp-json\/wp\/v2\/pages\/3","targetHints":{"allow":["GET"]}}],"collection":[{"href":"https:\/\/3dcgistudio.com\/de\/wp-json\/wp\/v2\/pages"}],"about":[{"href":"https:\/\/3dcgistudio.com\/de\/wp-json\/wp\/v2\/types\/page"}],"author":[{"embeddable":true,"href":"https:\/\/3dcgistudio.com\/de\/wp-json\/wp\/v2\/users\/1"}],"replies":[{"embeddable":true,"href":"https:\/\/3dcgistudio.com\/de\/wp-json\/wp\/v2\/comments?post=3"}],"version-history":[{"count":17,"href":"https:\/\/3dcgistudio.com\/de\/wp-json\/wp\/v2\/pages\/3\/revisions"}],"predecessor-version":[{"id":1748,"href":"https:\/\/3dcgistudio.com\/de\/wp-json\/wp\/v2\/pages\/3\/revisions\/1748"}],"wp:attachment":[{"href":"https:\/\/3dcgistudio.com\/de\/wp-json\/wp\/v2\/media?parent=3"}],"curies":[{"name":"wp","href":"https:\/\/api.w.org\/{rel}","templated":true}]}}