{"id":1767,"date":"2025-12-27T16:10:11","date_gmt":"2025-12-27T16:10:11","guid":{"rendered":"https:\/\/3dcgistudio.com\/?page_id=1767"},"modified":"2026-01-09T20:00:34","modified_gmt":"2026-01-09T20:00:34","slug":"impressum-rechtshinweis","status":"publish","type":"page","link":"https:\/\/3dcgistudio.com\/de\/imprint-legal-notice\/","title":{"rendered":"Impressum &amp; Rechtliche Hinweise"},"content":{"rendered":"<h2 class=\"wp-block-heading\">Impressum \/ Rechtliche Hinweise<\/h2>\n\n\n\n<p><strong>Website-Betreiber (gem\u00e4\u00df \u00a75 TMG \/ EU-Recht):<\/strong><\/p>\n\n\n\n<p><strong>3D CGI Studio S.L.<\/strong><br>Ctra. de Churra 55<br>30007 Murcia<br>Spanien<\/p>\n\n\n\n<p><strong>UMSATZSTEUER-ID (NIF):<\/strong> B25996109<\/p>\n\n\n\n<hr class=\"wp-block-separator has-alpha-channel-opacity\"\/>\n\n\n\n<h3 class=\"wp-block-heading\">Kontakt<\/h3>\n\n\n\n<p><strong>E-Mail:<\/strong> <a><span \n                data-original-string='bAcjkyidJIrApIxkZKqpxA==ea6QUjPB0bJVk58aKrEFbAMjJD8tchD+hMRmmeQO1bEAZM='\n                class='apbct-email-encoder'\n                title='Dieser Kontakt wurde von Anti-Spam by CleanTalk verschl\u00fcsselt. Klicken Sie hier, um ihn zu entschl\u00fcsseln. Um die Entschl\u00fcsselung abzuschlie\u00dfen, stellen Sie sicher, dass JavaScript in Ihrem Browser aktiviert ist.'>in<span class=\"apbct-blur\">**<\/span>@<span class=\"apbct-blur\">*********<\/span>io.com<\/span><\/a><br><strong>Kontakt-Formular:<\/strong> <a href=\"https:\/\/3dcgistudio.com\/de\/kontaktieren-sie-uns\/\">https:\/\/3dcgistudio.com\/contact-us\/<\/a><\/p>\n\n\n\n<hr class=\"wp-block-separator has-alpha-channel-opacity\"\/>\n\n\n\n<h3 class=\"wp-block-heading\">Verantwortlich f\u00fcr den Inhalt<\/h3>\n\n\n\n<p>Nach \u00a7 55 Abs. 2 RStV \/ Art. 13 GDPR:<br><strong>Uwe Kreuzahler<\/strong><br>Adresse wie oben angegeben<\/p>\n\n\n\n<hr class=\"wp-block-separator has-alpha-channel-opacity\"\/>\n\n\n\n<h3 class=\"wp-block-heading\">Streitbeilegung (EU)<\/h3>\n\n\n\n<p>Die Europ\u00e4ische Kommission stellt eine Plattform f\u00fcr die Online-Streitbeilegung (ODR) zur Verf\u00fcgung:<br><a>https:\/\/ec.europa.eu\/consumers\/odr<\/a><\/p>\n\n\n\n<p>Wir sind <strong>bereit und verpflichtet<\/strong> zur Teilnahme an einem Streitbeilegungsverfahren vor einer Verbraucherschlichtungsstelle.<\/p>\n\n\n\n<hr class=\"wp-block-separator has-alpha-channel-opacity\"\/>\n\n\n\n<h3 class=\"wp-block-heading\">Haftung f\u00fcr Inhalte<\/h3>\n\n\n\n<p>Als Diensteanbieter sind wir f\u00fcr eigene Inhalte auf diesen Seiten nach den allgemeinen Gesetzen verantwortlich. Wir sind jedoch nicht verpflichtet, \u00fcbermittelte oder gespeicherte fremde Informationen zu \u00fcberwachen oder nach Umst\u00e4nden zu forschen, die auf eine rechtswidrige T\u00e4tigkeit hinweisen. Verpflichtungen zur Entfernung oder Sperrung der Nutzung von Informationen nach den allgemeinen Gesetzen bleiben hiervon unber\u00fchrt.<\/p>\n\n\n\n<hr class=\"wp-block-separator has-alpha-channel-opacity\"\/>\n\n\n\n<h3 class=\"wp-block-heading\">Haftung f\u00fcr Links<\/h3>\n\n\n\n<p>Unsere Website enth\u00e4lt Links zu externen Webseiten Dritter. Auf die Inhalte dieser Webseiten haben wir keinen Einfluss, daher k\u00f6nnen wir f\u00fcr diese fremden Inhalte auch keine Gew\u00e4hr \u00fcbernehmen. F\u00fcr die Inhalte der verlinkten Seiten ist stets der jeweilige Anbieter oder Betreiber der Seiten verantwortlich.<\/p>\n\n\n\n<hr class=\"wp-block-separator has-alpha-channel-opacity\"\/>\n\n\n\n<h3 class=\"wp-block-heading\">Urheberrecht<\/h3>\n\n\n\n<p>Die durch den Websitebetreiber erstellten Inhalte und Werke auf diesen Seiten unterliegen dem Urheberrecht. Die Vervielf\u00e4ltigung, Bearbeitung, Verbreitung und jede Art der Verwertung au\u00dferhalb der Grenzen des Urheberrechtes bed\u00fcrfen der vorherigen schriftlichen Zustimmung des jeweiligen Autors bzw. Erstellers.<\/p>","protected":false},"excerpt":{"rendered":"<p>Imprint \/ Legal Notice Website operator (according to \u00a75 TMG \/ EU law): 3D CGI Studio S.L.Ctra. de Churra 5530007 MurciaSpain VAT ID (NIF): B25996109 Contact Email: in**@*********io.comContact form: https:\/\/3dcgistudio.com\/contact-us\/ Responsible for content According to \u00a7 55 Abs. 2 RStV \/ Art. 13 GDPR:Uwe KreuzahlerAddress as stated above Dispute Resolution (EU) The European Commission provides [&hellip;]<\/p>\n","protected":false},"author":1,"featured_media":0,"parent":0,"menu_order":0,"comment_status":"closed","ping_status":"closed","template":"","meta":{"footnotes":""},"class_list":["post-1767","page","type-page","status-publish","hentry"],"_links":{"self":[{"href":"https:\/\/3dcgistudio.com\/de\/wp-json\/wp\/v2\/pages\/1767","targetHints":{"allow":["GET"]}}],"collection":[{"href":"https:\/\/3dcgistudio.com\/de\/wp-json\/wp\/v2\/pages"}],"about":[{"href":"https:\/\/3dcgistudio.com\/de\/wp-json\/wp\/v2\/types\/page"}],"author":[{"embeddable":true,"href":"https:\/\/3dcgistudio.com\/de\/wp-json\/wp\/v2\/users\/1"}],"replies":[{"embeddable":true,"href":"https:\/\/3dcgistudio.com\/de\/wp-json\/wp\/v2\/comments?post=1767"}],"version-history":[{"count":6,"href":"https:\/\/3dcgistudio.com\/de\/wp-json\/wp\/v2\/pages\/1767\/revisions"}],"predecessor-version":[{"id":1836,"href":"https:\/\/3dcgistudio.com\/de\/wp-json\/wp\/v2\/pages\/1767\/revisions\/1836"}],"wp:attachment":[{"href":"https:\/\/3dcgistudio.com\/de\/wp-json\/wp\/v2\/media?parent=1767"}],"curies":[{"name":"wp","href":"https:\/\/api.w.org\/{rel}","templated":true}]}}