{"id":1317,"date":"2025-05-16T13:21:58","date_gmt":"2025-05-16T13:21:58","guid":{"rendered":"https:\/\/3dcgistudio.com\/?page_id=1317"},"modified":"2025-05-22T12:17:02","modified_gmt":"2025-05-22T12:17:02","slug":"servicebedingungen","status":"publish","type":"page","link":"https:\/\/3dcgistudio.com\/de\/terms-of-service\/","title":{"rendered":"Bedingungen der Dienstleistung"},"content":{"rendered":"<div data-elementor-type=\"wp-page\" data-elementor-id=\"1317\" class=\"elementor elementor-1317\" data-elementor-post-type=\"page\">\n\t\t\t\t<div class=\"elementor-element elementor-element-6a13cda5 e-flex e-con-boxed e-con e-parent\" data-id=\"6a13cda5\" data-element_type=\"container\" data-e-type=\"container\" data-settings=\"{&quot;background_background&quot;:&quot;classic&quot;}\">\n\t\t\t\t\t<div class=\"e-con-inner\">\n\t\t<div class=\"elementor-element elementor-element-42e6ebdf e-con-full e-flex e-con e-child\" data-id=\"42e6ebdf\" data-element_type=\"container\" data-e-type=\"container\">\n\t\t\t\t<div class=\"elementor-element elementor-element-76704d2 elementor-widget elementor-widget-text-editor\" data-id=\"76704d2\" data-element_type=\"widget\" data-e-type=\"widget\" data-widget_type=\"text-editor.default\">\n\t\t\t\t<div class=\"elementor-widget-container\">\n\t\t\t\t\t\t\t\t\t<p><strong style=\"letter-spacing: 0px;\">Datum des Inkrafttretens: November 20, 2021<\/strong><\/p>\n<p>Durch den Zugriff auf oder die Nutzung von Funktionen dieser Website (\u201cdie Website\u201d) gehen Sie als Nutzer dieser Website die folgende Vereinbarung mit 3D CGI Studio (\u201c3DCGI\u201d, \u201cwir\u201d oder \u201cuns\u201d, \u201cuns\u201d) ein.<\/p>\n<p>Wir bieten diese Website, einschlie\u00dflich aller Informationen, Software, Produkte und Dienstleistungen, die auf dieser Website verf\u00fcgbar sind oder als Teil oder in Verbindung mit dieser Website bereitgestellt werden (die \u201cWebsite\u201d), Ihnen, dem Nutzer, unter der Bedingung an, dass Sie alle hier genannten Bedingungen, Konditionen, Richtlinien und Hinweise akzeptieren. Durch die fortgesetzte Nutzung der Website erkl\u00e4ren Sie sich mit all diesen Bedingungen und Hinweisen einverstanden.<\/p>\n<p>Als Bedingung f\u00fcr die fortgesetzte Nutzung der Website garantieren Sie, dass Sie die Website nicht f\u00fcr ungesetzliche oder durch diese Nutzungsbedingungen verbotene Zwecke nutzen werden.<\/p>\n<ul>\n<li><strong>Keine Garantien<\/strong>: DIE NUTZUNG DER WEBSITE ERFOLGT AUF EIGENE GEFAHR. DIESE WEBSITE WIRD IHNEN \u201cWIE BESEHEN\u201d ZUR VERF\u00dcGUNG GESTELLT, OHNE JEGLICHE GARANTIE, WEDER AUSDR\u00dcCKLICH NOCH STILLSCHWEIGEND, EINSCHLIESSLICH, ABER NICHT BESCHR\u00c4NKT AUF GARANTIEN DER MARKTG\u00c4NGIGKEIT, DER EIGNUNG F\u00dcR EINEN BESTIMMTEN ZWECK, DES EIGENTUMSRECHTS ODER DER NICHTVERLETZUNG VON RECHTEN. Weder wir noch unsere Mitarbeiter, Vertreter, Drittinformationsanbieter, H\u00e4ndler, Lizenzgeber oder dergleichen garantieren, dass die Website oder ihr Betrieb genau, zuverl\u00e4ssig, ununterbrochen oder fehlerfrei ist. Kein Vertreter oder Beauftragter hat die Befugnis, in unserem Namen eine Garantie f\u00fcr die Website zu \u00fcbernehmen.<\/li>\n<li><strong>Ausschluss der Haftung<\/strong>&nbsp;UNTER KEINEN UMST\u00c4NDEN, EINSCHLIESSLICH FAHRL\u00c4SSIGKEIT, HAFTEN WIR ODER ANDERE, DIE AN DER ERSTELLUNG, PRODUKTION, SPEICHERUNG ODER VERBREITUNG DER WEBSITE BETEILIGT SIND, F\u00dcR DIREKTE, INDIREKTE, ZUF\u00c4LLIGE, BESONDERE ODER FOLGESCH\u00c4DEN, DIE SICH AUS DER NUTZUNG DER WEBSITE, DER VERZ\u00d6GERUNG ODER UNM\u00d6GLICHKEIT DER NUTZUNG DER WEBSITE ODER F\u00dcR INFORMATIONEN, SOFTWARE, PRODUKTE ODER DIENSTLEISTUNGEN, DIE \u00dcBER DIE WEBSITE BEZOGEN WURDEN, ERGEBEN, UNABH\u00c4NGIG DAVON, OB SOLCHE SCH\u00c4DEN AUF VERTRAG, UNERLAUBTER HANDLUNG, VERSCHULDENSUNABH\u00c4NGIGER HAFTUNG ODER ANDERWEITIG BERUHEN, SELBST WENN AUF DIE M\u00d6GLICHKEIT SOLCHER SCH\u00c4DEN HINGEWIESEN WURDE.<\/li>\n<li><strong>Erstattungspolitik<\/strong>&nbsp;: Wenn Sie innerhalb von 120 Tagen nach dem Kaufdatum nicht mit Ihrem Kauf 100% zufrieden sind, erstatten wir Ihnen die Kosten f\u00fcr Ihre Bestellung vollst\u00e4ndig zur\u00fcck.<\/li>\n<li><strong>Ausgew\u00e4hlte Links und Verlinkung<\/strong>. Die Website kann Hyperlinks zu Websites enthalten, die von anderen Parteien als uns selbst angeboten werden. Solche Hyperlinks werden nur zu Ihrer Information zur Verf\u00fcgung gestellt. Wir haben keine Kontrolle \u00fcber diese anderen Websites und sind nicht f\u00fcr deren Inhalt verantwortlich. Die Aufnahme von Hyperlinks zu solchen Websites impliziert auch keine Billigung des Materials auf diesen Websites oder eine Verbindung mit deren Betreibern.<\/li>\n<\/ul>\n<p>Sofern Sie nicht sp\u00e4ter von uns anderweitig informiert werden, sind Sie hiermit berechtigt, Hyperlinks zu den Inhalten der Website zu erstellen, vorausgesetzt, der Hyperlink beschreibt den Inhalt genau so, wie er auf der Website erscheint. Wir behalten uns das Recht vor, diese Lizenz im Allgemeinen oder Ihr Recht, bestimmte Links zu verwenden, jederzeit zu widerrufen, und k\u00f6nnen in der Regel jeden Hyperlink nach 30 Tagen aufl\u00f6sen. Unter keinen Umst\u00e4nden d\u00fcrfen Sie die Website oder einen ihrer Inhalte \u201ceinrahmen\u201d oder Teile der Website auf einen Server kopieren. Jede Seite innerhalb der Website muss vollst\u00e4ndig angezeigt werden (einschlie\u00dflich aller Marken, Markenzeichen, Werbe- und Verkaufsf\u00f6rderungsmaterialien), ohne begleitende Rahmen, Umrandungen, R\u00e4nder, Designs, Markenzeichen, Markenzeichen, Werbe- oder Verkaufsf\u00f6rderungsmaterialien, die nicht urspr\u00fcnglich auf der Seite angezeigt werden.<\/p>\n<ul>\n<li><strong>Urheberrecht<\/strong>. Mit Ausnahme von Material, das nach costaricanischem Urheberrecht gemeinfrei ist, ist das gesamte Material auf der Website (einschlie\u00dflich aller Software, HTML-Codes, Java-Applets, Active X-Steuerelemente und anderer Codes) durch costaricanische und ausl\u00e4ndische Urheberrechtsgesetze gesch\u00fctzt. Sofern in diesen Bedingungen nicht ausdr\u00fccklich etwas anderes vorgesehen ist, d\u00fcrfen Sie das auf der Website enthaltene Material ohne vorherige Zustimmung des Urheberrechtsinhabers nicht kopieren, verteilen, \u00fcbertragen, ausstellen, vorf\u00fchren, vervielf\u00e4ltigen, ver\u00f6ffentlichen, lizenzieren, modifizieren, umschreiben, davon abgeleitete Werke erstellen, \u00fcbertragen oder verkaufen.<\/li>\n<\/ul>\n<p>Sie d\u00fcrfen einzelne Kopien der auf der Website angezeigten Materialien, jedoch nicht der Quellcodes, ausschlie\u00dflich f\u00fcr Ihren pers\u00f6nlichen und nichtkommerziellen Gebrauch anfertigen, vorausgesetzt, alle Kopien enthalten die Urheberrechts- und sonstigen Hinweise, die zusammen mit den Materialien auf der Website angezeigt werden. Sie d\u00fcrfen solche Kopien ohne vorherige schriftliche Genehmigung durch uns oder den Urheberrechtsinhaber des kopierten Materials nicht an andere weitergeben, unabh\u00e4ngig davon, ob dies gegen eine Geb\u00fchr oder eine andere Gegenleistung erfolgt. Anfragen zur Vervielf\u00e4ltigung von Materialien auf der Website f\u00fcr den Vertrieb oder andere Zwecke sind zu richten an: <span \n                data-original-string='le+MTLwRhwDkVayQ40bCZQ==ea6DdOTk6J2i1j0bpa30RZXPeWzLWcsdnkZ\/0YeuUHhGsE='\n                class='apbct-email-encoder'\n                title='Dieser Kontakt wurde von Anti-Spam by CleanTalk verschl\u00fcsselt. Klicken Sie hier, um ihn zu entschl\u00fcsseln. Um die Entschl\u00fcsselung abzuschlie\u00dfen, stellen Sie sicher, dass JavaScript in Ihrem Browser aktiviert ist.'>ad<span class=\"apbct-blur\">***<\/span>@<span class=\"apbct-blur\">*********<\/span>io.com<\/span><\/p>\n<ul>\n<li><strong>Quellcode<\/strong>: Sie erkl\u00e4ren sich damit einverstanden, den Quellcode der Website nicht einzusehen und keinen Code zu disassemblieren.<\/li>\n<li><strong>Verwendung unseres Namens auf Ihrer Website<\/strong>&nbsp;Dazu geh\u00f6rt unter anderem die Verwendung des Namens unserer Website, des Firmennamens oder des Logos in den Meta-Tags, dem Inhalt oder dem Quellcode Ihrer eigenen Website, um die Nutzer auf der Grundlage unseres Rufs und Namens zu verwirren oder auf Ihre Website umzuleiten, oder um Ihre Website in Suchmaschinen anzuzeigen, wenn Nutzer nach unserer Website oder unserem Unternehmen suchen.<\/li>\n<\/ul>\n<p>Sie erkl\u00e4ren sich damit einverstanden, dass wir verlangen k\u00f6nnen, dass Ihre Website unverz\u00fcglich und ohne Vorank\u00fcndigung aus allen Verzeichnissen oder Suchmaschinen entfernt wird, wenn Sie den Namen, den Firmennamen oder das Logo unserer Website ohne unsere schriftliche Genehmigung auf Ihrer Website verwendet haben.<\/p>\n<ul>\n<li><strong>B\u00f6swilligkeit und Schadensersatz f\u00fcr unser Gesch\u00e4ft<\/strong>&nbsp;Wenn Sie einen Teil unserer Website in b\u00f6swilliger Absicht betrachten oder abrufen, oder wenn Sie beabsichtigen, einen Code oder Inhalt zu verwenden, um unser Unternehmen in irgendeiner Weise gegen\u00fcber Dritten zu kritisieren, oder um den Gesch\u00e4ftsbetrieb zu behindern, zu sch\u00e4digen oder zu versuchen, ihn in seinem typischen Tagesgesch\u00e4ft zu stoppen, erkl\u00e4ren Sie sich damit einverstanden, dass Sie uns f\u00fcr alle Einnahmen, die uns durch eine solche Aktion entgangen sind, vollst\u00e4ndig entsch\u00e4digen und die gesetzlich zul\u00e4ssigen H\u00f6chstzinsen zahlen. Sie erkl\u00e4ren sich ferner bereit, alle Rechts- und Ermittlungskosten zu tragen, die sich aus den ergriffenen Ma\u00dfnahmen ergeben.<\/li>\n<\/ul>\n<p>Indem Sie diese Website besuchen, erkl\u00e4ren Sie sich damit einverstanden, dass wir Ihre volle Erlaubnis haben, Ihre Daten von jeder anderen Partei abzurufen, ohne dass daf\u00fcr irgendwelche rechtlichen Dokumente oder Formalit\u00e4ten erforderlich sind, und dass, falls der Verdacht besteht, dass Sie unserem Unternehmen Schaden zuf\u00fcgen wollen, alle von einer dritten Partei zum Schutz Ihrer Identit\u00e4t oder Ihrer Privatsph\u00e4re angewandten Bestimmungen und Bedingungen sofort null und nichtig werden.<\/p>\n<ul>\n<li><strong>\u00d6ffentlicher Aushangbereich<\/strong>&nbsp;Sie erkl\u00e4ren sich damit einverstanden, die Website nicht zu nutzen, um beleidigendes, verleumderisches, diffamierendes, missbr\u00e4uchliches, obsz\u00f6nes, gottesl\u00e4sterliches, sexuell eindeutiges, bedrohliches, sch\u00e4dliches oder illegales Material zu versenden oder zu ver\u00f6ffentlichen, Material, das unverhohlene \u00c4u\u00dferungen von Fanatismus, Rassismus oder Hass enth\u00e4lt, Material, das zu einem Verhalten anregt, das eine Straftat darstellt, eine zivilrechtliche Haftung nach sich zieht oder gegen ein lokales, staatliches, nationales oder internationales Gesetz verst\u00f6\u00dft, oder sonstiges Material jeglicher Art, das wir f\u00fcr anst\u00f6\u00dfig halten.<\/li>\n<\/ul>\n<p>Die \u00f6ffentlichen Posting-Bereiche sind nur f\u00fcr Diskussionen und Debatten gedacht. Sie d\u00fcrfen die \u00f6ffentlichen Bereiche nicht f\u00fcr die Ver\u00f6ffentlichung oder \u00dcbertragung von Werbung oder kommerziellen Angeboten nutzen. Sie d\u00fcrfen keine Materialien jeglicher Art, einschlie\u00dflich Text, Audio, Software, Animationen oder Fotos, die einer anderen Person oder Partei als Ihnen selbst geh\u00f6ren, ohne die vorherige schriftliche Zustimmung des Eigent\u00fcmers ver\u00f6ffentlichen oder \u00fcbertragen. Nur weil Material online verf\u00fcgbar ist, bedeutet das nicht, dass es \u00f6ffentlich zug\u00e4nglich ist. Die \u00fcberwiegende Mehrheit der Materialien im Internet ist durch Urheberrechts- und Markengesetze gesch\u00fctzt. Wir haben das Recht, aber nicht die Pflicht, die Postingbereiche der Website zu \u00fcberwachen, um die Einhaltung dieser Bedingungen und sonstiger Betriebsvorschriften zu \u00fcberpr\u00fcfen.<br>Wir k\u00f6nnen sie von Zeit zu Zeit einrichten.<\/p>\n<p>Indem Sie Nachrichten oder anderes Material in den \u00f6ffentlichen Posting-Bereichen der Website ver\u00f6ffentlichen, gew\u00e4hren Sie uns und unseren Lizenznehmern ein weltweites, geb\u00fchrenfreies, unbefristetes, nicht-exklusives und unwiderrufliches Recht und eine Lizenz zur Nutzung, Reproduktion, \u00c4nderung, Anpassung, Ver\u00f6ffentlichung, \u00dcbersetzung, Erstellung abgeleiteter Werke, Verbreitung, Auff\u00fchrung und Anzeige aller von Ihnen ver\u00f6ffentlichten Beitr\u00e4ge (ganz oder teilweise) und\/oder zur Einbindung in andere Werke in jeglicher Form, in jeglichen Medien oder Technologien, die jetzt bekannt sind oder in Zukunft entwickelt werden.<\/p>\n<ul>\n<li><strong>Beendigung der Privilegien<\/strong>&nbsp;Wir behalten uns das Recht vor, Ihr Privileg zur Nutzung der gesamten oder eines Teils der Website zu beenden, wenn Sie gegen diese Nutzungsbedingungen versto\u00dfen. Angenommen, wir erhalten eine Benachrichtigung oder stellen auf andere Weise fest, dass Sie Material ver\u00f6ffentlicht haben, das die Urheberrechte einer anderen Partei verletzt oder die Rechte einer anderen Partei auf Privatsph\u00e4re oder \u00d6ffentlichkeit verletzt. In diesem Fall sind wir berechtigt, Ihren Zugang zur Website zu sperren, einschlie\u00dflich aller Ihrer Privilegien oder Konten, die Sie in Verbindung mit der Website eingerichtet haben.<\/li>\n<\/ul>\n<p>3DCGI beh\u00e4lt sich das Recht vor, den Zugang zum Projekt jederzeit mit oder ohne Vorank\u00fcndigung zu stornieren, auszusetzen oder anderweitig zu beschr\u00e4nken.<\/p>\n<p>Jeglicher Missbrauch unserer Mitarbeiter in jeglichem Medium oder Format wird zur Aussetzung oder Beendigung Ihres Projekts f\u00fchren.<\/p>\n<ul>\n<li><strong>Versto\u00df gegen das Urheberrecht<\/strong>&nbsp;Wir \u00fcberwachen das von den Benutzern eingereichte Material nicht auf Urheberrechtsverletzungen. Angenommen, Sie sind der Meinung, dass ein Material auf der Website Ihr Urheberrecht verletzt. In diesem Fall k\u00f6nnen Sie versuchen, das Material zu entfernen, indem Sie uns eine Mitteilung schicken, die alle folgenden Informationen enth\u00e4lt:<\/li>\n<\/ul>\n<p>Ihr vollst\u00e4ndiger Name, Ihre Adresse und Ihre Telefonnummer<br>Ihre E-Mail Adresse<br>Identifizierung der urheberrechtlich gesch\u00fctzten Werke, die Ihrer Meinung nach verletzt werden<br>Identifizierung des rechtsverletzenden Materials und ausreichende Informationen, damit wir das Material lokalisieren k\u00f6nnen<br>Ihre Erkl\u00e4rung, dass Sie in gutem Glauben davon ausgehen, dass (a) das Material Ihre Urheberrechte verletzt, (b) die in der Mitteilung gemachten Angaben richtig sind und (c) Sie unter Androhung von Strafe an Eides statt befugt sind, im Namen des Urheberrechtsinhabers zu handeln<br>Ihre physische oder elektronische Unterschrift<br>Diese Mitteilung ist zu richten an <span \n                data-original-string='CyMA0KL0opD08ULOhNemGQ==ea6Gz+XgrVvNmUvTAsEMrQLdlqKtvFRo42NLiRKixW4G\/U='\n                class='apbct-email-encoder'\n                title='Dieser Kontakt wurde von Anti-Spam by CleanTalk verschl\u00fcsselt. Klicken Sie hier, um ihn zu entschl\u00fcsseln. Um die Entschl\u00fcsselung abzuschlie\u00dfen, stellen Sie sicher, dass JavaScript in Ihrem Browser aktiviert ist.'>ad<span class=\"apbct-blur\">***<\/span>@<span class=\"apbct-blur\">*********<\/span>io.com<\/span><\/p>\n<p>Nach Erhalt einer Benachrichtigung, die die oben genannten Anforderungen erf\u00fcllt, werden wir handeln, um verletzendes Material zu entfernen, und gegebenenfalls eine Benachrichtigung an den Nutzer senden, der dieses Material auf der Website ver\u00f6ffentlicht hat.<\/p>\n<p>Angenommen, wir entfernen das von Ihnen als Nutzer eingestellte Material aufgrund einer angeblichen Urheberrechtsverletzung. In diesem Fall k\u00f6nnen Sie die Wiedereinsetzung des Materials beantragen, indem Sie unseren Beauftragten schriftlich benachrichtigen und die folgenden Informationen beif\u00fcgen:<\/p>\n<ul>\n<li>Ihren vollst\u00e4ndigen Namen, Ihre Anschrift und Ihre Telefonnummer<\/li>\n<li>Ihre E-Mail Adresse<\/li>\n<li>Identifizierung des Materials, das entfernt wurde oder zu dem der Zugang gesperrt wurde, einschlie\u00dflich des Ortes, an dem es sich befand, bevor es entfernt oder gesperrt wurde<\/li>\n<li>Ihre eidesstattliche Erkl\u00e4rung, dass Sie in gutem Glauben davon ausgehen, dass das Material aufgrund eines Fehlers oder einer falschen Identifizierung des Materials entfernt oder deaktiviert wurde<\/li>\n<li>Ihre physische oder elektronische Unterschrift<\/li>\n<\/ul>\n<p>Nach Erhalt einer Meldung, die die oben genannten Anforderungen erf\u00fcllt, senden wir eine Kopie der Meldung an den Urheberrechtsinhaber, der die Urheberrechtsverletzung urspr\u00fcnglich geltend gemacht hat. Innerhalb von 10 bis 14 Tagen nach Erhalt der Benachrichtigung werden wir das entfernte Material ersetzen oder den Zugriff darauf erm\u00f6glichen, es sei denn, wir erhalten eine Benachrichtigung von dem Urheberrechtsinhaber, der die erste Benachrichtigung eingereicht hat, dass er eine Klage eingereicht hat, um eine gerichtliche Verf\u00fcgung zu erwirken, die den Nutzer, der das Material ver\u00f6ffentlicht hat, von der Aus\u00fcbung der verletzenden T\u00e4tigkeit abh\u00e4lt. Bitte beachten Sie, dass Parteien, die f\u00e4lschlicherweise behaupten, dass das Material gegen das Urheberrecht verst\u00f6\u00dft oder aufgrund eines Irrtums oder einer falschen Identifizierung entfernt wurde, uns und\/oder dem Inhaber des Urheberrechts oder dem Nutzer der Website gegen\u00fcber in erheblichem Ma\u00dfe zivilrechtlich haftbar gemacht werden k\u00f6nnen.<\/p>\n<ul>\n<li><strong>Allgemein<\/strong>: Diese Allgemeinen Gesch\u00e4ftsbedingungen stellen die gesamte Vereinbarung und \u00dcbereinkunft zwischen Ihnen und uns bez\u00fcglich der Nutzung der Website dar und ersetzen alle vorherigen oder gleichzeitigen Mitteilungen und\/oder Vorschl\u00e4ge. Wir behalten uns das Recht vor, \u00c4nderungen an diesen Allgemeinen Gesch\u00e4ftsbedingungen vorzunehmen, indem wir die ge\u00e4nderten Bedingungen an dieser Stelle ver\u00f6ffentlichen. Durch die weitere Nutzung der Website erkl\u00e4ren Sie sich mit allen von uns vorgenommenen \u00c4nderungen einverstanden. Eine gedruckte Version dieser Allgemeinen Gesch\u00e4ftsbedingungen ist in Gerichts- oder Verwaltungsverfahren, die auf der Nutzung der Website beruhen oder sich auf diese beziehen, im gleichen Umfang und unter den gleichen Bedingungen zul\u00e4ssig wie andere Gesch\u00e4ftsdokumente und Aufzeichnungen, die urspr\u00fcnglich in gedruckter Form erstellt und aufbewahrt wurden. Die Website wird von 3DCGI von seinem B\u00fcro in der Provinz Alajuela, Costa Rica, aus kontrolliert und betrieben. 3DCGI gibt keine Zusicherung, dass die Materialien auf der Website f\u00fcr die Nutzung an anderen Orten geeignet oder verf\u00fcgbar sind. Diejenigen, die von anderen Orten aus auf die Website zugreifen, tun dies auf eigene Initiative und sind f\u00fcr die Einhaltung der lokalen Gesetze verantwortlich, sofern und soweit diese anwendbar sind. Die Website ist nicht dazu bestimmt, 3DCGI den Gesetzen oder der Gerichtsbarkeit von Wyoming, Vereinigte Staaten von Amerika, zu unterwerfen.<\/li>\n<\/ul>\t\t\t\t\t\t\t\t<\/div>\n\t\t\t\t<\/div>\n\t\t\t\t<\/div>\n\t\t\t\t\t<\/div>\n\t\t\t\t<\/div>\n\t\t\t\t<\/div>","protected":false},"excerpt":{"rendered":"<p>Effective Date: November 20, 2021 By accessing or using any functionality on this website (\u201cthe site\u201d), you, the user of this site, enter into the following agreement with 3D CGI Studio (\u201c3DCGI\u201d, \u201cwe\u201d or \u201cus\u201d, \u201courselves\u201d). We offer this website, including all information, software, products and services available from this website or provided as part [&hellip;]<\/p>\n","protected":false},"author":1,"featured_media":0,"parent":0,"menu_order":0,"comment_status":"closed","ping_status":"closed","template":"","meta":{"footnotes":""},"class_list":["post-1317","page","type-page","status-publish","hentry"],"_links":{"self":[{"href":"https:\/\/3dcgistudio.com\/de\/wp-json\/wp\/v2\/pages\/1317","targetHints":{"allow":["GET"]}}],"collection":[{"href":"https:\/\/3dcgistudio.com\/de\/wp-json\/wp\/v2\/pages"}],"about":[{"href":"https:\/\/3dcgistudio.com\/de\/wp-json\/wp\/v2\/types\/page"}],"author":[{"embeddable":true,"href":"https:\/\/3dcgistudio.com\/de\/wp-json\/wp\/v2\/users\/1"}],"replies":[{"embeddable":true,"href":"https:\/\/3dcgistudio.com\/de\/wp-json\/wp\/v2\/comments?post=1317"}],"version-history":[{"count":5,"href":"https:\/\/3dcgistudio.com\/de\/wp-json\/wp\/v2\/pages\/1317\/revisions"}],"predecessor-version":[{"id":1323,"href":"https:\/\/3dcgistudio.com\/de\/wp-json\/wp\/v2\/pages\/1317\/revisions\/1323"}],"wp:attachment":[{"href":"https:\/\/3dcgistudio.com\/de\/wp-json\/wp\/v2\/media?parent=1317"}],"curies":[{"name":"wp","href":"https:\/\/api.w.org\/{rel}","templated":true}]}}